{"id":3674,"date":"2024-10-21T12:59:17","date_gmt":"2024-10-21T10:59:17","guid":{"rendered":"https:\/\/ambvarsavia.esteri.it\/?page_id=3674"},"modified":"2025-04-10T15:32:02","modified_gmt":"2025-04-10T13:32:02","slug":"transkrypcja-aktu-urodzenia","status":"publish","type":"page","link":"https:\/\/ambvarsavia.esteri.it\/pl\/servizi-consolari-e-visti\/servizi-per-il-cittadino-italiano\/stato-civile\/transkrypcja-aktu-urodzenia\/","title":{"rendered":"Transkrypcja aktu urodzenia"},"content":{"rendered":"<p style=\"font-weight: 400;\"><strong>UWAGA: NOWE PRZEPISY DOTYCZ\u0104CE OBYWATELSTWA<\/strong><\/p>\n<p style=\"font-weight: 400;\">Dekret z moc\u0105 ustawy nr 36 z dnia 28.03.2025 r. wprowadzi\u0142 nowe ograniczenia w zakresie nabywania obywatelstwa w\u0142oskiego.<\/p>\n<p style=\"font-weight: 400;\">Od 28 marca 2025 r. z\u0142o\u017cenie wniosku o transkrypcj\u0119 we W\u0142oszech aktu urodzenia ma\u0142oletniego urodzonego za granic\u0105 jest mo\u017cliwe wy\u0142\u0105cznie w nast\u0119puj\u0105cych przypadkach:<\/p>\n<ol>\n<li style=\"font-weight: 400;\">Ma\u0142oletni jest <strong>dzieckiem obywatela w\u0142oskiego urodzonego we W\u0142oszech<\/strong>;<\/li>\n<li style=\"font-weight: 400;\">Ma\u0142oletni jest <strong>dzieckiem obywatela w\u0142oskiego urodzonego za granic\u0105, kt\u00f3ry\u00a0<\/strong><u>przed\u00a0<\/u>narodzinami dziecka<strong>\u00a0przebywa\u0142 nieprzerwanie we W\u0142oszech przez co najmniej dwa lata<\/strong>;<\/li>\n<li style=\"font-weight: 400;\">Ma\u0142oletni jest <strong>dzieckiem obywatela w\u0142oskiego urodzonego za granic\u0105<\/strong>, natomiast przynajmniej\u00a0<strong>jeden z dziadk\u00f3w jest obywatelem w\u0142oskim urodzonym we W\u0142oszech<\/strong>;<\/li>\n<li style=\"font-weight: 400;\">Ma\u0142oletni nie nale\u017cy do<strong>\u017cadnej z kategorii<\/strong>\u00a0wymienionych powy\u017cej, ale\u00a0<strong>nie posiada innego obywatelstwa<\/strong>.<\/li>\n<\/ol>\n<p style=\"font-weight: 400;\">Je\u015bli\u00a0<strong>\u017cadne<\/strong>\u00a0z rodzic\u00f3w nie jest obywatelem w\u0142oskim urodzonym we W\u0142oszech, nale\u017cy wykaza\u0107:<\/p>\n<p style=\"font-weight: 400;\">&#8211; w przypadku rodzica b\u0119d\u0105cego obywatelem w\u0142oskim urodzonym za granic\u0105:\u00a0<strong>zamieszkiwanie we W\u0142oszech przez co najmniej dwa kolejne lata<\/strong>\u00a0przed narodzinami dziecka, przedstawiaj\u0105c historyczne za\u015bwiadczenie o zameldowaniu wydane przez w\u0142a\u015bciw\u0105 gmin\u0119<\/p>\n<p style=\"font-weight: 400;\">lub<\/p>\n<p style=\"font-weight: 400;\">&#8211;\u00a0<strong>urodzenie we W\u0142oszech co najmniej jednego z w\u0142oskich dziadk\u00f3w<\/strong>: przedstawiaj\u0105c\u00a0<strong>historyczne za\u015bwiadczenie o stanie rodzinnym<\/strong>\u00a0wydane przez w\u0142a\u015bciw\u0105 gmin\u0119, chyba \u017ce dokumentacja taka znajduje si\u0119 ju\u017c w aktach Konsulatu.<\/p>\n<p>&nbsp;<\/p>\n<p><strong>DZIECKO URODZONE W MA\u0141\u017bE\u0143STWIE<\/strong><\/p>\n<p>Aby z\u0142o\u017cy\u0107 wniosek o transkrypcj\u0119 aktu urodzenia dziecka urodzonego w ma\u0142\u017ce\u0144stwie, nale\u017cy przed\u0142o\u017cy\u0107 w Kancelarii Konsularnej tutejszej Ambasady nast\u0119puj\u0105ce dokumenty:<\/p>\n<ul>\n<li>Odpis aktu urodzenia w formacie wieloj\u0119zycznym<\/li>\n<li>Kserokopie dokument\u00f3w to\u017csamo\u015bci obojga rodzic\u00f3w<\/li>\n<li>Wniosek o transkrypcj\u0119 aktu urodzenia dziecka ze wskazaniem w\u0142a\u015bciwego urz\u0119du gminy gminy we W\u0142oszech, podpisany przez oboje rodzic\u00f3w. Formularz mo\u017cna znale\u017a\u0107 w zak\u0142adce \u201e<a href=\"https:\/\/ambvarsavia.esteri.it\/it\/servizi-consolari-e-visti\/servizi-per-il-cittadino-italiano\/modulistica\/\">Modulistica<\/a>\u201d.<\/li>\n<\/ul>\n<p>Dokumentacj\u0119 w <strong>oryginale<\/strong> mo\u017cna dostarczy\u0107:<\/p>\n<ul>\n<li>Osobi\u015bcie, po wcze\u015bniejszej rezerwacji spotkania w sprawach sprawach stanu cywilnego poprzez stron\u0119 internetow\u0105: <a href=\"https:\/\/prenotami.esteri.it\/\">https:\/\/prenotami.esteri.it\/<\/a><\/li>\n<li>Poczt\u0105 tradycyjn\u0105 na adres Kancelarii Konsularnej: <a href=\"https:\/\/www.google.com\/maps\/place\/data=!4m2!3m1!1s0x471ecc8a851a4ccf:0x7cd58d48109ea5e3?sa=X&amp;ved=1t:8290&amp;ictx=111\">Plac Jana Henryka D\u0105browskiego 6, 00-055 Warszawa<\/a>.<\/li>\n<\/ul>\n<p><strong>\u00a0<\/strong><\/p>\n<p><strong>DZIECKO RODZIC\u00d3W NIEB\u0118D\u0104CYCH W ZWI\u0104ZKU MA\u0141\u017bE\u0143SKIM<\/strong><\/p>\n<p>Aby z\u0142o\u017cy\u0107 wniosek o transkrypcj\u0119 aktu urodzenia dziecka rodzic\u00f3w nieb\u0119d\u0105cych w zwi\u0105zku ma\u0142\u017ce\u0144skim, nale\u017cy przed\u0142o\u017cy\u0107 w Kancelarii Konsularnej tutejszej Ambasady nast\u0119puj\u0105ce dokumenty:<\/p>\n<ul>\n<li>Odpis aktu urodzenia w formacie wieloj\u0119zycznym<\/li>\n<li>Po\u015bwiadczon\u0105 przez w\u0142a\u015bciwy polski urz\u0105d stanu cywilnego kserokopi\u0119 protoko\u0142u uznania dziecka lub za\u015bwiadczenie o uznaniu wraz z t\u0142umaczeniem przysi\u0119g\u0142ym na j\u0119zyk w\u0142oski<\/li>\n<li>Kserokopie dokument\u00f3w to\u017csamo\u015bci obojga rodzic\u00f3w<\/li>\n<li>Wniosek o transkrypcj\u0119 aktu urodzenia dziecka ze wskazaniem w\u0142a\u015bciwego urz\u0119du gminy gminy we W\u0142oszech, podpisany przez oboje rodzic\u00f3w. Formularz mo\u017cna znale\u017a\u0107 w zak\u0142adce \u201e<a href=\"https:\/\/ambvarsavia.esteri.it\/it\/servizi-consolari-e-visti\/servizi-per-il-cittadino-italiano\/modulistica\/\">Modulistica<\/a>\u201d.<\/li>\n<\/ul>\n<p>Dokumentacj\u0119 w <strong>oryginale<\/strong> mo\u017cna dostarczy\u0107:<\/p>\n<ul>\n<li>Osobi\u015bcie, po wcze\u015bniejszej rezerwacji spotkania w sprawach sprawach stanu cywilnego poprzez stron\u0119 internetow\u0105: <a href=\"https:\/\/prenotami.esteri.it\/\">https:\/\/prenotami.esteri.it\/<\/a><\/li>\n<li>Poczt\u0105 tradycyjn\u0105 na adres Kancelarii Konsularnej: <a href=\"https:\/\/www.google.com\/maps\/place\/data=!4m2!3m1!1s0x471ecc8a851a4ccf:0x7cd58d48109ea5e3?sa=X&amp;ved=1t:8290&amp;ictx=111\">Plac Jana Henryka D\u0105browskiego 6, 00-055 Warszawa<\/a>.<\/li>\n<\/ul>\n<p>&nbsp;<\/p>\n<p class=\"p3\"><b>ZA\u0141\u0104CZNIKI<\/b><b><\/b><\/p>\n<p class=\"p1\">Wszystkie formularze wniosk\u00f3w znajduj\u0105 si\u0119 w sekcji \u201e<a href=\"https:\/\/ambvarsavia.esteri.it\/it\/servizi-consolari-e-visti\/servizi-per-il-cittadino-italiano\/modulistica\/\">Modulistica<\/a>\u201c.<\/p>\n","protected":false},"excerpt":{"rendered":"UWAGA: NOWE PRZEPISY DOTYCZ\u0104CE OBYWATELSTWA Dekret z moc\u0105 ustawy nr 36 z dnia 28.03.2025 r. wprowadzi\u0142 nowe ograniczenia w zakresie nabywania obywatelstwa w\u0142oskiego. Od 28 marca 2025 r. z\u0142o\u017cenie wniosku o transkrypcj\u0119 we W\u0142oszech aktu urodzenia ma\u0142oletniego urodzonego za granic\u0105 jest mo\u017cliwe wy\u0142\u0105cznie w nast\u0119puj\u0105cych przypadkach: Ma\u0142oletni jest dzieckiem obywatela w\u0142oskiego urodzonego we W\u0142oszech; Ma\u0142oletni [&hellip;]","protected":false},"author":11,"featured_media":0,"parent":160,"menu_order":0,"comment_status":"closed","ping_status":"closed","template":"","meta":{"footnotes":""},"class_list":["post-3674","page","type-page","status-publish","hentry"],"_links":{"self":[{"href":"https:\/\/ambvarsavia.esteri.it\/pl\/wp-json\/wp\/v2\/pages\/3674","targetHints":{"allow":["GET"]}}],"collection":[{"href":"https:\/\/ambvarsavia.esteri.it\/pl\/wp-json\/wp\/v2\/pages"}],"about":[{"href":"https:\/\/ambvarsavia.esteri.it\/pl\/wp-json\/wp\/v2\/types\/page"}],"author":[{"embeddable":true,"href":"https:\/\/ambvarsavia.esteri.it\/pl\/wp-json\/wp\/v2\/users\/11"}],"replies":[{"embeddable":true,"href":"https:\/\/ambvarsavia.esteri.it\/pl\/wp-json\/wp\/v2\/comments?post=3674"}],"version-history":[{"count":4,"href":"https:\/\/ambvarsavia.esteri.it\/pl\/wp-json\/wp\/v2\/pages\/3674\/revisions"}],"predecessor-version":[{"id":3683,"href":"https:\/\/ambvarsavia.esteri.it\/pl\/wp-json\/wp\/v2\/pages\/3674\/revisions\/3683"}],"up":[{"embeddable":true,"href":"https:\/\/ambvarsavia.esteri.it\/pl\/wp-json\/wp\/v2\/pages\/160"}],"wp:attachment":[{"href":"https:\/\/ambvarsavia.esteri.it\/pl\/wp-json\/wp\/v2\/media?parent=3674"}],"curies":[{"name":"wp","href":"https:\/\/api.w.org\/{rel}","templated":true}]}}