{"id":2945,"date":"2024-09-26T09:58:28","date_gmt":"2024-09-26T07:58:28","guid":{"rendered":"https:\/\/ambvarsavia.esteri.it\/?page_id=2945"},"modified":"2025-07-14T10:26:54","modified_gmt":"2025-07-14T08:26:54","slug":"deklaracja-wartosci-i-studia","status":"publish","type":"page","link":"https:\/\/ambvarsavia.esteri.it\/pl\/servizi-consolari-e-visti\/servizi-per-il-cittadino-straniero\/deklaracja-wartosci-i-studia\/","title":{"rendered":"Deklaracja warto\u015bci i studia"},"content":{"rendered":"<p><strong><em>DICHIARAZIONE DI VALORE<\/em><\/strong><strong>\u00a0(DEKLARACJA WARTO\u015aCI) \u015aWIADECTW SZO\u0141Y PODSTAWOWEJ, GIMNAZJUM, SZKO\u0141 \u015aREDNIEJ, POLICEALNEJ LUB DYPLOM\u00d3W UNIWERSYTECKICH<\/strong><\/p>\n<p>Osoby, kt\u00f3re uko\u0144czy\u0142y szko\u0142\u0119 za granic\u0105, musz\u0105, w celu uzyskania dost\u0119pu do w\u0142oskich uniwersytet\u00f3w, przed\u0142o\u017cy\u0107 wymagan\u0105 dokumentacj\u0119 aby umo\u017cliwi\u0107 w\u0142a\u015bciwym organom ocen\u0119 uzyskanych swiadectw oraz dyplom\u00f3w. W zwi\u0105zku z tym wydzia\u0142 do spraw student\u00f3w Kancelarii Konsularnej wydaje, w razie potrzeby, tak zwane \u201e<em>Dichiarazione di valore in loco<\/em>\u201d.<\/p>\n<p>&nbsp;<\/p>\n<h5><strong><u>WYMAGANA DOKUMENTACJA<\/u><\/strong><\/h5>\n<p><strong>\u015awiadectwa\/dyplomy uko\u0144czenia szko\u0142y podstawowej, gimnazjum, liceum lub studi\u00f3w podyplomowych<\/strong><\/p>\n<p>W celu wydania\u00a0<em>dichiarazione di valore<\/em>\u00a0\u015bwiadectwa\/dyplomu szko\u0142y podstawowej, gimnazjum, liceum lub studi\u00f3w podyplomowych wydanego przez polsk\u0105 instytucj\u0119 nale\u017cy przed\u0142o\u017cy\u0107<\/p>\n<ol>\n<li>T\u0142umaczenie dyplomu sporz\u0105dzone przez t\u0142umacza przysi\u0119g\u0142ego j\u0119zyka w\u0142oskiego i zalegalizowane w polskim Ministerstwie Spraw Zagranicznych za pomoc\u0105 klauzuli Apostille.<\/li>\n<li>\u015awiadectwo opatrzone klauzul\u0105 Apostille przez Wojedw\u00f3dzkie Kuratorium O\u015bwiaty w\u0142a\u015bciwe dla miejsca wydania dyplomu. Uwaga! Matur\u0119 testow\u0105 oraz \u015bwiadectwa uko\u0144czenia szko\u0142y na podstawie egzamin\u00f3w eksternistycznych po\u015bwiadcza klauzul\u0105 Apostille dyrektor okr\u0119gowej komisji egzaminacyjnej.<\/li>\n<li>Dwie kserokopie dokument\u00f3w, o kt\u00f3rych mowa w pkt 1 i pkt 2.<\/li>\n<li>Wniosek o wydanie\u00a0<em>dichiarazione di valore<\/em>\u00a0(dost\u0119pny w zak\u0142adce Formularze oraz do pobrania pod poni\u017cszym linkiem\u00a0<a href=\"https:\/\/ambvarsavia.esteri.it\/it\/servizi-consolari-e-visti\/servizi-per-il-cittadino-italiano\/albo-consolare-e-altri-servizi\/modulistica\/\">Modulistica \u2013 Ambasciata d\u2019Italia Varsavia (esteri.it)<\/a>).<\/li>\n<li>Kserokopia wa\u017cnego dokumentu to\u017csamo\u015bci.<\/li>\n<\/ol>\n<p>&nbsp;<\/p>\n<p><strong>Dyplomy uniwersyteckie<\/strong><\/p>\n<p>W celu wydania\u00a0<em>dichiarazione di valore<\/em>\u00a0dyplomu uko\u0144czenia studi\u00f3w wy\u017cszych nale\u017cy przed\u0142o\u017cy\u0107 nast\u0119puj\u0105ce dokumenty:<\/p>\n<ol>\n<li>T\u0142umaczenie dyplomu sporz\u0105dzone przez t\u0142umacza przysi\u0119g\u0142ego j\u0119zyka w\u0142oskiego i zalegalizowane w polskim Ministerstwie Spraw Zagranicznych klauzul\u0105 Apostille;<\/li>\n<li>Dyplom opatrzony klaulzul\u0105 apostille:<\/li>\n<\/ol>\n<ul>\n<li style=\"list-style-type: none;\">\n<ul>\n<li>w Narodowej Agencji Wymiany Akademickiej<\/li>\n<li>w Ministerstwie Kultury i Dziedzictwa Narodowego wy\u0142\u0105cznie w przypadku tytu\u0142\u00f3w wydawanych przez uczelnie artystyczne.<\/li>\n<\/ul>\n<\/li>\n<\/ul>\n<ol start=\"3\">\n<li>\u2018\u2019Suplement\u201d do dyplomu lub za\u015bwiadczenie z uczelni dotycz\u0105ce:<\/li>\n<\/ol>\n<ul>\n<li style=\"list-style-type: none;\">\n<ul>\n<li>czasu trwania studi\u00f3w (liczba semestr\u00f3w\/lat)<\/li>\n<li>skali ocen stosowanej przez uczelni\u0119 w momencie wydania dyplomu.<\/li>\n<li>Uwaga! Je\u015bli zainteresowany chce, aby suplement zosta\u0142 do\u0142\u0105czony do deklaracji warto\u015bci, suplement musi zosta\u0107 przet\u0142umaczony i zalegalizowany w taki sam spos\u00f3b jak dyplom.<\/li>\n<\/ul>\n<\/li>\n<\/ul>\n<ol start=\"4\">\n<li>Dwie kserokopie dokument\u00f3w wymienionych w punktach 1, 2 i 3<\/li>\n<li>Wniosek o wydanie\u00a0<em>dichiarazione di valore<\/em>\u00a0(dost\u0119pny w zak\u0142adce Formularze do pobrania pod nast\u0119puj\u0105cym linkiem\u00a0<a href=\"https:\/\/ambvarsavia.esteri.it\/it\/servizi-consolari-e-visti\/servizi-per-il-cittadino-italiano\/albo-consolare-e-altri-servizi\/modulistica\/\">Modulistica \u2013 Ambasciata d\u2019Italia Varsavia (esteri.it)<\/a>\u00a0)<\/li>\n<li>Kserokopia wa\u017cnego dokumentu to\u017csamo\u015bci.<\/li>\n<\/ol>\n<p>&nbsp;<\/p>\n<p><strong>Wa\u017cne!<\/strong>\u00a0<strong>T\u0142umaczenia wykonane we W\u0142oszech<\/strong>,\u00a0<strong>nie wymagaj\u0105 Apostille<\/strong>, gdy\u017c s\u0105 zaprzysi\u0119\u017cone we w\u0142oskich s\u0105dach.\u00a0<strong>Apostille<\/strong>\u00a0jest zawsze niezb\u0119dna na oryginalnych polskich \u015bwiadectwach oraz dyplomach.<\/p>\n<p>&nbsp;<\/p>\n<h5><strong><u>JAK Z\u0141O\u017bY\u0106 DOKUMENTACJ\u0118<\/u><\/strong><\/h5>\n<p>\u015awiadectwa oraz dplomy przet\u0142umaczone i zalegalizowane w spos\u00f3b wskazany powy\u017cej mo\u017cna przedstawi\u0107:<\/p>\n<ul>\n<li>osobi\u015bcie w Kancelarii Konsularnej Ambasady W\u0142och w Warszawie (Plac D\u0105browskiego 6, 00-055 Warszawa); przed udaniem si\u0119 do Ambasady nale\u017cy dokona\u0107 rezerwacji ma stronie\u00a0<a href=\"https:\/\/prenotami.esteri.it\/\"><strong>https:\/\/prenotami.esteri.it\/<\/strong><\/a>\u00a0,<\/li>\n<li>wysy\u0142aj\u0105c poczt\u0105 lub kurierem na adres Ambasady: Ambasada W\u0142och w Warszawie, Kancelaria Konsularna, Plac D\u0105browskiego 6, 00-055 Warszawa.<\/li>\n<\/ul>\n<p>Termin procedury wydania deklaracji warto\u015bci jest ustawowo okre\u015blony na 30 dni od daty z\u0142o\u017cenia wniosku.<\/p>\n<p>&nbsp;<\/p>\n<h5><strong><u>ODBI\u00d3R DICHIARAZIONE DI VALORE<\/u><\/strong><\/h5>\n<p><em>Dichiarazione di valore<\/em>\u00a0mo\u017ce zosta\u0107 odebrana wy\u0142\u0105cznie po otrzymaniu informacji od Kancelarii Konsularnej \u017ce dokument jest gotowy. Odbioru mo\u017cna dokona\u0107 \u00a0<strong>osobi\u015bcie\u00a0<\/strong>w okienku Kancelarii Konsularnej lub przez\u00a0<strong>osob\u0119 upowa\u017cnion\u0105<\/strong>.<\/p>\n<p>&nbsp;<\/p>\n<h5><strong><u>KOSZTY\u00a0<em>DICHIARAZIONE DI VALORE<\/em><\/u><\/strong><\/h5>\n<ul>\n<li>W celu podj\u0119cia studi\u00f3w we W\u0142oszech, us\u0142uga jest\u00a0<strong>bezp\u0142atna<\/strong>, zgodnie z art 66, lettera C, del D. Lgs. 71 del 03.02.2011, pod warunkiem jednoczesnego przedstawienia\u00a0<strong>potwierdzenia zapisania si\u0119 na studia we W\u0142oszech<\/strong>\u00a0wraz z pozosta\u0142\u0105 dokumentacj\u0105 i wnioskiem o wystawienie\u00a0<em>dichiarazione di valore<\/em>.<\/li>\n<li>Dla cel\u00f3w emerytalno-rentowych (INPS) us\u0142uga jest\u00a0<strong>bezp\u0142atna<\/strong>.<\/li>\n<li><strong>Dla cel\u00f3w zawodowych us\u0142uga jest odp\u0142atna.<\/strong> Koszt r\u00f3\u017cni si\u0119 w zale\u017cno\u015bci od kursu i mo\u017cna go sprawdzi\u0107 w tebeli op\u0142at konsularnych pod nast\u0119puj\u0105cym linkiem: <a href=\"https:\/\/ambvarsavia.esteri.it\/it\/servizi-consolari-e-visti\/\">https:\/\/ambvarsavia.esteri.it\/it\/servizi-consolari-e-visti\/<\/a><\/li>\n<\/ul>\n<p>&nbsp;<\/p>\n<p>W przypadku dodatkowych pyta\u0144 dtycz\u0105cych kwestii nie uj\u0119tych na naszej stronie mo\u017cna pisa\u0107 na adres: <a href=\"mailto:varsavia.ddv@esteri.it\"><strong>varsavia.ddv@esteri.it<\/strong><\/a><\/p>\n","protected":false},"excerpt":{"rendered":"DICHIARAZIONE DI VALORE\u00a0(DEKLARACJA WARTO\u015aCI) \u015aWIADECTW SZO\u0141Y PODSTAWOWEJ, GIMNAZJUM, SZKO\u0141 \u015aREDNIEJ, POLICEALNEJ LUB DYPLOM\u00d3W UNIWERSYTECKICH Osoby, kt\u00f3re uko\u0144czy\u0142y szko\u0142\u0119 za granic\u0105, musz\u0105, w celu uzyskania dost\u0119pu do w\u0142oskich uniwersytet\u00f3w, przed\u0142o\u017cy\u0107 wymagan\u0105 dokumentacj\u0119 aby umo\u017cliwi\u0107 w\u0142a\u015bciwym organom ocen\u0119 uzyskanych swiadectw oraz dyplom\u00f3w. W zwi\u0105zku z tym wydzia\u0142 do spraw student\u00f3w Kancelarii Konsularnej wydaje, w razie potrzeby, tak [&hellip;]","protected":false},"author":8,"featured_media":0,"parent":169,"menu_order":0,"comment_status":"closed","ping_status":"closed","template":"","meta":{"footnotes":""},"class_list":["post-2945","page","type-page","status-publish","hentry"],"_links":{"self":[{"href":"https:\/\/ambvarsavia.esteri.it\/pl\/wp-json\/wp\/v2\/pages\/2945","targetHints":{"allow":["GET"]}}],"collection":[{"href":"https:\/\/ambvarsavia.esteri.it\/pl\/wp-json\/wp\/v2\/pages"}],"about":[{"href":"https:\/\/ambvarsavia.esteri.it\/pl\/wp-json\/wp\/v2\/types\/page"}],"author":[{"embeddable":true,"href":"https:\/\/ambvarsavia.esteri.it\/pl\/wp-json\/wp\/v2\/users\/8"}],"replies":[{"embeddable":true,"href":"https:\/\/ambvarsavia.esteri.it\/pl\/wp-json\/wp\/v2\/comments?post=2945"}],"version-history":[{"count":6,"href":"https:\/\/ambvarsavia.esteri.it\/pl\/wp-json\/wp\/v2\/pages\/2945\/revisions"}],"predecessor-version":[{"id":3897,"href":"https:\/\/ambvarsavia.esteri.it\/pl\/wp-json\/wp\/v2\/pages\/2945\/revisions\/3897"}],"up":[{"embeddable":true,"href":"https:\/\/ambvarsavia.esteri.it\/pl\/wp-json\/wp\/v2\/pages\/169"}],"wp:attachment":[{"href":"https:\/\/ambvarsavia.esteri.it\/pl\/wp-json\/wp\/v2\/media?parent=2945"}],"curies":[{"name":"wp","href":"https:\/\/api.w.org\/{rel}","templated":true}]}}