{"id":229,"date":"2023-06-28T09:36:55","date_gmt":"2023-06-28T07:36:55","guid":{"rendered":"https:\/\/ambvarsavia.esteri.it\/chi-siamo\/contatti\/"},"modified":"2023-06-28T14:23:36","modified_gmt":"2023-06-28T12:23:36","slug":"contatti","status":"publish","type":"page","link":"https:\/\/ambvarsavia.esteri.it\/pl\/chi-siamo\/contatti\/","title":{"rendered":"\u0141\u0105czno\u015b\u0107"},"content":{"rendered":"<p>Inserire qui un testo o descrizione della pagina<\/p>\n","protected":false},"excerpt":{"rendered":"Inserire qui un testo o descrizione della pagina","protected":false},"author":1,"featured_media":0,"parent":145,"menu_order":4,"comment_status":"closed","ping_status":"closed","template":"","meta":{"footnotes":""},"class_list":["post-229","page","type-page","status-publish","hentry"],"_links":{"self":[{"href":"https:\/\/ambvarsavia.esteri.it\/pl\/wp-json\/wp\/v2\/pages\/229","targetHints":{"allow":["GET"]}}],"collection":[{"href":"https:\/\/ambvarsavia.esteri.it\/pl\/wp-json\/wp\/v2\/pages"}],"about":[{"href":"https:\/\/ambvarsavia.esteri.it\/pl\/wp-json\/wp\/v2\/types\/page"}],"author":[{"embeddable":true,"href":"https:\/\/ambvarsavia.esteri.it\/pl\/wp-json\/wp\/v2\/users\/1"}],"replies":[{"embeddable":true,"href":"https:\/\/ambvarsavia.esteri.it\/pl\/wp-json\/wp\/v2\/comments?post=229"}],"version-history":[{"count":0,"href":"https:\/\/ambvarsavia.esteri.it\/pl\/wp-json\/wp\/v2\/pages\/229\/revisions"}],"up":[{"embeddable":true,"href":"https:\/\/ambvarsavia.esteri.it\/pl\/wp-json\/wp\/v2\/pages\/145"}],"wp:attachment":[{"href":"https:\/\/ambvarsavia.esteri.it\/pl\/wp-json\/wp\/v2\/media?parent=229"}],"curies":[{"name":"wp","href":"https:\/\/api.w.org\/{rel}","templated":true}]}}