{"id":167,"date":"2023-04-11T18:20:09","date_gmt":"2023-04-11T16:20:09","guid":{"rendered":"https:\/\/ambvarsavia.esteri.it\/servizi-consolari-e-visti\/servizi-per-il-cittadino-italiano\/autoveicoli-e-patenti-di-guida\/"},"modified":"2023-07-31T11:51:29","modified_gmt":"2023-07-31T09:51:29","slug":"autoveicoli-e-patenti-di-guida","status":"publish","type":"page","link":"https:\/\/ambvarsavia.esteri.it\/pl\/servizi-consolari-e-visti\/servizi-per-il-cittadino-italiano\/autoveicoli-e-patenti-di-guida\/","title":{"rendered":"Pojazdy samochodowe i prawo jazdy"},"content":{"rendered":"<p class=\"boxLevel04\"><a href=\"https:\/\/www.esteri.it\/en\/servizi-consolari-e-visti\/italiani-all-estero\/autoveicoli_e_patenti\/patenteguida\/\">Driving licence \u2013 Ministero degli Affari Esteri e della Cooperazione Internazionale<\/a><\/p>\n<p class=\"boxLevel04\"><a href=\"https:\/\/www.esteri.it\/en\/servizi-consolari-e-visti\/italiani-all-estero\/autoveicoli_e_patenti\/radiazionepra\/\">Cancellation from the Public Register of Motor Vehicles (PRA) \u2013 Ministero degli Affari Esteri e della Cooperazione Internazionale<\/a><\/p>\n<p class=\"boxLevel04\" style=\"text-align: justify;\"><strong>Novit\u00e0:<\/strong><br \/>\nSi informa l&#8217;utenza che, come comunicato dal Ministero delle Finanze polacco, a partire dal 1 dicembre 2021, sui tratti autostradali A2 ed A4 \u00e8 in vigore il sistema di pagamento E-TOLL. Non \u00e8 pertanto pi\u00f9 possibile pagare il pedaggio autostradale al casello, ma unicamente in maniera elettronica, acquistando un &#8222;e-ticket&#8221; (tramite applicazioni internet o presso la rete di distribuzione) o munendosi dell&#8217;App e-TOLL PL o del device GPS OBU\/ELS.<\/p>\n<p style=\"text-align: justify;\">Pi\u00f9 in generale, per gli autisti di automezzi pesanti che utilizzino il sistema SENT, si ricorda che, a partire dal 1 dicembre 2021, l&#8217;App e-TOLL \u00e8 l&#8217;unica utilizzata per trasferire i dati di geolocalizzazione ai sistemi e-TOLL e SENT. Gli autisti di mezzi pesanti che utilizzano il sistema SENT nelle modalit\u00e0 disponibili sul sito web\u00a0<a href=\"https:\/\/www.puesc.gov.pl\/\">https:\/\/www.puesc.gov.pl\/<\/a>\u00a0\u00a0potranno utilizzare solamente localizzatori registrati nei nuovi servizi ELS o nella App e-TOLL.<\/p>\n<p style=\"text-align: justify;\">Nei rapporti SENT, \u00e8 necessario fornire il numero di localizzazione registrato con i nuovi servizi ELS o dall&#8217;applicazione mobile e-TOLL PL.<\/p>\n<p style=\"text-align: justify;\">Maggiori informazioni, anche in lingua inglese, sono disponibili nella brochure disponibile qui sotto e sul sito <a href=\"http:\/\/etoll.gov.pl\">etoll.gov.pl<\/a><\/p>\n<p><!--more--><\/p>\n<p><embed src=\"https:\/\/ambvarsavia.esteri.it\/wp-content\/uploads\/2023\/07\/etoll_szablon_en.pdf\" type=\"\" width=\"100%\" height=\"800\"><\/embed><\/p>\n<p><!--more--><\/p>\n","protected":false},"excerpt":{"rendered":"Driving licence \u2013 Ministero degli Affari Esteri e della Cooperazione Internazionale Cancellation from the Public Register of Motor Vehicles (PRA) \u2013 Ministero degli Affari Esteri e della Cooperazione Internazionale Novit\u00e0: Si informa l&#8217;utenza che, come comunicato dal Ministero delle Finanze polacco, a partire dal 1 dicembre 2021, sui tratti autostradali A2 ed A4 \u00e8 in [&hellip;]","protected":false},"author":1,"featured_media":0,"parent":155,"menu_order":5,"comment_status":"closed","ping_status":"closed","template":"","meta":{"footnotes":""},"class_list":["post-167","page","type-page","status-publish","hentry"],"_links":{"self":[{"href":"https:\/\/ambvarsavia.esteri.it\/pl\/wp-json\/wp\/v2\/pages\/167","targetHints":{"allow":["GET"]}}],"collection":[{"href":"https:\/\/ambvarsavia.esteri.it\/pl\/wp-json\/wp\/v2\/pages"}],"about":[{"href":"https:\/\/ambvarsavia.esteri.it\/pl\/wp-json\/wp\/v2\/types\/page"}],"author":[{"embeddable":true,"href":"https:\/\/ambvarsavia.esteri.it\/pl\/wp-json\/wp\/v2\/users\/1"}],"replies":[{"embeddable":true,"href":"https:\/\/ambvarsavia.esteri.it\/pl\/wp-json\/wp\/v2\/comments?post=167"}],"version-history":[{"count":0,"href":"https:\/\/ambvarsavia.esteri.it\/pl\/wp-json\/wp\/v2\/pages\/167\/revisions"}],"up":[{"embeddable":true,"href":"https:\/\/ambvarsavia.esteri.it\/pl\/wp-json\/wp\/v2\/pages\/155"}],"wp:attachment":[{"href":"https:\/\/ambvarsavia.esteri.it\/pl\/wp-json\/wp\/v2\/media?parent=167"}],"curies":[{"name":"wp","href":"https:\/\/api.w.org\/{rel}","templated":true}]}}