{"id":165,"date":"2023-04-11T18:19:34","date_gmt":"2023-04-11T16:19:34","guid":{"rendered":"https:\/\/ambvarsavia.esteri.it\/servizi-consolari-e-visti\/servizi-per-il-cittadino-italiano\/pensioni-e-sicurezza-sociale\/"},"modified":"2023-07-31T12:12:39","modified_gmt":"2023-07-31T10:12:39","slug":"pensioni-e-sicurezza-sociale","status":"publish","type":"page","link":"https:\/\/ambvarsavia.esteri.it\/pl\/servizi-consolari-e-visti\/servizi-per-il-cittadino-italiano\/pensioni-e-sicurezza-sociale\/","title":{"rendered":"Emerytury"},"content":{"rendered":"<p class=\"boxLevel04\" style=\"text-align: justify;\"><a href=\"https:\/\/www.esteri.it\/en\/servizi-consolari-e-visti\/italiani-all-estero\/sicurezzasociale\/\"><strong>Emerytura i ubezpieczenia spo\u0142eczne<\/strong><\/a><\/p>\n<p class=\"boxLevel03\">Przydatne informacje:<\/p>\n<p><strong>Aktualizacja<\/strong>\u00a0(09\/03\/2023): WYP\u0141ATA \u015aWIADCZE\u0143 ZA GRANIC\u0104: POTWIERDZENIE FAKTU UTRZYMYWANIA SI\u0118 PRZY \u017bYCIU NA LATA 2023 I 2024.\u00a0<a href=\"https:\/\/ambvarsavia.esteri.it\/ambasciata_varsavia\/pl\/ambasciata\/sala-stampa\/avvisi-e-informazioni\/2022\/01\/pagamento-delle-pensioni-inps-all_0.html\">Kliknij tutaj, aby uzyska\u0107 wi\u0119cej informacji<\/a><\/p>\n<p><strong>Uwaga:<\/strong>\u00a0w celu potwierdzenia faktu utrzymywania si\u0119 przy \u017cyciu przez Kancelari\u0119 Konsularn\u0105 Ambasady w Warszawie, dost\u0119p do biur jest mo\u017cliwy od poniedzia\u0142ku do pi\u0105tku w godzinach 9.00 &#8211; 12.00, najlepiej po uprzednim um\u00f3wieniu si\u0119 na spotkanie, kt\u00f3re nale\u017cy uzgodni\u0107 drog\u0105 mailow\u0105 na adres\u00a0<a href=\"mailto:consolare.varsavia@esteri.it\">consolare.varsavia@esteri.it<\/a>.<\/p>\n<p>Nale\u017cy jednak podkre\u015bli\u0107 emeryci INPS mieszkaj\u0105cy w Polsce,\u00a0kt\u00f3rzy otrzymali odpowiedni formularz przes\u0142any przez Citibank,\u00a0<strong>mog\u0105 zwr\u00f3ci\u0107 si\u0119 do Ambasady z pro\u015bb\u0105 o potwierdzenia faktu utrzymywania sie przy \u017cyciu, zdalnie,za pomoc\u0105 wideorozmowy.<\/strong>\u00a0Aby skorzysta\u0107 z tej us\u0142ugi, prosimy o kontakt pod adresem\u00a0<a href=\"mailto:consolare.varsavia@esteri.it\">consolare.varsavia@esteri.it<\/a>\u00a0lub telefonicznie pod numerem\u00a0<span class=\"baec5a81-e4d6-4674-97f3-e9220f0136c1\">+48 22 826 34 71<a title=\"Chiama: +48 22 826 34 71\" href=\"https:\/\/ambvarsavia.esteri.it\/ambasciata_varsavia\/pl\/informazioni_e_servizi\/servizi_consolari\/pensioni\/#\"><img decoding=\"async\" title=\"Chiama: +48 22 826 34 71\" src=\"data:image\/png;base64,iVBORw0KGgoAAAANSUhEUgAAABAAAAAQCAYAAAAf8\/9hAAABcklEQVR4XpXTPUvDUBTH4aR2c2hBQXGpTiIORhBcBOvgYKf0Awi+4Ggr1MVPIIrYdnEpShddHIyLi6AVXVxsRRDRwbi4KNgu4lCIv8i\/i6QRDzycy+09555LqOl5nhEUptPoJe1iDHU8oYlrlDw79m4QEbSLPexzsIc8hDRm8YBjLpj4q8EgxQdab+MNd4ghhQ2adIc1+ORAFEnWWfTDRp7GDfImlsIavKALLuqoqMGUCs4wHtagiQ5uc8kDyCOBKlP1k78QNTOZnMXCQRxWsbjl6iuskV41SQG2Gj9rikvcR1WcgKFDBa1LOEUK56hqv8BUFV3SGWkVS9JQ6Dsv4wQ1DKMPORUvkm78BhdQMI1CTa5I0yrcwSFqFD+SZ7DQesIkCG5S\/JpkHYERQRmuNsrZ7Grc+Ef8\/Bcoslkfae8Wc7CUHZ++TuAEBj86pHntjaDKXllPy6PW\/gkKFaThwp\/K87N8hDcQTTKKFTioSxqB8Q2BNX5JtAljwgAAAABJRU5ErkJggg==\" alt=\"\" \/><\/a><\/span>, od poniedzia\u0142ku do czwartku w godzinach 14.30-15.30.<\/p>\n","protected":false},"excerpt":{"rendered":"Emerytura i ubezpieczenia spo\u0142eczne Przydatne informacje: Aktualizacja\u00a0(09\/03\/2023): WYP\u0141ATA \u015aWIADCZE\u0143 ZA GRANIC\u0104: POTWIERDZENIE FAKTU UTRZYMYWANIA SI\u0118 PRZY \u017bYCIU NA LATA 2023 I 2024.\u00a0Kliknij tutaj, aby uzyska\u0107 wi\u0119cej informacji Uwaga:\u00a0w celu potwierdzenia faktu utrzymywania si\u0119 przy \u017cyciu przez Kancelari\u0119 Konsularn\u0105 Ambasady w Warszawie, dost\u0119p do biur jest mo\u017cliwy od poniedzia\u0142ku do pi\u0105tku w godzinach 9.00 &#8211; 12.00, [&hellip;]","protected":false},"author":1,"featured_media":0,"parent":155,"menu_order":12,"comment_status":"closed","ping_status":"closed","template":"","meta":{"footnotes":""},"class_list":["post-165","page","type-page","status-publish","hentry"],"_links":{"self":[{"href":"https:\/\/ambvarsavia.esteri.it\/pl\/wp-json\/wp\/v2\/pages\/165","targetHints":{"allow":["GET"]}}],"collection":[{"href":"https:\/\/ambvarsavia.esteri.it\/pl\/wp-json\/wp\/v2\/pages"}],"about":[{"href":"https:\/\/ambvarsavia.esteri.it\/pl\/wp-json\/wp\/v2\/types\/page"}],"author":[{"embeddable":true,"href":"https:\/\/ambvarsavia.esteri.it\/pl\/wp-json\/wp\/v2\/users\/1"}],"replies":[{"embeddable":true,"href":"https:\/\/ambvarsavia.esteri.it\/pl\/wp-json\/wp\/v2\/comments?post=165"}],"version-history":[{"count":0,"href":"https:\/\/ambvarsavia.esteri.it\/pl\/wp-json\/wp\/v2\/pages\/165\/revisions"}],"up":[{"embeddable":true,"href":"https:\/\/ambvarsavia.esteri.it\/pl\/wp-json\/wp\/v2\/pages\/155"}],"wp:attachment":[{"href":"https:\/\/ambvarsavia.esteri.it\/pl\/wp-json\/wp\/v2\/media?parent=165"}],"curies":[{"name":"wp","href":"https:\/\/api.w.org\/{rel}","templated":true}]}}