{"id":154,"date":"2023-04-11T17:08:57","date_gmt":"2023-04-11T15:08:57","guid":{"rendered":"https:\/\/ambvarsavia.esteri.it\/servizi-consolari-e-visti\/"},"modified":"2025-12-04T12:10:09","modified_gmt":"2025-12-04T11:10:09","slug":"servizi-consolari-e-visti","status":"publish","type":"page","link":"https:\/\/ambvarsavia.esteri.it\/pl\/servizi-consolari-e-visti\/","title":{"rendered":"Servizi Consolari e Visti"},"content":{"rendered":"<p><strong>Godziny otwarcia dla interesant\u00f3w:<\/strong><\/p>\n<p>Poniedzia\u0142ek \u2013 Pi\u0105tek 9:00-12:00 tylko po wcze\u015bniejszym um\u00f3wieniu spotkania.<\/p>\n<p>&nbsp;<\/p>\n<p><strong>Wizyta:<\/strong><\/p>\n<p>Przed udaniem si\u0119 do Ambasady nale\u017cy dokona\u0107 rezerwacji wizyty poprzez stron\u0119 <strong><a href=\"https:\/\/prenotami.esteri.it\/\">Prenot@mi<\/a><\/strong>.<\/p>\n<p>Wnioski o rejestracj\u0119 do AIRE nale\u017cy sk\u0142ada\u0107 za po\u015brednictwem portalu <a href=\"https:\/\/serviziconsolari.esteri.it\/ScoFE\/index.sco\">Fast It<\/a>.<\/p>\n<p>W celu odbioru dokument\u00f3w nie trzeba umawia\u0107 si\u0119 na wizyt\u0119.<\/p>\n<p>&nbsp;<\/p>\n<p><strong>\u015awiadczone us\u0142ugi:<\/strong><\/p>\n<p><a href=\"https:\/\/ambvarsavia.esteri.it\/pl\/servizi-consolari-e-visti\/servizi-per-il-cittadino-italiano\/\">Us\u0142ugi dla obywateli W\u0142och<\/a><\/p>\n<p><a href=\"https:\/\/ambvarsavia.esteri.it\/pl\/servizi-consolari-e-visti\/servizi-per-il-cittadino-straniero\/\">Us\u0142ugi dla obcokrajowc\u00f3w<\/a><\/p>\n<p><a href=\"https:\/\/www.esteri.it\/it\/servizi-consolari-e-visti\/italiani-all-estero\/\">Szczeg\u00f3\u0142owy wykaz \u015bwiadczonych us\u0142ug<\/a> (link do strony Ministerstwa Spraw Zagranicznych i Wsp\u00f3\u0142pracy Mi\u0119dzynarodowej)<\/p>\n<p>&nbsp;<\/p>\n<p><strong>Kontakt:<\/strong><\/p>\n<p>Zaleca si\u0119 kontakt z Kancelari\u0105 Konsularn\u0105 poprzez poczt\u0119 elektornicz\u0105.<\/p>\n<p><span style=\"text-decoration: underline;\">E-mail:<\/span><\/p>\n<p>Kancelaria Konsularna \u2013 sprawy og\u00f3lne: <a href=\"mailto:ambvarsavia.consolare@esteri.it\">ambvarsavia.consolare@esteri.it<\/a><\/p>\n<p>Biuro ds. paszport\u00f3w i dowod\u00f3w osobistych: <a href=\"mailto:ambvarsavia.passaporti@esteri.it\">ambvarsavia.passaporti@esteri.it<\/a><\/p>\n<p>Biuro ds. stanu cywilnego: <a href=\"mailto:ambvarsavia.statocivile@esteri.it\">ambvarsavia.statocivile@esteri.it<\/a><\/p>\n<p>Biuro ds. anagrafe (AIRE): <a href=\"mailto:ambvarsavia.anagrafe@esteri.it\">ambvarsavia.anagrafe@esteri.it<\/a><\/p>\n<p>Biuro ds. kod\u00f3w fiskalnych (codice fiscale): <a href=\"mailto:varsavia.cfiscale@esteri.it\">varsavia.cfiscale@esteri.it<\/a><\/p>\n<p>Biuro ds. deklaracji warto\u015bci i studi\u00f3w: <a href=\"mailto:varsavia.ddv@esteri.it\">varsavia.ddv@esteri.it<\/a><\/p>\n<p>Biuro Notarialne: <a href=\"mailto:ambvarsavia.notarile@esteri.it\">ambvarsavia.notarile@esteri.it<\/a><\/p>\n<p>Wizy: <a href=\"mailto:ambvarsavia.visti@esteri.it\">ambvarsavia.visti@esteri.it<\/a><\/p>\n<p>Biuro ds. wybr\u00f3w: <a href=\"mailto:ambvarsavia.elettorale@esteri.it\">ambvarsavia.elettorale@esteri.it<\/a><\/p>\n<p>Biuro ds. Obywatelstwa: <a href=\"mailto:ambvarsavia.cittadinanza@esteri.it\">ambvarsavia.cittadinanza@esteri.it<\/a><\/p>\n<p>&nbsp;<\/p>\n<p>Korespondencja musi zawiera\u0107 co najmniej imi\u0119 i nazwisko nadawcy. <strong>Anonimowe wiadomo\u015bci pozostan\u0105 bez odpowiedzi.<\/strong><\/p>\n<p>&nbsp;<\/p>\n<p>Telefon: +48 22 826 34 71<\/p>\n<p>Godziny otwarcia telefonu: poniedzia\u0142ek, \u015broda, czwartek w godzinach 14:00-16:00<\/p>\n<p>&nbsp;<\/p>\n<p>Poza godzinami pracy oraz w przypadku szczeg\u00f3\u0142owych <strong>sytuacji awaryjnych (np.: wypadki, zatrzymania czy sytuacje potencjalnie zagra\u017caj\u0105ce \u017cyciu)<\/strong> czynny jest numer telefonu kom\u00f3rkowego: +48 605 322 772<\/p>\n<p>&nbsp;<\/p>\n<p><strong>Wa\u017cne informacje:<\/strong><\/p>\n<p>1) <a href=\"https:\/\/ambvarsavia.esteri.it\/it\/servizi-consolari-e-visti\/servizi-per-il-cittadino-italiano\/albo-consolare-e-altri-servizi\/modulistica\/\">Formularze<\/a><\/p>\n<p>2) <a href=\"https:\/\/ambvarsavia.esteri.it\/wp-content\/uploads\/2025\/11\/TABELLA-PERCEZIONI-DAL-1-DICEMBRE-2025.pdf\">Tabela op\u0142at konsularnych obowi\u0105zuj\u0105cych na terenie Polski<\/a><\/p>\n<p>&nbsp;<\/p>\n<p><strong>Informacja o przetwarzaniu danych osobowych<\/strong><\/p>\n<p>Kliknij <strong><a href=\"https:\/\/ambvarsavia.esteri.it\/wp-content\/uploads\/2023\/07\/informativa_tdp_per_servizi_consolari_ex_visti_e_cittadinanza__2023.pdf\">tutaj<\/a><\/strong>, aby pobra\u0107 informacj\u0119 dotycz\u0105c\u0105 przetwarzania danych osobowych na potrzeby \u015bwiadczenia us\u0142ug konsularnych (z wy\u0142\u0105czeniem wydawania wiz i procedur obywatelskich).<\/p>\n","protected":false},"excerpt":{"rendered":"Godziny otwarcia dla interesant\u00f3w: Poniedzia\u0142ek \u2013 Pi\u0105tek 9:00-12:00 tylko po wcze\u015bniejszym um\u00f3wieniu spotkania. &nbsp; Wizyta: Przed udaniem si\u0119 do Ambasady nale\u017cy dokona\u0107 rezerwacji wizyty poprzez stron\u0119 Prenot@mi. Wnioski o rejestracj\u0119 do AIRE nale\u017cy sk\u0142ada\u0107 za po\u015brednictwem portalu Fast It. W celu odbioru dokument\u00f3w nie trzeba umawia\u0107 si\u0119 na wizyt\u0119. &nbsp; \u015awiadczone us\u0142ugi: Us\u0142ugi dla obywateli [&hellip;]","protected":false},"author":1,"featured_media":0,"parent":0,"menu_order":6,"comment_status":"closed","ping_status":"closed","template":"","meta":{"footnotes":""},"class_list":["post-154","page","type-page","status-publish","hentry"],"_links":{"self":[{"href":"https:\/\/ambvarsavia.esteri.it\/pl\/wp-json\/wp\/v2\/pages\/154","targetHints":{"allow":["GET"]}}],"collection":[{"href":"https:\/\/ambvarsavia.esteri.it\/pl\/wp-json\/wp\/v2\/pages"}],"about":[{"href":"https:\/\/ambvarsavia.esteri.it\/pl\/wp-json\/wp\/v2\/types\/page"}],"author":[{"embeddable":true,"href":"https:\/\/ambvarsavia.esteri.it\/pl\/wp-json\/wp\/v2\/users\/1"}],"replies":[{"embeddable":true,"href":"https:\/\/ambvarsavia.esteri.it\/pl\/wp-json\/wp\/v2\/comments?post=154"}],"version-history":[{"count":6,"href":"https:\/\/ambvarsavia.esteri.it\/pl\/wp-json\/wp\/v2\/pages\/154\/revisions"}],"predecessor-version":[{"id":4458,"href":"https:\/\/ambvarsavia.esteri.it\/pl\/wp-json\/wp\/v2\/pages\/154\/revisions\/4458"}],"wp:attachment":[{"href":"https:\/\/ambvarsavia.esteri.it\/pl\/wp-json\/wp\/v2\/media?parent=154"}],"curies":[{"name":"wp","href":"https:\/\/api.w.org\/{rel}","templated":true}]}}