{"id":151,"date":"2023-04-11T18:10:55","date_gmt":"2023-04-11T16:10:55","guid":{"rendered":"https:\/\/ambvarsavia.esteri.it\/italia-e-polonia\/diplomazia-scientifica\/"},"modified":"2025-01-16T16:07:30","modified_gmt":"2025-01-16T15:07:30","slug":"diplomazia-scientifica","status":"publish","type":"page","link":"https:\/\/ambvarsavia.esteri.it\/pl\/italia-e-polonia\/diplomazia-scientifica\/","title":{"rendered":"Diplomazia scientifica"},"content":{"rendered":"<p>I rapporti bilaterali di cooperazione scientifica tra l\u2019Italia e la Polonia sono regolati dell\u2019Accordo di Cooperazione Culturale e Scientifico-Tecnologico firmato a Varsavia il 27 novembre del 1960.<\/p>\n<p>Ai sensi dell\u2019articolo 4 dell\u2019Accordo, il 9 dicembre 2024 \u00e8 stato firmato, insieme ai rappresentanti del NAWA (Agenzia Nazionale Polacca per gli Scambi Accademici), il Programma Esecutivo per la Cooperazione Scientifica e Tecnologica tra Italia e Polonia (\u201cProgramma Canaletto\u201d) per il periodo 2025-2026. Contando sul coinvolgimento di prestigiose istituzioni accademiche e di ricerca dei due Paesi, il Programma consente di finanziare la mobilit\u00e0 dei ricercatori coinvolti nella realizzazione dei progetti di ricerca congiunti, attinenti a diversi settori quali agricoltura, astrofisica, salute e medicina, nanoscienze ed ambiente sostenibile.<\/p>\n<p>L\u2019Ambasciata \u00e8 impegnata altres\u00ec a promuovere pi\u00f9 frequenti opportunit\u00e0 di scambio tra il mondo accademico e della ricerca dei due Paesi.<\/p>\n","protected":false},"excerpt":{"rendered":"I rapporti bilaterali di cooperazione scientifica tra l\u2019Italia e la Polonia sono regolati dell\u2019Accordo di Cooperazione Culturale e Scientifico-Tecnologico firmato a Varsavia il 27 novembre del 1960. Ai sensi dell\u2019articolo 4 dell\u2019Accordo, il 9 dicembre 2024 \u00e8 stato firmato, insieme ai rappresentanti del NAWA (Agenzia Nazionale Polacca per gli Scambi Accademici), il Programma Esecutivo per [&hellip;]","protected":false},"author":1,"featured_media":0,"parent":137,"menu_order":4,"comment_status":"closed","ping_status":"closed","template":"","meta":{"footnotes":""},"class_list":["post-151","page","type-page","status-publish","hentry"],"_links":{"self":[{"href":"https:\/\/ambvarsavia.esteri.it\/pl\/wp-json\/wp\/v2\/pages\/151","targetHints":{"allow":["GET"]}}],"collection":[{"href":"https:\/\/ambvarsavia.esteri.it\/pl\/wp-json\/wp\/v2\/pages"}],"about":[{"href":"https:\/\/ambvarsavia.esteri.it\/pl\/wp-json\/wp\/v2\/types\/page"}],"author":[{"embeddable":true,"href":"https:\/\/ambvarsavia.esteri.it\/pl\/wp-json\/wp\/v2\/users\/1"}],"replies":[{"embeddable":true,"href":"https:\/\/ambvarsavia.esteri.it\/pl\/wp-json\/wp\/v2\/comments?post=151"}],"version-history":[{"count":1,"href":"https:\/\/ambvarsavia.esteri.it\/pl\/wp-json\/wp\/v2\/pages\/151\/revisions"}],"predecessor-version":[{"id":3349,"href":"https:\/\/ambvarsavia.esteri.it\/pl\/wp-json\/wp\/v2\/pages\/151\/revisions\/3349"}],"up":[{"embeddable":true,"href":"https:\/\/ambvarsavia.esteri.it\/pl\/wp-json\/wp\/v2\/pages\/137"}],"wp:attachment":[{"href":"https:\/\/ambvarsavia.esteri.it\/pl\/wp-json\/wp\/v2\/media?parent=151"}],"curies":[{"name":"wp","href":"https:\/\/api.w.org\/{rel}","templated":true}]}}