{"id":145,"date":"2023-04-11T17:07:36","date_gmt":"2023-04-11T15:07:36","guid":{"rendered":"https:\/\/ambvarsavia.esteri.it\/chi-siamo\/"},"modified":"2024-09-24T10:17:22","modified_gmt":"2024-09-24T08:17:22","slug":"chi-siamo","status":"publish","type":"page","link":"https:\/\/ambvarsavia.esteri.it\/pl\/chi-siamo\/","title":{"rendered":"Chi siamo"},"content":{"rendered":"<p><a href=\"https:\/\/ambvarsavia.esteri.it\/it\/chi-siamo\/la-sede\/\"><img loading=\"lazy\" decoding=\"async\" class=\"img-fluid aligncenter wp-image-1431 size-full\" title=\"La storia di palazzo Szlenkier\" src=\"https:\/\/ambvarsavia.esteri.it\/wp-content\/uploads\/2023\/08\/318716670_515651417261393_7261182890939333927_n-1.jpg\" alt=\"leggi la storia di palazzo Szlenkier\" width=\"960\" height=\"552\" srcset=\"https:\/\/ambvarsavia.esteri.it\/wp-content\/uploads\/2023\/08\/318716670_515651417261393_7261182890939333927_n-1.jpg 960w, https:\/\/ambvarsavia.esteri.it\/wp-content\/uploads\/2023\/08\/318716670_515651417261393_7261182890939333927_n-1-300x173.jpg 300w, https:\/\/ambvarsavia.esteri.it\/wp-content\/uploads\/2023\/08\/318716670_515651417261393_7261182890939333927_n-1-768x442.jpg 768w\" sizes=\"auto, (max-width: 960px) 100vw, 960px\" \/><\/a><\/p>\n<p><strong>Co robimy<\/strong><\/p>\n<p>Zgodnie z <a href=\"https:\/\/ambvarsavia.esteri.it\/wp-content\/uploads\/2023\/06\/9_1_1961.pdf\">Konwencj\u0105 wiede\u0144sk\u0105 o stosunkach dyplomatycznych z dnia 18 kwietnia 1961 r.<\/a> Ambasada W\u0142och w Warszawie zajmuje si\u0119:<br \/>\n\u2013 reprezentowaniem W\u0142och w Polsce;<br \/>\n\u2013 chronieniem interes\u00f3w W\u0142och i ich obywateli w granicach dozwolonych przez prawo mi\u0119dzynarodowe;<br \/>\n\u2013 negocjowanie z Rz\u0105dem RP;<br \/>\n\u2013 zasi\u0119ganiem informacji w spos\u00f3b zgodny z prawem, o warunkach i o rozwoju wydarze\u0144 w Polsce oraz zg\u0142aszaniem ich do Pa\u0144stwa W\u0142oskiego;<br \/>\n\u2013 promowanie przyjaznych stosunk\u00f3w i rozwijania stosunk\u00f3w gospodarczych, kulturalnych i naukowych mi\u0119dzy W\u0142ochami a Polsk\u0105.<\/p>\n<p>Ambasada koordynuje sieci\u0105 sk\u0142adaj\u0105c\u0105 si\u0119 z 5 konsulat\u00f3w honorowych, 1 wicekonsulatu honorowego, 2 instytut\u00f3w kultury, biura ICE i 2 korespondent\u00f3w konsularnych. Personel Ambasady, podzielony na r\u00f3\u017cne biura, sk\u0142ada si\u0119 zar\u00f3wno z w\u0142oskiego personelu Ministerstwa Spraw Zagranicznych i Wsp\u00f3\u0142pracy Mi\u0119dzynarodowej, jak i innych w\u0142oskich ministerstw i organ\u00f3w publicznych.<\/p>\n<p>Za po\u015brednictwem swojej Kancelarii Konsularnej Ambasada W\u0142och w Warszawie \u015bwiadczy r\u00f3wnie\u017c szereg us\u0142ug konsularnych obywatelom W\u0142och i cudzoziemcom, kt\u00f3rzy mieszkaj\u0105 w Polsce.<\/p>\n","protected":false},"excerpt":{"rendered":"Co robimy Zgodnie z Konwencj\u0105 wiede\u0144sk\u0105 o stosunkach dyplomatycznych z dnia 18 kwietnia 1961 r. Ambasada W\u0142och w Warszawie zajmuje si\u0119: \u2013 reprezentowaniem W\u0142och w Polsce; \u2013 chronieniem interes\u00f3w W\u0142och i ich obywateli w granicach dozwolonych przez prawo mi\u0119dzynarodowe; \u2013 negocjowanie z Rz\u0105dem RP; \u2013 zasi\u0119ganiem informacji w spos\u00f3b zgodny z prawem, o warunkach i [&hellip;]","protected":false},"author":1,"featured_media":0,"parent":0,"menu_order":2,"comment_status":"closed","ping_status":"closed","template":"","meta":{"footnotes":""},"class_list":["post-145","page","type-page","status-publish","hentry"],"_links":{"self":[{"href":"https:\/\/ambvarsavia.esteri.it\/pl\/wp-json\/wp\/v2\/pages\/145","targetHints":{"allow":["GET"]}}],"collection":[{"href":"https:\/\/ambvarsavia.esteri.it\/pl\/wp-json\/wp\/v2\/pages"}],"about":[{"href":"https:\/\/ambvarsavia.esteri.it\/pl\/wp-json\/wp\/v2\/types\/page"}],"author":[{"embeddable":true,"href":"https:\/\/ambvarsavia.esteri.it\/pl\/wp-json\/wp\/v2\/users\/1"}],"replies":[{"embeddable":true,"href":"https:\/\/ambvarsavia.esteri.it\/pl\/wp-json\/wp\/v2\/comments?post=145"}],"version-history":[{"count":2,"href":"https:\/\/ambvarsavia.esteri.it\/pl\/wp-json\/wp\/v2\/pages\/145\/revisions"}],"predecessor-version":[{"id":2913,"href":"https:\/\/ambvarsavia.esteri.it\/pl\/wp-json\/wp\/v2\/pages\/145\/revisions\/2913"}],"wp:attachment":[{"href":"https:\/\/ambvarsavia.esteri.it\/pl\/wp-json\/wp\/v2\/media?parent=145"}],"curies":[{"name":"wp","href":"https:\/\/api.w.org\/{rel}","templated":true}]}}