{"id":144,"date":"2023-04-11T18:24:48","date_gmt":"2023-04-11T16:24:48","guid":{"rendered":"https:\/\/ambvarsavia.esteri.it\/italia-e-polonia\/diplomazia-culturale\/turismo\/"},"modified":"2025-01-16T16:06:02","modified_gmt":"2025-01-16T15:06:02","slug":"turismo","status":"publish","type":"page","link":"https:\/\/ambvarsavia.esteri.it\/pl\/italia-e-polonia\/diplomazia-culturale\/turismo\/","title":{"rendered":"Turismo"},"content":{"rendered":"<p>L\u2019Italia rappresenta il primo paese scelto dai cittadini polacchi di et\u00e0 pari o superiore a 15 anni come meta di viaggi per motivi di svago e vacanza. Secondo i dati ufficiali delle Autorit\u00e0 polacche, il numero di turisti polacchi in Italia nel 2023 si \u00e8 aggirato intorno a un milione di persone.<\/p>\n","protected":false},"excerpt":{"rendered":"L\u2019Italia rappresenta il primo paese scelto dai cittadini polacchi di et\u00e0 pari o superiore a 15 anni come meta di viaggi per motivi di svago e vacanza. Secondo i dati ufficiali delle Autorit\u00e0 polacche, il numero di turisti polacchi in Italia nel 2023 si \u00e8 aggirato intorno a un milione di persone.","protected":false},"author":1,"featured_media":0,"parent":140,"menu_order":0,"comment_status":"closed","ping_status":"closed","template":"","meta":{"footnotes":""},"class_list":["post-144","page","type-page","status-publish","hentry"],"_links":{"self":[{"href":"https:\/\/ambvarsavia.esteri.it\/pl\/wp-json\/wp\/v2\/pages\/144","targetHints":{"allow":["GET"]}}],"collection":[{"href":"https:\/\/ambvarsavia.esteri.it\/pl\/wp-json\/wp\/v2\/pages"}],"about":[{"href":"https:\/\/ambvarsavia.esteri.it\/pl\/wp-json\/wp\/v2\/types\/page"}],"author":[{"embeddable":true,"href":"https:\/\/ambvarsavia.esteri.it\/pl\/wp-json\/wp\/v2\/users\/1"}],"replies":[{"embeddable":true,"href":"https:\/\/ambvarsavia.esteri.it\/pl\/wp-json\/wp\/v2\/comments?post=144"}],"version-history":[{"count":1,"href":"https:\/\/ambvarsavia.esteri.it\/pl\/wp-json\/wp\/v2\/pages\/144\/revisions"}],"predecessor-version":[{"id":3343,"href":"https:\/\/ambvarsavia.esteri.it\/pl\/wp-json\/wp\/v2\/pages\/144\/revisions\/3343"}],"up":[{"embeddable":true,"href":"https:\/\/ambvarsavia.esteri.it\/pl\/wp-json\/wp\/v2\/pages\/140"}],"wp:attachment":[{"href":"https:\/\/ambvarsavia.esteri.it\/pl\/wp-json\/wp\/v2\/media?parent=144"}],"curies":[{"name":"wp","href":"https:\/\/api.w.org\/{rel}","templated":true}]}}