{"id":135,"date":"2023-04-11T17:53:01","date_gmt":"2023-04-11T15:53:01","guid":{"rendered":"https:\/\/ambvarsavia.esteri.it\/lambasciatore\/"},"modified":"2024-05-08T14:28:04","modified_gmt":"2024-05-08T12:28:04","slug":"lambasciatore","status":"publish","type":"page","link":"https:\/\/ambvarsavia.esteri.it\/pl\/chi-siamo\/lambasciatore\/","title":{"rendered":"L\u2019Ambasciatore"},"content":{"rendered":"<h4><img loading=\"lazy\" decoding=\"async\" class=\"wp-image-2657 img-fluid alignleft\" src=\"https:\/\/ambvarsavia.esteri.it\/wp-content\/uploads\/2024\/05\/Foto-1-Qualita-Media.jpg\" alt=\"\" width=\"569\" height=\"711\" srcset=\"https:\/\/ambvarsavia.esteri.it\/wp-content\/uploads\/2024\/05\/Foto-1-Qualita-Media.jpg 1638w, https:\/\/ambvarsavia.esteri.it\/wp-content\/uploads\/2024\/05\/Foto-1-Qualita-Media-240x300.jpg 240w, https:\/\/ambvarsavia.esteri.it\/wp-content\/uploads\/2024\/05\/Foto-1-Qualita-Media-819x1024.jpg 819w, https:\/\/ambvarsavia.esteri.it\/wp-content\/uploads\/2024\/05\/Foto-1-Qualita-Media-768x960.jpg 768w\" sizes=\"auto, (max-width: 569px) 100vw, 569px\" \/><\/h4>\n<h4><\/h4>\n<h4><\/h4>\n<h4><\/h4>\n<h4><\/h4>\n<h4><\/h4>\n<h4><\/h4>\n<h4><\/h4>\n<h4><\/h4>\n<h4><\/h4>\n<h4><\/h4>\n<h4><\/h4>\n<h4><\/h4>\n<h4><\/h4>\n<h4><\/h4>\n<h4><\/h4>\n<h4><\/h4>\n<h4><\/h4>\n<h4>S.E. Luca Franchetti Pardo<\/h4>\n<p class=\"boxLevel03\"><em>Curriculum Vitae<\/em><\/p>\n<p class=\"boxLevel03\" style=\"text-align: justify;\">Nato a Washington D.C. il 19 giugno 1961 \u00e8 sposato con la Sig.ra Marta e ha due figli. Diplomato in studi classici, si \u00e8 Laureato in Scienze Politiche presso l&#8217;Universit\u00e0 degli Studi di Roma &#8222;La Sapienza&#8221;.<\/p>\n<p class=\"boxLevel03\" style=\"text-align: justify;\">Parla correntemente il francese, l&#8217;inglese, lo spagnolo ed il portoghese.<\/p>\n<p class=\"boxLevel03\" style=\"text-align: justify;\">Nel corso della sua carriera ha ricoperto i seguenti incarichi:<\/p>\n<p style=\"text-align: justify;\">2023: Ambasciatore d&#8217;Italia in Polonia<\/p>\n<p class=\"boxLevel03\" style=\"text-align: justify;\">2020: Vice Direttore Generale\/Direttore Centrale per le questioni di sicurezza presso il Ministero degli Affari Esteri a Roma;<\/p>\n<p style=\"text-align: justify;\">2016: Rappresentante italiano, con titolo e rango di Ambasciatore, presso il Comitato Politico e di Sicurezza (COPS) della UE, Bruxelles;<\/p>\n<p style=\"text-align: justify;\">2012: Vice Capo Missione presso l&#8217;Ambasciata d&#8217;Italia a Washington D.C.;<\/p>\n<p style=\"text-align: justify;\">2010: Direttore dell&#8217;Unit\u00e0 per la Federazione Russa, l&#8217;Europa Orientale, il Caucaso e l&#8217;Asia Centrale, presso il\u00a0Ministero degli Affari Esteri a Roma;<\/p>\n<p style=\"text-align: justify;\">2010: Promosso al grado di Ministro Plenipotenziario;<\/p>\n<p style=\"text-align: justify;\">2009: Direttore dell&#8217;Unit\u00e0 per i Balcani\u00a0presso il Ministero degli Affari Esteri a Roma;<\/p>\n<p style=\"text-align: justify;\">2008: Ministro Consigliere e Vice Rappresentante Permanente presso la Rappresentanza Permanente d&#8217;Italia presso il Consiglio Atlantico a Bruxelles;<\/p>\n<p style=\"text-align: justify;\">2005: Primo Consigliere presso la Rappresentanza Permanente d&#8217;Italia presso il Consiglio Atlantico a Bruxelles. Svolge altres\u00ec le funzioni di Portavoce della Rappresentanza Permanente e partecipa come membro delle Delegazioni italiane ai Vertici NATO a Riga (2006), Bucarest (2008) e Strasburgo\/Kehl (2009);<\/p>\n<p style=\"text-align: justify;\">2002: Vice Capo Missione e Portavoce dell&#8217;Ambasciata d&#8217;Italia a Tel Aviv;<\/p>\n<p style=\"text-align: justify;\">1999: Servizio Stampa e Informazione (Capo dell&#8217;ufficio competente per Medioriente e Africa) presso il Ministero degli Affari Esteri a Roma;<\/p>\n<p style=\"text-align: justify;\">1996: Capo dell&#8217;Ufficio Economico e Commerciale presso l&#8217;Ambasciata d&#8217;Italia a Vienna;<\/p>\n<p style=\"text-align: justify;\">1992: Primo Segretario per gli Affari Politici presso l&#8217;Ambasciata d&#8217;Italia a Il Cairo;<\/p>\n<p style=\"text-align: justify;\">1989: Ingresso in carriera diplomatica.\u00a0 Presta servizio presso la Direzione Generale per gli Affari Politici, Ufficio per il Medio Oriente ed il Mediterraneo, presso il Ministero degli Affari Esteri a Roma.<\/p>\n<p style=\"text-align: justify;\">\n","protected":false},"excerpt":{"rendered":"S.E. Luca Franchetti Pardo Curriculum Vitae Nato a Washington D.C. il 19 giugno 1961 \u00e8 sposato con la Sig.ra Marta e ha due figli. Diplomato in studi classici, si \u00e8 Laureato in Scienze Politiche presso l&#8217;Universit\u00e0 degli Studi di Roma &#8222;La Sapienza&#8221;. Parla correntemente il francese, l&#8217;inglese, lo spagnolo ed il portoghese. Nel corso della [&hellip;]","protected":false},"author":1,"featured_media":0,"parent":145,"menu_order":0,"comment_status":"closed","ping_status":"closed","template":"","meta":{"footnotes":""},"class_list":["post-135","page","type-page","status-publish","hentry"],"_links":{"self":[{"href":"https:\/\/ambvarsavia.esteri.it\/pl\/wp-json\/wp\/v2\/pages\/135","targetHints":{"allow":["GET"]}}],"collection":[{"href":"https:\/\/ambvarsavia.esteri.it\/pl\/wp-json\/wp\/v2\/pages"}],"about":[{"href":"https:\/\/ambvarsavia.esteri.it\/pl\/wp-json\/wp\/v2\/types\/page"}],"author":[{"embeddable":true,"href":"https:\/\/ambvarsavia.esteri.it\/pl\/wp-json\/wp\/v2\/users\/1"}],"replies":[{"embeddable":true,"href":"https:\/\/ambvarsavia.esteri.it\/pl\/wp-json\/wp\/v2\/comments?post=135"}],"version-history":[{"count":1,"href":"https:\/\/ambvarsavia.esteri.it\/pl\/wp-json\/wp\/v2\/pages\/135\/revisions"}],"predecessor-version":[{"id":2660,"href":"https:\/\/ambvarsavia.esteri.it\/pl\/wp-json\/wp\/v2\/pages\/135\/revisions\/2660"}],"up":[{"embeddable":true,"href":"https:\/\/ambvarsavia.esteri.it\/pl\/wp-json\/wp\/v2\/pages\/145"}],"wp:attachment":[{"href":"https:\/\/ambvarsavia.esteri.it\/pl\/wp-json\/wp\/v2\/media?parent=135"}],"curies":[{"name":"wp","href":"https:\/\/api.w.org\/{rel}","templated":true}]}}