{"id":1202,"date":"2023-07-25T10:38:07","date_gmt":"2023-07-25T08:38:07","guid":{"rendered":"https:\/\/ambvarsavia.esteri.it\/?page_id=1202"},"modified":"2023-07-31T11:39:34","modified_gmt":"2023-07-31T09:39:34","slug":"rejestr-obywateli-wloskich-zamieszkalych-za-granica-aire","status":"publish","type":"page","link":"https:\/\/ambvarsavia.esteri.it\/pl\/servizi-consolari-e-visti\/servizi-per-il-cittadino-italiano\/rejestr-obywateli-wloskich-zamieszkalych-za-granica-aire\/","title":{"rendered":"Rejestr obywateli w\u0142oskich zamieszka\u0142ych za granic\u0105 (AIRE)"},"content":{"rendered":"<p><a href=\"https:\/\/www.esteri.it\/en\/servizi-consolari-e-visti\/italiani-all-estero\/aire_0\/\">Register of Italians living abroad (A.I.R.E.) \u2013 Ministero degli Affari Esteri e della Cooperazione Internazionale<\/a><\/p>\n","protected":false},"excerpt":{"rendered":"Register of Italians living abroad (A.I.R.E.) \u2013 Ministero degli Affari Esteri e della Cooperazione Internazionale","protected":false},"author":4,"featured_media":0,"parent":155,"menu_order":3,"comment_status":"closed","ping_status":"closed","template":"","meta":{"footnotes":""},"class_list":["post-1202","page","type-page","status-publish","hentry"],"_links":{"self":[{"href":"https:\/\/ambvarsavia.esteri.it\/pl\/wp-json\/wp\/v2\/pages\/1202","targetHints":{"allow":["GET"]}}],"collection":[{"href":"https:\/\/ambvarsavia.esteri.it\/pl\/wp-json\/wp\/v2\/pages"}],"about":[{"href":"https:\/\/ambvarsavia.esteri.it\/pl\/wp-json\/wp\/v2\/types\/page"}],"author":[{"embeddable":true,"href":"https:\/\/ambvarsavia.esteri.it\/pl\/wp-json\/wp\/v2\/users\/4"}],"replies":[{"embeddable":true,"href":"https:\/\/ambvarsavia.esteri.it\/pl\/wp-json\/wp\/v2\/comments?post=1202"}],"version-history":[{"count":0,"href":"https:\/\/ambvarsavia.esteri.it\/pl\/wp-json\/wp\/v2\/pages\/1202\/revisions"}],"up":[{"embeddable":true,"href":"https:\/\/ambvarsavia.esteri.it\/pl\/wp-json\/wp\/v2\/pages\/155"}],"wp:attachment":[{"href":"https:\/\/ambvarsavia.esteri.it\/pl\/wp-json\/wp\/v2\/media?parent=1202"}],"curies":[{"name":"wp","href":"https:\/\/api.w.org\/{rel}","templated":true}]}}