{"id":97,"date":"2023-04-11T18:24:01","date_gmt":"2023-04-11T16:24:01","guid":{"rendered":"https:\/\/ambasciatapraga.esteri.it\/?page_id=97"},"modified":"2025-03-20T11:26:59","modified_gmt":"2025-03-20T10:26:59","slug":"fare-affari-in-italia","status":"publish","type":"page","link":"https:\/\/ambvarsavia.esteri.it\/it\/italia-e-polonia\/diplomazia-economica\/fare-affari-in-italia\/","title":{"rendered":"Fare affari in Italia"},"content":{"rendered":"<p style=\"text-align: justify;\">L\u2019economia italiana \u00e8 una delle pi\u00f9 grandi al mondo e l\u2019Italia, da pi\u00f9 di trent\u2019anni, \u00e8 il secondo paese manifatturiero in Europa (la produzione italiana costituisce quasi il 13% del PIL dell\u2019Unione Europea). Come molti paesi sviluppati, la maggior parte del PIL italiano deriva dal settore terziario (72,6%). L\u2019Italia \u00e8 inoltre la sesta economia OCSE.<\/p>\n<p style=\"text-align: justify;\">Per caratteristiche della struttura produttiva, la composizione italiana per settori di attivit\u00e0 economica risulta simile a quella dei principali Paesi europei, con il 25,7% della produzione nel comparto manifatturiero e delle costruzioni e con quasi il 72% in quello dei servizi. All\u2019interno di quest\u2019ultimo settore, il commercio, i trasporti e le comunicazioni assorbono una quota di PIL pi\u00f9 elevata rispetto alla media dei Paesi europei. Situata nel cuore del mediterraneo, l\u2019Italia rappresenta uno snodo cruciale per i collegamenti stradali, marittimi ed aerei tra il Nord ed il Sud d\u2019Europa.<\/p>\n<p style=\"text-align: justify;\">L\u2019Italia rappresenta una porta d\u2019accesso al mercato europeo con una rete di trasporti ben sviluppata e diversificata. Inoltre, \u00e8 in posizione strategica rispetto ai Paesi del Medio Oriente e del Nord Africa. Le imprese che investono in Italia possono contare su una fitta rete di PMI e distretti industriali presenti su tutto il territorio nazionale e ben collocati nelle filiere internazionali, fornendo beni intermedi di alta qualit\u00e0.<\/p>\n<p style=\"text-align: justify;\">Il mercato italiano offre innumerevoli opportunit\u00e0 alle imprese in espansione, con quasi 60 milioni di consumatori e un PIL che si colloca al quarto posto in Europa. Grazie alla sua ubicazione strategica, l\u2019Italia permette di raggiungere facilmente i 396 milioni di consumatori negli altri Stati dell\u2019Unione europea e i 240 milioni dell\u2019Africa settentrionale e del Medio Oriente.<\/p>\n<p style=\"text-align: justify;\">Ricerca e innovazione sono ampiamente integrate nei processi industriali, con punte di riconosciuta eccellenza in differenti settori delle scienze della vita (in primis le neuroscienze), fisica e ingegneria (ad es. la robotica), scienze sociali e discipline umanistiche (tra tutte l\u2019archeologia hi-tech). Il sistema universitario in Italia ha radici antiche, \u00e8 dinamico e di ottima qualit\u00e0 e a fronte di una preparazione accademica elevata, il costo del lavoro \u00e8 relativamente conveniente rispetto ad altri paesi dell\u2019Eurozona.<\/p>\n<p style=\"text-align: justify;\">In Europa, l\u2019Italia si colloca al primo posto come Paese con il minor costo di insediamento per il settore delle biotecnologie e al secondo posto per i test su prodotto nelle attivit\u00e0 di ricerca e sviluppo, nella chimica e nell\u2019elettronica.<\/p>\n<p style=\"text-align: justify;\">Nell\u2019ottica di stimolare Investimenti e Commercio, l\u2019Italia si \u00e8 dotata di un\u2019apposita Agenzia -l\u2019ICE &#8211; in grado di offrire attivit\u00e0 di informazione, assistenza, consulenza e formazione. Nei suoi obiettivi, troviamo il favorire insediamento e sviluppo di progetti di aziende straniere in Italia, nonch\u00e9 il supporto agli investitori per tutto il ciclo di vita del progetto.<\/p>\n<p style=\"text-align: left;\"><strong>Si rimanda al sito ed alla sede competente a Varsavia:<\/strong> https:\/\/www.ice.it\/it\/mercati\/polonia\/varsavia\u00a0<\/p>\n","protected":false},"excerpt":{"rendered":"L\u2019economia italiana \u00e8 una delle pi\u00f9 grandi al mondo e l\u2019Italia, da pi\u00f9 di trent\u2019anni, \u00e8 il secondo paese manifatturiero in Europa (la produzione italiana costituisce quasi il 13% del PIL dell\u2019Unione Europea). Come molti paesi sviluppati, la maggior parte del PIL italiano deriva dal settore terziario (72,6%). L\u2019Italia \u00e8 inoltre la sesta economia OCSE. [&hellip;]","protected":false},"author":1,"featured_media":0,"parent":43,"menu_order":0,"comment_status":"closed","ping_status":"closed","template":"","meta":{"footnotes":""},"class_list":["post-97","page","type-page","status-publish","hentry"],"_links":{"self":[{"href":"https:\/\/ambvarsavia.esteri.it\/it\/wp-json\/wp\/v2\/pages\/97","targetHints":{"allow":["GET"]}}],"collection":[{"href":"https:\/\/ambvarsavia.esteri.it\/it\/wp-json\/wp\/v2\/pages"}],"about":[{"href":"https:\/\/ambvarsavia.esteri.it\/it\/wp-json\/wp\/v2\/types\/page"}],"author":[{"embeddable":true,"href":"https:\/\/ambvarsavia.esteri.it\/it\/wp-json\/wp\/v2\/users\/1"}],"replies":[{"embeddable":true,"href":"https:\/\/ambvarsavia.esteri.it\/it\/wp-json\/wp\/v2\/comments?post=97"}],"version-history":[{"count":2,"href":"https:\/\/ambvarsavia.esteri.it\/it\/wp-json\/wp\/v2\/pages\/97\/revisions"}],"predecessor-version":[{"id":3585,"href":"https:\/\/ambvarsavia.esteri.it\/it\/wp-json\/wp\/v2\/pages\/97\/revisions\/3585"}],"up":[{"embeddable":true,"href":"https:\/\/ambvarsavia.esteri.it\/it\/wp-json\/wp\/v2\/pages\/43"}],"wp:attachment":[{"href":"https:\/\/ambvarsavia.esteri.it\/it\/wp-json\/wp\/v2\/media?parent=97"}],"curies":[{"name":"wp","href":"https:\/\/api.w.org\/{rel}","templated":true}]}}