{"id":927,"date":"2023-07-24T17:43:38","date_gmt":"2023-07-24T15:43:38","guid":{"rendered":"https:\/\/ambvarsavia.esteri.it\/?page_id=927"},"modified":"2024-03-04T11:38:24","modified_gmt":"2024-03-04T10:38:24","slug":"come-richiedere-il-passaporto","status":"publish","type":"page","link":"https:\/\/ambvarsavia.esteri.it\/it\/servizi-consolari-e-visti\/servizi-per-il-cittadino-italiano\/passaporti-e-carte-didentita\/come-richiedere-il-passaporto\/","title":{"rendered":"Come richiedere il passaporto"},"content":{"rendered":"<p><em>Il passaporto \u00e8 un documento di viaggio e di riconoscimento. Il suo rilascio \u00e8 di competenza dell\u2019Ufficio Passaporti della Circoscrizione Consolare in cui il cittadino italiano \u00e8 residente.<\/em><\/p>\n<p><strong>\u00a0<\/strong><\/p>\n<h5><strong>CHI PUO&#8217; RICHIEDERE IL RILASCIO DEL PASSAPORTO <\/strong><\/h5>\n<p style=\"text-align: left;\">Possono richiedere il rilascio del passaporto presso la Cancelleria Consolare dell\u2019Ambasciata d\u2019Italia a Varsavia\u00a0tutti i <strong>cittadini italiani residenti in Polonia<\/strong> regolarmente <strong>iscritti all\u2019A.I.R.E<\/strong>. Unicamente in casi eccezionali e debitamente motivati potranno richiedere tale documento anche i cittadini non residenti in questa circoscrizione consolare. Si fa, tuttavia, presente che verranno trattate prioritariamente le pratiche dei connazionali residenti in Polonia.<\/p>\n<p>&nbsp;<\/p>\n<h5><strong>COME RICHIEDERE IL RILASCIO DEL PASSAPORTO <\/strong><\/h5>\n<p>La trattazione della pratica presso gli Uffici di questa Cancelleria Consolare avviene solo <strong>previo appuntamento<\/strong>.<\/p>\n<p>La <strong>prenotazione dell&#8217;appuntamento<\/strong> per richiedere il rilascio del passaporto si effettua <strong>ESCLUSIVAMENTE ONLINE<\/strong> sul portale <a href=\"https:\/\/prenotami.esteri.it\/\"><strong><u>Prenot@mi<\/u><\/strong><\/a>.<\/p>\n<p>&nbsp;<\/p>\n<p>A partire da venerd\u00ec <strong>1\u00b0 marzo 2024<\/strong>, l\u2019apertura degli slot sar\u00e0 a cadenza bisettimanale (ogni due settimane). <strong>Ogni giorno, alle ore 20:00<\/strong>, verr\u00e0 aperta una nuova giornata di appuntamenti, in coda alle precedenti. In caso di un luned\u00ec festivo, il servizio si attiver\u00e0 il primo giorno lavorativo seguente alla stessa ora.<\/p>\n<p>&nbsp;<\/p>\n<p>Si ricorda che \u00e8 necessario confermare l\u2019appuntamento fissato attraverso l\u2019apposita funzione, altrimenti verr\u00e0 annullato dal sistema.<\/p>\n<p>&nbsp;<\/p>\n<h5><strong>DOCUMENTAZIONE NECESSARIA PER IL RILASCIO DEL PASSAPORTO<\/strong><\/h5>\n<p style=\"text-align: justify;\">La documentazione necessaria per il rilascio \u00e8 la seguente:<\/p>\n<ol style=\"text-align: justify;\">\n<li style=\"text-align: justify;\">formulario compilato per la richiesta di rilascio di un nuovo passaporto (vedi sezione <a href=\"https:\/\/ambvarsavia.esteri.it\/it\/servizi-consolari-e-visti\/servizi-per-il-cittadino-italiano\/albo-consolare-e-altri-servizi\/modulistica\/\">Modulistica<\/a>);<\/li>\n<li style=\"text-align: justify;\">passaporto attuale o altro documento d\u2019identit\u00e0;<\/li>\n<li style=\"text-align: justify;\">2 foto tessera recenti a colori, frontali su sfondo bianco, di dimensioni 35x40mm;<\/li>\n<li style=\"text-align: justify;\">l\u2019equivalente in Zloty di Euro 42,50 per il costo del libretto e di Euro 73,50 per il contributo amministrativo, calcolato trimestralmente secondo il <span style=\"text-decoration: underline;\">tasso di cambio consolare trimestrale Euro\/Zloty<\/span> pubblicato su <a href=\"https:\/\/ambvarsavia.esteri.it\/it\/servizi-consolari-e-visti\/\">Servizi consolari e Visti<\/a> in fondo alla pagina.<\/li>\n<\/ol>\n<p>&nbsp;<\/p>\n<h5><strong>FIGLI MINORENNI<\/strong><\/h5>\n<p style=\"text-align: justify;\">Non \u00e8 pi\u00f9 possibile procedere all\u2019iscrizione di minori sul libretto dei genitori. Al minore sar\u00e0 pertanto rilasciato, <strong>su richiesta di entrambi i genitori<\/strong>, un passaporto individuale (i minori di 12 anni sono esentati dalla rilevazione delle impronte).<\/p>\n<p style=\"text-align: justify;\">Se il minore \u00e8 nato all&#8217;estero, per il rilascio del passaporto \u00e8 necessario verificare che il suo atto di nascita sia stato trascritto nel Comune in Italia. In caso negativo per i nati in Polonia occorrer\u00e0 provvedere alla trascrizione.<\/p>\n<p style=\"text-align: justify;\">Si evidenzia che sar\u00e0 possibile rilasciare il passaporto ai figli minori, anche se esentati dalla rilevazione delle impronte in quanto minori di anni 12, solamente se <strong>fisicamente presenti in Ambasciata il giorno dell\u2019appuntamento<\/strong>.<\/p>\n<p>&nbsp;<\/p>\n<h5><strong>QUANDO VIENE RILASCIATO IL PASSAPORTO <\/strong><\/h5>\n<p>Subito. Il passaporto verr\u00e0 rilasciato il giorno dell&#8217;appuntamento a seguito del corretto espletamento delle relative pratiche (salvo imprevisti tecnici). Si ricorda inoltre che sar\u00e0 possibile rilasciare il passaporto solo se:<\/p>\n<ul>\n<li>il connazionale presenter\u00e0 una documentazione completa e corretta in tutte le sue parti (per conoscere i documenti necessari si prega do consultare la sezione &#8220;Documentazione necessaria per il rilascio del passaporto&#8221; sopra riportata);<\/li>\n<li>non verranno riscontrate cause ostative al momento della presentazione della richiesta di rilascio del passaporto.<\/li>\n<\/ul>\n<p>&nbsp;<\/p>\n<h5><strong>MODULISTICA<\/strong><\/h5>\n<p>Tutti i moduli scaricabili si trovano sotto la voce <a href=\"https:\/\/ambvarsavia.esteri.it\/it\/servizi-consolari-e-visti\/servizi-per-il-cittadino-italiano\/albo-consolare-e-altri-servizi\/modulistica\/\">Modulistica<\/a>.<\/p>\n<p>&nbsp;<\/p>\n<h5><strong>COME RICHIEDERE UNA PROCEDURA D\u2019URGENZA<\/strong><\/h5>\n<p>Nei casi di <strong>comprovata urgenza<\/strong>, il cittadino italiano residente in Polonia, regolarmente <strong>iscritto all\u2019A.I.R.E<\/strong>, pu\u00f2 richiedere un appuntamento d\u2019emergenza al Consolato anticipando per email idonea documentazione attestante l\u2019effettiva necessit\u00e0 ed urgenza. Tale casistica verr\u00e0 valutata caso per caso e con estrema attenzione.<\/p>\n<p>&nbsp;<\/p>\n<p>L\u2019urgenza deve essere giustificata da:<\/p>\n<ul>\n<li>gravi motivi familiari \/di salute, comprovati da certificato medico di una struttura pubblica, nonch\u00e9 dalla presentazione della prenotazione del volo, o altro titolo di viaggio (con chiara indicazione dei passeggeri e della data del viaggio)<\/li>\n<li>improrogabili necessit\u00e0 di lavoro comprovate da richiesta motivata e dettagliata su carta intestata del datore di lavoro, nonch\u00e9 dalla presentazione della prenotazione del volo, o altro titolo di viaggio (con chiara indicazione dei passeggeri e della data del viaggio). Quest\u2019ultima deve essere firmata da chi ricopre incarichi dirigenziali e deve riportare l\u2019indicazione del nominativo di chi firma, il ruolo ricoperto ed il numero di telefono. Si ricorda che i benefici della procedura d\u2019urgenza per motivi di lavoro NON potranno in alcun modo essere estesi anche ai familiari del titolare.<\/li>\n<\/ul>\n<p>&nbsp;<\/p>\n<p>NON saranno ritenute valide le seguenti prove d\u2019urgenza\/emergenza:<\/p>\n<ul>\n<li>Prenotazioni di visite mediche, da effettuarsi in Italia o in altri Paesi, che siano effettuabili in Polonia;<\/li>\n<li>Certificati medici dai quali non si evinca chiaramente la presenza di una condizione medica di una certa gravit\u00e0 riguardante un diretto familiare;<\/li>\n<li>I soli biglietti aerei o lettere di parenti, conoscenti, ecc.<\/li>\n<li>Dimostrazione di impegni lavorativi urgenti comprovati da messaggi ricevuti via email;<\/li>\n<li>Autocertificazioni del richiedente su situazioni di urgenza\/emergenza non comprovate da adeguata documentazione in supporto;<\/li>\n<li>Il possesso di biglietti aerei o la prenotazione di vacanze;<\/li>\n<li>Gite scolastiche.<\/li>\n<\/ul>\n<p>&nbsp;<\/p>\n<p>La procedura comporta il pagamento di diritti d\u2019urgenza (vedi &#8220;Informazioni importanti&#8221; nella sezione <a href=\"https:\/\/ambvarsavia.esteri.it\/it\/servizi-consolari-e-visti\/\">Servizi Consolari e Visti<\/a>).<\/p>\n<p>&nbsp;<\/p>\n<h5><strong>CONTATTO<\/strong><\/h5>\n<p>e-mail: <a href=\"mailto:passaporti.varsavia@esteri.it\">passaporti.varsavia@esteri.it<\/a><\/p>\n<p style=\"text-align: justify;\">\n","protected":false},"excerpt":{"rendered":"Il passaporto \u00e8 un documento di viaggio e di riconoscimento. Il suo rilascio \u00e8 di competenza dell\u2019Ufficio Passaporti della Circoscrizione Consolare in cui il cittadino italiano \u00e8 residente. \u00a0 CHI PUO&#8217; RICHIEDERE IL RILASCIO DEL PASSAPORTO Possono richiedere il rilascio del passaporto presso la Cancelleria Consolare dell\u2019Ambasciata d\u2019Italia a Varsavia\u00a0tutti i cittadini italiani residenti in [&hellip;]","protected":false},"author":4,"featured_media":0,"parent":49,"menu_order":0,"comment_status":"closed","ping_status":"closed","template":"","meta":{"footnotes":""},"class_list":["post-927","page","type-page","status-publish","hentry"],"_links":{"self":[{"href":"https:\/\/ambvarsavia.esteri.it\/it\/wp-json\/wp\/v2\/pages\/927","targetHints":{"allow":["GET"]}}],"collection":[{"href":"https:\/\/ambvarsavia.esteri.it\/it\/wp-json\/wp\/v2\/pages"}],"about":[{"href":"https:\/\/ambvarsavia.esteri.it\/it\/wp-json\/wp\/v2\/types\/page"}],"author":[{"embeddable":true,"href":"https:\/\/ambvarsavia.esteri.it\/it\/wp-json\/wp\/v2\/users\/4"}],"replies":[{"embeddable":true,"href":"https:\/\/ambvarsavia.esteri.it\/it\/wp-json\/wp\/v2\/comments?post=927"}],"version-history":[{"count":2,"href":"https:\/\/ambvarsavia.esteri.it\/it\/wp-json\/wp\/v2\/pages\/927\/revisions"}],"predecessor-version":[{"id":2415,"href":"https:\/\/ambvarsavia.esteri.it\/it\/wp-json\/wp\/v2\/pages\/927\/revisions\/2415"}],"up":[{"embeddable":true,"href":"https:\/\/ambvarsavia.esteri.it\/it\/wp-json\/wp\/v2\/pages\/49"}],"wp:attachment":[{"href":"https:\/\/ambvarsavia.esteri.it\/it\/wp-json\/wp\/v2\/media?parent=927"}],"curies":[{"name":"wp","href":"https:\/\/api.w.org\/{rel}","templated":true}]}}