{"id":91,"date":"2023-04-11T18:22:39","date_gmt":"2023-04-11T16:22:39","guid":{"rendered":"https:\/\/ambasciatapraga.esteri.it\/?page_id=91"},"modified":"2025-04-07T14:10:50","modified_gmt":"2025-04-07T12:10:50","slug":"traduzione-e-legalizzazione-dei-documenti","status":"publish","type":"page","link":"https:\/\/ambvarsavia.esteri.it\/it\/servizi-consolari-e-visti\/servizi-per-il-cittadino-straniero\/traduzione-e-legalizzazione-dei-documenti\/","title":{"rendered":"Traduzione e legalizzazione dei documenti"},"content":{"rendered":"<p><a href=\"https:\/\/www.esteri.it\/it\/servizi-consolari-e-visti\/italiani-all-estero\/traduzione-e-legalizzazione-documenti\/\">Traduzione e legalizzazione dei documenti<\/a><\/p>\n<p>Per\u00a0un elenco di\u00a0traduttori giurati riconosciuti in Polonia si rimanda alla sezione &#8220;<a href=\"http:\/\/www.ambvarsavia.esteri.it\/ambasciata_varsavia\/it\/in_linea_con_utente\/professionisti_lingua_italiana\">Professionisti di lingua italiana<\/a>&#8220;.<\/p>\n<div class=\"entry-content\">\n<p><strong>L\u2019apostille<br \/>\n<\/strong>Nei Paesi che hanno sottoscritto la Convenzione de L\u2019Aia del 5 ottobre 1961 relativa all\u2019abolizione della legalizzazione di atti pubblici stranieri, la necessit\u00e0 di legalizzare gli atti e i documenti rilasciati da autorit\u00e0 straniere \u00e8 sostituita da un\u2019altra formalit\u00e0: l\u2019apposizione della \u201cpostilla\u201d (o apostille).<br \/>\nPertanto, una persona proveniente da un Paese che ha aderito a questa Convenzione non ha bisogno di recarsi presso la Rappresentanza consolare e chiedere la legalizzazione, ma pu\u00f2 recarsi presso la competente autorit\u00e0 interna designata da ciascuno Stato \u2013 e indicata per ciascun Paese nell\u2019atto di adesione alla Convenzione stessa (normalmente si tratta del Ministero degli Esteri) \u2013 per ottenere l\u2019apposizione dell\u2019apostille sul documento. Cos\u00ec perfezionato, il documento viene riconosciuto in Italia.<\/p>\n<p>L\u2019elenco aggiornato dei Paesi che hanno ratificato la Convenzione de L\u2019Aja e delle autorit\u00e0 competenti all\u2019apposizione dell\u2019apostille per ciascuno degli Stati \u00e8 disponibile sul sito web della Conferenza de L\u2019Aja di diritto internazionale privato:<br \/>\n<a href=\"http:\/\/www.hcch.net\/\">http:\/\/www.hcch.net\/<\/a>.<\/p>\n<\/div>\n","protected":false},"excerpt":{"rendered":"Traduzione e legalizzazione dei documenti Per\u00a0un elenco di\u00a0traduttori giurati riconosciuti in Polonia si rimanda alla sezione &#8220;Professionisti di lingua italiana&#8220;. L\u2019apostille Nei Paesi che hanno sottoscritto la Convenzione de L\u2019Aia del 5 ottobre 1961 relativa all\u2019abolizione della legalizzazione di atti pubblici stranieri, la necessit\u00e0 di legalizzare gli atti e i documenti rilasciati da autorit\u00e0 straniere [&hellip;]","protected":false},"author":1,"featured_media":0,"parent":48,"menu_order":4,"comment_status":"closed","ping_status":"closed","template":"","meta":{"footnotes":""},"class_list":["post-91","page","type-page","status-publish","hentry"],"_links":{"self":[{"href":"https:\/\/ambvarsavia.esteri.it\/it\/wp-json\/wp\/v2\/pages\/91","targetHints":{"allow":["GET"]}}],"collection":[{"href":"https:\/\/ambvarsavia.esteri.it\/it\/wp-json\/wp\/v2\/pages"}],"about":[{"href":"https:\/\/ambvarsavia.esteri.it\/it\/wp-json\/wp\/v2\/types\/page"}],"author":[{"embeddable":true,"href":"https:\/\/ambvarsavia.esteri.it\/it\/wp-json\/wp\/v2\/users\/1"}],"replies":[{"embeddable":true,"href":"https:\/\/ambvarsavia.esteri.it\/it\/wp-json\/wp\/v2\/comments?post=91"}],"version-history":[{"count":1,"href":"https:\/\/ambvarsavia.esteri.it\/it\/wp-json\/wp\/v2\/pages\/91\/revisions"}],"predecessor-version":[{"id":3662,"href":"https:\/\/ambvarsavia.esteri.it\/it\/wp-json\/wp\/v2\/pages\/91\/revisions\/3662"}],"up":[{"embeddable":true,"href":"https:\/\/ambvarsavia.esteri.it\/it\/wp-json\/wp\/v2\/pages\/48"}],"wp:attachment":[{"href":"https:\/\/ambvarsavia.esteri.it\/it\/wp-json\/wp\/v2\/media?parent=91"}],"curies":[{"name":"wp","href":"https:\/\/api.w.org\/{rel}","templated":true}]}}