{"id":75,"date":"2023-04-11T18:20:20","date_gmt":"2023-04-11T16:20:20","guid":{"rendered":"https:\/\/ambasciatapraga.esteri.it\/?page_id=75"},"modified":"2025-03-20T14:41:45","modified_gmt":"2025-03-20T13:41:45","slug":"codice-fiscale","status":"publish","type":"page","link":"https:\/\/ambvarsavia.esteri.it\/it\/servizi-consolari-e-visti\/servizi-per-il-cittadino-italiano\/codice-fiscale\/","title":{"rendered":"Codice fiscale"},"content":{"rendered":"<header><strong><u>CITTADINI ITALIANI RESIDENTI ALL\u2019ESTERO ISCRITTI AIRE<\/u><\/strong>Il codice fiscale viene attribuito <strong>soltanto<\/strong> ai connazionali iscritti all\u2019AIRE in Polonia.<\/p>\n<p><strong>Avvertenze<\/strong>:<\/p>\n<p>Il codice fiscale non scade e non cambia per trasferimento all\u2019estero.<\/p>\n<p>Il codice fiscale NON coincide con la tessera sanitaria. La tessera sanitaria, rilasciata esclusivamente in Italia, ha una scadenza ed \u00e8 legata alla residenza in Italia. Pertanto, chi \u00e8 iscritto all\u2019AIRE, e dunque residente all\u2019estero, NON PU\u00d2 richiedere la tessera sanitaria.<\/p>\n<p>Questo Ufficio <strong>non pu\u00f2 modificare un codice fiscale<\/strong> a seguito di un errore di compilazione o cambiamento di nome. Per eventuali modifiche l\u2019interessato deve rivolgersi direttamente a una delle sedi dell\u2019Agenzia delle Entrate in Italia.<\/p>\n<p>I <strong>cittadini italiani NON iscritti all\u2019AIRE<\/strong> potranno presentare la richiesta direttamente a qualsiasi Ufficio dell\u2019Agenzia delle Entrate (<a href=\"https:\/\/www.agenziaentrate.gov.it\/portale\/home\">www.agenziaentrate.it<\/a>).<\/p>\n<p><strong><u>\u00a0<\/u><\/strong><\/p>\n<p><strong><u>PROCEDURA DI RICHIESTA CODICE FISCALE<\/u><\/strong><\/p>\n<p>I cittadini italiani maggiorenni iscritti all\u2019AIRE possono <strong>chiedere<\/strong> <strong>il codice fiscale<\/strong>, per se stessi e per i <strong>figli minorenni<\/strong>, attraverso il <a href=\"https:\/\/serviziconsolari.esteri.it\/#_blank\"><strong>Portale Fast It<\/strong><\/a> accedendo al relativo servizio e seguendo le indicazioni. Sempre attraverso il portale Fast It sar\u00e0 possibile scaricare il <strong>certificato di attestazione del codice fiscale<\/strong>, una volta che sar\u00e0 stata completata la lavorazione della pratica.<\/p>\n<p>&nbsp;<\/p>\n<p><strong><em>Come?<\/em><\/strong><\/p>\n<ol>\n<li>Accedi al <a href=\"https:\/\/serviziconsolari.esteri.it\/ScoFE\/index.sco\">Portale Fast It<\/a>;<\/li>\n<li>Clicca su \u201cAnagrafe Consolare e AIRE\u201d e poi su\u00a0\u201cAttribuzione Codice Fiscale\u201d;<\/li>\n<li>Conferma i dati e avvia la richiesta;<\/li>\n<li>Dopo che la richiesta sar\u00e0 stata lavorata dalla Cancelleria consolare, potrai scaricare in autonomia (download) il certificato di attribuzione del Codice Fiscale.<\/li>\n<\/ol>\n<p><strong>Attenzione:<\/strong><\/p>\n<p>Il modulo di richiesta deve essere compilato con i <strong>dati anagrafici<\/strong> <strong>riportati sul documento d\u2019identit\u00e0 italiano<\/strong>.<\/p>\n<p>L\u2019indirizzo estero (polacco) riportato nella domanda deve essere completo e includere il luogo, il codice postale, il numero civico e, se esistente, il nome della via e il numero dell\u2019appartamento.<\/p>\n<p>&nbsp;<\/p>\n<p><strong><em>Se non riesci a scaricare\u00a0il certificato di attribuzione del Codice Fiscale:<\/em><\/strong><\/p>\n<ol>\n<li>Registrati sul\u00a0<a href=\"https:\/\/serviziconsolari.esteri.it\/#_blank\">portale FAST IT<\/a>, oppure accedi se hai gi\u00e0 un account attivo;<\/li>\n<li>Richiedi la \u201cAssociazione Online\u201d cliccando su \u201cAnagrafe Consolare e AIRE\u201d e poi su \u201cVisualizzare la propria scheda anagrafica\u201d;<\/li>\n<li>Riceverai sulla tua casella di posta il messaggio di avvenuta associazione.<\/li>\n<li>Accedi nuovamente al portale e scarica il certificato.<\/li>\n<\/ol>\n<p>I cittadini maggiorenni iscritti all\u2019AIRE che hanno gi\u00e0 il codice fiscale possono <strong>scaricare direttamente il certificato di attestazione del codice fiscale <\/strong>attraverso il portale telematico Fast-it accedendo al relativo servizio e seguendo le indicazioni fornite per chiedere il codice fiscale; in questo caso <u>non<\/u> sar\u00e0 necessario l\u2019intervento della Cancelleria consolare per il rilascio del certificato.<\/p>\n<p>&nbsp;<\/p>\n<p><strong>FIGLI MINORENNI<\/strong><\/p>\n<p><strong>Dal 2020, al momento della trascrizione dell\u2019atto di nascita viene automaticamente attribuito un codice fiscale al figlio\/a<\/strong>. Di conseguenza, tutte le richieste di rilascio del codice fiscale per i figli minorenni presentate prima dell\u2019avvenuta trascrizione <strong><u>non<\/u><\/strong> saranno prese in considerazione.<\/p>\n<p>Per i figli minorenni nati prima del 2020 andr\u00e0 seguita la procedura su Fast-It.<\/p>\n<p>&nbsp;<\/p>\n<p><strong>TESSERINO<\/strong><\/p>\n<p>Il tesserino plastificato con il codice fiscale <u>non<\/u> \u00e8 la tessera sanitaria. La tessera sanitaria, rilasciata esclusivamente in Italia, ha una scadenza ed \u00e8 legata alla residenza in Italia. Pertanto, chi \u00e8 iscritto all\u2019AIRE, e dunque residente all\u2019estero, <strong>NON PU\u00d2<\/strong> richiedere la tessera sanitaria.<\/p>\n<p><strong>La Cancelleria Consolare <u>non rilascia\u00a0tesserini plastificati<\/u>.<\/strong> <strong>Il tesserino\u00a0<\/strong>plastificato <strong>\u00e8 rilasciato dall\u2019Agenzia delle Entrate su richiesta<\/strong> <strong>dell\u2019interessato <\/strong>presentando l\u2019apposito modulo sul portale Fast-It unitamente alla copia di un documento d\u2019identit\u00e0<strong>. I tempi di attesa sono di circa 12\/16 settimane e non dipendono da questo Ufficio.<\/strong><\/p>\n<p>Il tesserino viene inviato dall\u2019Agenzia delle Entrate alla Cancelleria Consolare, che provvede a spedirlo<strong> all\u2019indirizzo di residenza AIRE presente nello schedario consolare<\/strong>. Prima di richiedere il tesserino \u00e8 necessario controllare che tutti i dati siano coretti visualizzando la propria scheda anagrafica tramite il portale <a href=\"https:\/\/serviziconsolari.esteri.it\/ScoFE\/index.sco\">Fast It<\/a>.<\/p>\n<p>In caso di <strong>smarrimento o distruzione del certificato cartaceo o del tesserino plastificato<\/strong>, pu\u00f2 essere richiesto il duplicato con le stesse modalit\u00e0 dell\u2019attribuzione.<\/p>\n<\/header>\n","protected":false},"excerpt":{"rendered":"CITTADINI ITALIANI RESIDENTI ALL\u2019ESTERO ISCRITTI AIREIl codice fiscale viene attribuito soltanto ai connazionali iscritti all\u2019AIRE in Polonia. Avvertenze: Il codice fiscale non scade e non cambia per trasferimento all\u2019estero. Il codice fiscale NON coincide con la tessera sanitaria. La tessera sanitaria, rilasciata esclusivamente in Italia, ha una scadenza ed \u00e8 legata alla residenza in Italia. [&hellip;]","protected":false},"author":1,"featured_media":0,"parent":47,"menu_order":18,"comment_status":"closed","ping_status":"closed","template":"","meta":{"footnotes":""},"class_list":["post-75","page","type-page","status-publish","hentry"],"_links":{"self":[{"href":"https:\/\/ambvarsavia.esteri.it\/it\/wp-json\/wp\/v2\/pages\/75","targetHints":{"allow":["GET"]}}],"collection":[{"href":"https:\/\/ambvarsavia.esteri.it\/it\/wp-json\/wp\/v2\/pages"}],"about":[{"href":"https:\/\/ambvarsavia.esteri.it\/it\/wp-json\/wp\/v2\/types\/page"}],"author":[{"embeddable":true,"href":"https:\/\/ambvarsavia.esteri.it\/it\/wp-json\/wp\/v2\/users\/1"}],"replies":[{"embeddable":true,"href":"https:\/\/ambvarsavia.esteri.it\/it\/wp-json\/wp\/v2\/comments?post=75"}],"version-history":[{"count":6,"href":"https:\/\/ambvarsavia.esteri.it\/it\/wp-json\/wp\/v2\/pages\/75\/revisions"}],"predecessor-version":[{"id":2256,"href":"https:\/\/ambvarsavia.esteri.it\/it\/wp-json\/wp\/v2\/pages\/75\/revisions\/2256"}],"up":[{"embeddable":true,"href":"https:\/\/ambvarsavia.esteri.it\/it\/wp-json\/wp\/v2\/pages\/47"}],"wp:attachment":[{"href":"https:\/\/ambvarsavia.esteri.it\/it\/wp-json\/wp\/v2\/media?parent=75"}],"curies":[{"name":"wp","href":"https:\/\/api.w.org\/{rel}","templated":true}]}}