{"id":72,"date":"2023-04-11T18:19:34","date_gmt":"2023-04-11T16:19:34","guid":{"rendered":"https:\/\/ambasciatapraga.esteri.it\/?page_id=72"},"modified":"2023-07-31T12:13:17","modified_gmt":"2023-07-31T10:13:17","slug":"pensioni-e-sicurezza-sociale","status":"publish","type":"page","link":"https:\/\/ambvarsavia.esteri.it\/it\/servizi-consolari-e-visti\/servizi-per-il-cittadino-italiano\/pensioni-e-sicurezza-sociale\/","title":{"rendered":"Pensioni e sicurezza sociale"},"content":{"rendered":"<p class=\"boxLevel04\" style=\"text-align: justify;\"><a href=\"https:\/\/www.esteri.it\/it\/servizi-consolari-e-visti\/italiani-all-estero\/sicurezzasociale\/\">Pensioni e sicurezza sociale<\/a><\/p>\n<p style=\"text-align: justify;\"><strong>Informazioni utili:<\/strong><\/p>\n<p style=\"text-align: justify;\"><strong>Ultim&#8217;ora<\/strong>\u00a0(09\/03\/2023): PAGAMENTO DELLE PRESTAZIONI ALL&#8217;ESTERO: ACCERTAMENTO DELL&#8217;ESISTENZA IN VITA PER GLI ANNI 2023 e 2024.\u00a0<a href=\"https:\/\/ambvarsavia.esteri.it\/ambasciata_varsavia\/it\/ambasciata\/sala-stampa\/avvisi-e-informazioni\/2022\/01\/pagamento-delle-pensioni-inps-all_0.html\">Clicca qui per maggiori informazioni<\/a><\/p>\n<p style=\"text-align: justify;\"><strong>Attenzione:<\/strong><strong>\u00a0<\/strong>ai fini dell&#8217;accertamento dell&#8217;esistenza in vita da parte della Cancelleria consolare dell&#8217;Ambasciata a Varsavia, l\u2019accesso agli uffici \u00e8 consentito dal luned\u00ec al venerd\u00ec, tra le 9.00 e le 12.00, preferibilmente previo appuntamento da concordare via e-mail all&#8217;indirizzo\u00a0<a href=\"mailto:consolare.varsavia@esteri.it\">consolare.varsavia@esteri.it<\/a>.<\/p>\n<p style=\"text-align: justify;\">Si evidenzia tuttavia che, per i pensionati INPS residenti in Polonia e che abbiano ricevuto\u00a0l&#8217;apposito modulo inviato da Citibank,\u00a0<strong>\u00e8 confermata la possibilit\u00e0 di richiedere alla scrivente Ambasciata la possibilit\u00e0 di accertare l&#8217;esistenza in vita a distanza attraverso un sistema di videochiamata<\/strong>. Per usufruire di questo servizio, si prega di contattarci all&#8217;indirizzo di posta elettronica\u00a0<a href=\"mailto:consolare.varsavia@esteri.it\">consolare.varsavia@esteri.it<\/a>\u00a0 o, telefonicamente, al\u00a0<span class=\"baec5a81-e4d6-4674-97f3-e9220f0136c1\">+48 22 826 34 71<\/span>, dal luned\u00ec al gioved\u00ec tra le 14.30 e le 15.30.<\/p>\n","protected":false},"excerpt":{"rendered":"Pensioni e sicurezza sociale Informazioni utili: Ultim&#8217;ora\u00a0(09\/03\/2023): PAGAMENTO DELLE PRESTAZIONI ALL&#8217;ESTERO: ACCERTAMENTO DELL&#8217;ESISTENZA IN VITA PER GLI ANNI 2023 e 2024.\u00a0Clicca qui per maggiori informazioni Attenzione:\u00a0ai fini dell&#8217;accertamento dell&#8217;esistenza in vita da parte della Cancelleria consolare dell&#8217;Ambasciata a Varsavia, l\u2019accesso agli uffici \u00e8 consentito dal luned\u00ec al venerd\u00ec, tra le 9.00 e le 12.00, preferibilmente [&hellip;]","protected":false},"author":1,"featured_media":0,"parent":47,"menu_order":12,"comment_status":"closed","ping_status":"closed","template":"","meta":{"footnotes":""},"class_list":["post-72","page","type-page","status-publish","hentry"],"_links":{"self":[{"href":"https:\/\/ambvarsavia.esteri.it\/it\/wp-json\/wp\/v2\/pages\/72","targetHints":{"allow":["GET"]}}],"collection":[{"href":"https:\/\/ambvarsavia.esteri.it\/it\/wp-json\/wp\/v2\/pages"}],"about":[{"href":"https:\/\/ambvarsavia.esteri.it\/it\/wp-json\/wp\/v2\/types\/page"}],"author":[{"embeddable":true,"href":"https:\/\/ambvarsavia.esteri.it\/it\/wp-json\/wp\/v2\/users\/1"}],"replies":[{"embeddable":true,"href":"https:\/\/ambvarsavia.esteri.it\/it\/wp-json\/wp\/v2\/comments?post=72"}],"version-history":[{"count":0,"href":"https:\/\/ambvarsavia.esteri.it\/it\/wp-json\/wp\/v2\/pages\/72\/revisions"}],"up":[{"embeddable":true,"href":"https:\/\/ambvarsavia.esteri.it\/it\/wp-json\/wp\/v2\/pages\/47"}],"wp:attachment":[{"href":"https:\/\/ambvarsavia.esteri.it\/it\/wp-json\/wp\/v2\/media?parent=72"}],"curies":[{"name":"wp","href":"https:\/\/api.w.org\/{rel}","templated":true}]}}