{"id":575,"date":"2023-07-19T10:48:24","date_gmt":"2023-07-19T08:48:24","guid":{"rendered":"https:\/\/ambvarsavia.esteri.it\/?page_id=575"},"modified":"2023-07-19T10:52:39","modified_gmt":"2023-07-19T08:52:39","slug":"assistenza-e-promozione","status":"publish","type":"page","link":"https:\/\/ambvarsavia.esteri.it\/it\/italia-e-polonia\/diplomazia-economica\/fare-affari-in-polonia\/servizi-per-le-imprese\/assistenza-e-promozione\/","title":{"rendered":"Assistenza e promozione"},"content":{"rendered":"<div class=\"row\">\n<div class=\"col-md-17 col-sm-12 col-xs-24 share\">\n<div class=\"moduletable\">\n<div>\n<h4 class=\"addthis_toolbox addthis_default_style \"><a title=\"Vai al sito dell'ICE\" href=\"http:\/\/www.ice.it\/\"><strong>ICE<\/strong><\/a><\/h4>\n<\/div>\n<\/div>\n<\/div>\n<\/div>\n<h5 class=\"boxLevel03\"><strong>(Istituto nazionale per il Commercio Estero)<\/strong><\/h5>\n<ul>\n<li style=\"text-align: justify;\">Ente pubblico che ha il compito di sviluppare, agevolare e promuovere i rapporti economici e commerciali italiani con l&#8217;estero, con particolare attenzione alle esigenze delle piccole e medie imprese, dei loro consorzi e raggruppamenti; in stretta collaborazione con il Ministero delle Attivit\u00e0 Produttive elabora il Programma delle Attivit\u00e0 promozionali;<\/li>\n<li style=\"text-align: justify;\">organizza partecipazioni a fiere internazionali e iniziative per sviluppare contatti e business;<\/li>\n<li style=\"text-align: justify;\">organizza e gestisce seminari e incontri tra operatori, conduce ricerche di mercato, sviluppa azioni di comunicazione;<\/li>\n<li style=\"text-align: justify;\">svolge attivit\u00e0 di attrazione degli investimenti esteri in Italia, promuovendo all\u2019estero &#8211; per conto di agenzie di sviluppo locali &#8211; le opportunit\u00e0 in specifiche aree e realizzando azioni di comunicazione, in collaborazione con Sviluppo Italia.<\/li>\n<\/ul>\n<h4><a title=\"Vai al sito assocamereestero\" href=\"http:\/\/www.assocamerestero.it\/\"><strong>ASSOCAMERESTERO<\/strong><\/a><\/h4>\n<h5><strong>(Associazione delle Camere di Commercio Italiane all\u2019Estero)<\/strong><\/h5>\n<ul>\n<li style=\"text-align: justify;\">Associazione che rappresenta le esigenze e le potenzialit\u00e0 di servizio delle Camere di Commercio Italiane all\u2019estero (CCIE) e ricerca collaborazioni ed alleanze strategiche con soggetti ed enti pubblici e privati &#8211; italiani ed internazionali &#8211; per favorire la conoscenza e l\u2019utilizzo della rete delle CCIE;<\/li>\n<li style=\"text-align: justify;\">provvede alla redazione del Rapporto sulle Opportunit\u00e0 di Business, che prospetta le potenzialit\u00e0 delle CCIE quali fornitori di informazioni sulle opportunit\u00e0 d\u2019affari, settore per settore, esistenti nei paesi di operativit\u00e0 della rete;<\/li>\n<li style=\"text-align: justify;\">svolge attivit\u00e0 di assistenza progettuale e coordinamento degli sportelli per l\u2019internazionalizzazione delle Camere di Commercio Italiane all\u2019estero, di raccordo con il progetto di Unioncamere.<\/li>\n<\/ul>\n<h4><a title=\"Vai al sito nincamere\" href=\"http:\/\/www.unioncamere.it\/\"><strong>UNIONCAMERE<\/strong><\/a><\/h4>\n<h5><strong>(Unione italiana delle Camere di Commercio Industria e Artigianato)<\/strong><\/h5>\n<ul>\n<li style=\"text-align: justify;\">Unione che cura e rappresenta gli interessi generali delle Camere di Commercio, punto di riferimento per i settori produttivi, sia a livello locale sia nazionale ed internazionale;<\/li>\n<li style=\"text-align: justify;\">promuove, realizza e gestisce, direttamente o per il tramite di proprie aziende speciali, servizi e attivit\u00e0 d&#8217;interesse delle Camere di commercio e delle categorie economiche;<\/li>\n<li style=\"text-align: justify;\">punta a consolidare e sviluppare la collaborazione con la rete delle CCIE;<\/li>\n<li style=\"text-align: justify;\">facilita l&#8217;accesso, con tecnologie all&#8217;avanguardia, a iniziative e programmi comunitari, favorendo accordi internazionali per promuovere l&#8217;Italia nel mondo.<\/li>\n<\/ul>\n<h4><a title=\"Vai al sito dell'Enit\" href=\"http:\/\/www.enit.it\/\"><strong>ENIT<\/strong><\/a><\/h4>\n<h5><strong>(Ente Nazionale Italiano per il Turismo)<\/strong><\/h5>\n<ul>\n<li style=\"text-align: justify;\">Struttura istituzionale che provvede alla promozione turistica dell&#8217;Italia all&#8217;estero adottando iniziative per far conoscere all&#8217;estero le risorse turistiche nazionali e regionali e in particolare i valori naturali, ambientali, storici culturali ed artistici del nostro paese;<\/li>\n<li style=\"text-align: justify;\">provvede ad assistere e offrire servizi tecnici alle imprese turistiche italiane per la loro penetrazione commerciale sui mercati esteri;<\/li>\n<li style=\"text-align: justify;\">elabora studi sui mercati internazionali ed in particolare sulle tendenze della domanda turistica individuale ed organizzata;<\/li>\n<li style=\"text-align: justify;\">analizza l\u2019evoluzione della domanda turistica estera e pianifica strategie operative disegnate d&#8217;intesa con i protagonisti pubblici e privati del turismo italiano (Ministero delle Attivit\u00e0 Produttive, Ministero degli Affari Esteri, Regioni, Amministrazioni pubbliche, Enti e Associazioni di categoria e produttori di servizi turistici.<\/li>\n<\/ul>\n<h4><a href=\"http:\/\/www.mondimpresa.it\/\"><strong>Mondimpresa<\/strong><\/a><\/h4>\n<h5><strong>(Agenzia per la Mondializzazione dell\u2019impresa)<\/strong><\/h5>\n<ul>\n<li style=\"text-align: justify;\">Agenzia che promuove e sostiene i processi di mondializzazione, in particolare delle PMI &#8211; prevalentemente nel Mezzogiorno &#8211; attraverso un\u2019ampia e capillare rete in Italia, composta dalle diverse realt\u00e0 del Sistema italiano delle Camere di Commercio, della Confcommercio e della Confagricoltura;<\/li>\n<li style=\"text-align: justify;\">redige offerte e progetti per la partecipazione a gare e per attingere a finanziamenti della Pubblica Amministrazione e delle principali organizzazioni internazionali;<\/li>\n<li style=\"text-align: justify;\">organizza iniziative volte alla promozione del partenariato imprenditoriale transnazionale, sia a carattere settoriale sia multisettoriale;<\/li>\n<li style=\"text-align: justify;\">promuove gli investimenti esteri in Italia attraverso le opportune azioni informative sulla struttura del sistema imprenditoriale italiano e sulla legislazione a sostegno degli investimenti.<\/li>\n<\/ul>\n","protected":false},"excerpt":{"rendered":"ICE (Istituto nazionale per il Commercio Estero) Ente pubblico che ha il compito di sviluppare, agevolare e promuovere i rapporti economici e commerciali italiani con l&#8217;estero, con particolare attenzione alle esigenze delle piccole e medie imprese, dei loro consorzi e raggruppamenti; in stretta collaborazione con il Ministero delle Attivit\u00e0 Produttive elabora il Programma delle Attivit\u00e0 [&hellip;]","protected":false},"author":4,"featured_media":0,"parent":563,"menu_order":0,"comment_status":"closed","ping_status":"closed","template":"","meta":{"footnotes":""},"class_list":["post-575","page","type-page","status-publish","hentry"],"_links":{"self":[{"href":"https:\/\/ambvarsavia.esteri.it\/it\/wp-json\/wp\/v2\/pages\/575","targetHints":{"allow":["GET"]}}],"collection":[{"href":"https:\/\/ambvarsavia.esteri.it\/it\/wp-json\/wp\/v2\/pages"}],"about":[{"href":"https:\/\/ambvarsavia.esteri.it\/it\/wp-json\/wp\/v2\/types\/page"}],"author":[{"embeddable":true,"href":"https:\/\/ambvarsavia.esteri.it\/it\/wp-json\/wp\/v2\/users\/4"}],"replies":[{"embeddable":true,"href":"https:\/\/ambvarsavia.esteri.it\/it\/wp-json\/wp\/v2\/comments?post=575"}],"version-history":[{"count":0,"href":"https:\/\/ambvarsavia.esteri.it\/it\/wp-json\/wp\/v2\/pages\/575\/revisions"}],"up":[{"embeddable":true,"href":"https:\/\/ambvarsavia.esteri.it\/it\/wp-json\/wp\/v2\/pages\/563"}],"wp:attachment":[{"href":"https:\/\/ambvarsavia.esteri.it\/it\/wp-json\/wp\/v2\/media?parent=575"}],"curies":[{"name":"wp","href":"https:\/\/api.w.org\/{rel}","templated":true}]}}