{"id":42,"date":"2023-04-11T18:08:31","date_gmt":"2023-04-11T16:08:31","guid":{"rendered":"https:\/\/ambasciatapraga.esteri.it\/?page_id=42"},"modified":"2024-03-12T11:41:41","modified_gmt":"2024-03-12T10:41:41","slug":"la-rete-consolare","status":"publish","type":"page","link":"https:\/\/ambvarsavia.esteri.it\/it\/chi-siamo\/la-rete-consolare\/","title":{"rendered":"La Rete Consolare"},"content":{"rendered":"<h3 class=\"boxLevel03\"><span style=\"color: #000080;\"><strong>Cancelleria consolare presso l&#8217;Ambasciata d&#8217;Italia a Varsavia<\/strong><\/span><\/h3>\n<p style=\"text-align: justify;\"><iframe loading=\"lazy\" style=\"border: 0;\" src=\"https:\/\/www.google.com\/maps\/embed?pb=!1m18!1m12!1m3!1d2443.3387452414754!2d21.00752077691891!3d52.23723055712621!2m3!1f0!2f0!3f0!3m2!1i1024!2i768!4f13.1!3m3!1m2!1s0x471ecc8a84dc01fb%3A0x159a3deb17eb782c!2sPlac%20Jana%20Henryka%20D%C4%85browskiego%206%2C%2000-055%20Warszawa!5e0!3m2!1sit!2spl!4v1689864918495!5m2!1sit!2spl\" width=\"600\" height=\"450\" allowfullscreen=\"allowfullscreen\"><\/iframe><\/p>\n<p><!--more--><\/p>\n<p style=\"text-align: justify;\">Aperta al pubblico ogni giorno su appuntamento (per prenotare <a href=\"https:\/\/prenotami.esteri.it\/\">clicca qui<\/a>)\u00a0o per <a href=\"https:\/\/ambvarsavia.esteri.it\/it\/chi-siamo\/numeri-di-emergenza\/\">emergenze<\/a>, dal luned\u00ec al venerd\u00ec, dalle ore 9.00 alle ore 12.00; risponde per telefono esclusivamente, salvo casi di comprovata urgenza, luned\u00ec, mercoled\u00ec e gioved\u00ec dalle 14.00 alle 16.00.<\/p>\n<h5><strong>Linea diretta per informazioni di natura consolare:<\/strong><\/h5>\n<p>Tel.:\u00a0<strong>+<span class=\"baec5a81-e4d6-4674-97f3-e9220f0136c1\">48 22 826 34 71 \/ +48 22 826 34 72<\/span><\/strong><\/p>\n<p>Fax:<strong> +48 228 271 821<\/strong><\/p>\n<p style=\"text-align: justify;\">Si informa la gentile utenza che durante l\u2019orario di apertura al pubblico si potrebbero riscontrare tempi di attesa al telefono pi\u00f9 lunghi, in quanto gli operatori potrebbero essere occupati allo sportello.<\/p>\n<p style=\"text-align: justify;\">Si chiede ai connazionali di privilegiare le comunicazioni via e-mail:\u00a0<a href=\"mailto:consolare.varsavia@esteri.it\">consolare.varsavia@esteri.it<\/a><\/p>\n<p style=\"text-align: justify;\">Si comunica che la casella di posta elettronica\u00a0\u00a0<a href=\"mailto:amb.varsavia@cert.esteri.it\">amb.varsavia@cert.esteri.it<\/a> \u00e8 stata abilitata alla ricezione di mail provenienti esclusivamente da caselle di posta elettronica certificata.<\/p>\n<h5><strong>Orario di apertura al pubblico\u00a0della Cancelleria consolare:<\/strong><\/h5>\n<div class=\"responsive\">\n<table class=\"table table-bordered table-sm export-table\" border=\"0\">\n<tbody>\n<tr class=\"thead-light\">\n<td><\/td>\n<td><strong>mattina<\/strong><\/td>\n<td><strong>pomeriggio<\/strong><\/td>\n<\/tr>\n<tr>\n<td><strong>luned\u00ec<\/strong><\/td>\n<td><strong>dalle ore 9.00 alle ore 12.00<\/strong><\/td>\n<td><strong>CHIUSO<\/strong><\/td>\n<\/tr>\n<tr>\n<td><strong>marted\u00ec<\/strong><\/td>\n<td><strong>dalle ore 9.00 alle ore 12.00<\/strong><\/td>\n<td><strong>CHIUSO<\/strong><\/td>\n<\/tr>\n<tr>\n<td><strong>mercoled\u00ec<\/strong><\/td>\n<td><strong>dalle ore 9.00 alle ore 12.00<\/strong><\/td>\n<td><strong>CHIUSO<\/strong><\/td>\n<\/tr>\n<tr>\n<td><strong>gioved\u00ec<\/strong><\/td>\n<td><strong>dalle ore 9.00 alle ore 12.00<\/strong><\/td>\n<td><strong>CHIUSO<\/strong><\/td>\n<\/tr>\n<tr>\n<td><strong>venerd\u00ec<\/strong><\/td>\n<td><strong>dalle ore 9.00 alle ore 12.00<\/strong><\/td>\n<td><strong>CHIUSO<\/strong><\/td>\n<\/tr>\n<\/tbody>\n<\/table>\n<\/div>\n<h4><span style=\"color: #000080;\">Sezioni:<\/span><\/h4>\n<p class=\"boxLevel03\"><a href=\"mailto:amb.varsavia.pass@cert.esteri.it\"><!--more--><\/a><\/p>\n<p><strong>Sportello Cittadinanza<\/strong><\/p>\n<p style=\"padding-left: 40px;\">e-mail: <a href=\"mailto:cittadinanza.varsavia@esteri.it\">cittadinanza.varsavia@esteri.it<\/a><\/p>\n<p><!--more--><\/p>\n<p><strong>Sportello Visti<\/strong><\/p>\n<p style=\"padding-left: 40px;\">e-mail: <a href=\"mailto:visti.varsavia@esteri.it\">visti.varsavia@esteri.it<\/a><\/p>\n<p><!--more--><\/p>\n<p><strong>Sportello Stato civile e Anagrafe Consolare<\/strong><\/p>\n<p style=\"padding-left: 40px;\">e-mail: <a href=\"mailto:statocivile.varsavia@esteri.it\">statocivile.varsavia@esteri.it<\/a><\/p>\n<p style=\"padding-left: 40px;\">e-mail: <a href=\"mailto:anagrafe.varsavia@esteri.it\">anagrafe.varsavia@esteri.it<\/a><\/p>\n<p style=\"padding-left: 40px;\">PEC:\u00a0 \u00a0 <a href=\"mailto:amb.varsavia@cert.esteri.it\">amb.varsavia@cert.esteri.it<\/a><\/p>\n<p style=\"text-align: justify;\">Si comunica che la casella di posta elettronica\u00a0\u00a0<a href=\"mailto:amb.varsavia@cert.esteri.it\">amb.varsavia@cert.esteri.it<\/a> \u00e8 stata abilitata alla ricezione di mail provenienti esclusivamente da caselle di posta elettronica certificata.<\/p>\n<p><!--more--><\/p>\n<p style=\"text-align: justify;\"><strong>Sportello Passaporti:<\/strong><\/p>\n<p style=\"padding-left: 40px; text-align: justify;\">e-mail: <a href=\"mailto:passaporti.varsavia@esteri.it\">passaporti.varsavia@esteri.it<\/a><\/p>\n<p style=\"padding-left: 40px; text-align: justify;\">PEC:\u00a0 \u00a0 <a href=\"mailto:amb.varsavia.pass@cert.esteri.it\">amb.varsavia.pass@cert.esteri.it<\/a><\/p>\n<p style=\"text-align: justify;\">Si comunica che la casella di posta elettronica\u00a0\u00a0<a href=\"mailto:amb.varsavia.pass@cert.esteri.it\">amb.varsavia.pass@cert.esteri.it<\/a> \u00e8 stata abilitata alla ricezione di mail provenienti esclusivamente da caselle di posta elettronica certificata.<\/p>\n<p style=\"text-align: justify;\"><!--more--><\/p>\n<p style=\"text-align: justify;\"><strong>Sportello Assistenza Connazionali, Notarile, Navigazione<\/strong><\/p>\n<p style=\"padding-left: 40px; text-align: justify;\">e-mail: <a href=\"mailto:consolare.varsavia@esteri.it\">consolare.varsavia@esteri.it<\/a><\/p>\n<p style=\"padding-left: 40px; text-align: justify;\">e-mail: <a href=\"mailto:notarile.varsavia@esteri.it\">notarile.varsavia@esteri.it<\/a><\/p>\n<p style=\"text-align: justify;\"><!--more--><\/p>\n<h3 class=\"boxLevel03\" style=\"text-align: justify;\"><span style=\"color: #000080;\"><strong>La rete consolare onoraria italiana in Polonia<\/strong><\/span><\/h3>\n<p style=\"text-align: justify;\"><a href=\"https:\/\/goo.gl\/maps\/Y7UCBoxYKmjYTDMHA\"><strong>Wroc\u0142aw\/Breslavia<\/strong><\/a><br \/>\nConsole onorario:\u00a0<strong>Monika Przemys\u0142awa Kwiatosz<\/strong><br \/>\nIndirizzo della sede: Plac Kosciuszki 10\/1<br \/>\n50-028 Wroc\u0142aw<br \/>\nTel.:\u00a00048 795 413 015<br \/>\ne-mail:\u00a0<a href=\"mailto:wroclaw.onorario@esteri.it\">wroclaw.onorario@esteri.it<\/a>\u00a0(si prega di inserire sempre in copia\u00a0<a href=\"mailto:consolare.varsavia@esteri.it\">consolare.varsavia@esteri.it<\/a>)<\/p>\n<p style=\"text-align: justify;\">Decreto di limitazione di funzioni\u00a0(<a href=\"https:\/\/ambvarsavia.esteri.it\/wp-content\/uploads\/2023\/07\/decreto_mansioni_kwiatosz.pdf\">estratto<\/a>)<\/p>\n<p>&nbsp;<\/p>\n<p><strong><a href=\"https:\/\/goo.gl\/maps\/NG5WrvEi9TAnD7t1A\">Cracovia<\/a><br \/>\n<\/strong>Console onorario:\u00a0<strong>Katarzyna Likus<br \/>\n<\/strong>Indirizzo della sede: Rynek G\u0142\u00f3wny,12 &#8211; 31-042 Cracovia<br \/>\n(orario di apertura al pubblico: luned\u00ec e mercoled\u00ec dalle ore 11 alle ore 13)<br \/>\nTel. :\u00a0<span class=\"baec5a81-e4d6-4674-97f3-e9220f0136c1\">+48 12 617 02 08<\/span><br \/>\ne-mail:\u00a0<a href=\"mailto:cracovia.onorario@esteri.it\">cracovia.onorario@esteri.it<\/a>\u00a0(si prega di inserire sempre in copia\u00a0<a href=\"mailto:consolare.varsavia@esteri.it\">consolare.varsavia@esteri.it<\/a>)<\/p>\n<p>Decreto di limitazione di funzioni\u00a0(<a href=\"https:\/\/ambvarsavia.esteri.it\/wp-content\/uploads\/2023\/07\/estratto_dlf_likus_co_cracovia_polonia.pdf\">estratto<\/a>)<\/p>\n<p>&nbsp;<\/p>\n<p><a href=\"https:\/\/goo.gl\/maps\/MRHnociUtbtwDcmc6\"><strong>Gdynia<\/strong><\/a><br \/>\nConsole onorario:\u00a0<strong>Maurycy Wojciech Chodorowski<br \/>\n<\/strong>Indirizzo della sede: ul. Chopina 4, 81-407 Gdynia<br \/>\n(orario di apertura al pubblico: luned\u00ec e gioved\u00ec dalle 9.00 alle 11.00 previo appuntamento)<br \/>\nTel. :\u00a0 +<span class=\"baec5a81-e4d6-4674-97f3-e9220f0136c1\">48 516 707 610<a title=\"Chiama: +48 516 707 610\" href=\"https:\/\/flaviop31.sg-host.com\/ambasciata_varsavia\/it\/ambasciata\/la_rete_consolare#\"><img decoding=\"async\" title=\"Chiama: +48 516 707 610\" src=\"data:image\/png;base64,iVBORw0KGgoAAAANSUhEUgAAABAAAAAQCAYAAAAf8\/9hAAABcklEQVR4XpXTPUvDUBTH4aR2c2hBQXGpTiIORhBcBOvgYKf0Awi+4Ggr1MVPIIrYdnEpShddHIyLi6AVXVxsRRDRwbi4KNgu4lCIv8i\/i6QRDzycy+09555LqOl5nhEUptPoJe1iDHU8oYlrlDw79m4QEbSLPexzsIc8hDRm8YBjLpj4q8EgxQdab+MNd4ghhQ2adIc1+ORAFEnWWfTDRp7GDfImlsIavKALLuqoqMGUCs4wHtagiQ5uc8kDyCOBKlP1k78QNTOZnMXCQRxWsbjl6iuskV41SQG2Gj9rikvcR1WcgKFDBa1LOEUK56hqv8BUFV3SGWkVS9JQ6Dsv4wQ1DKMPORUvkm78BhdQMI1CTa5I0yrcwSFqFD+SZ7DQesIkCG5S\/JpkHYERQRmuNsrZ7Grc+Ef8\/Bcoslkfae8Wc7CUHZ++TuAEBj86pHntjaDKXllPy6PW\/gkKFaThwp\/K87N8hDcQTTKKFTioSxqB8Q2BNX5JtAljwgAAAABJRU5ErkJggg==\" alt=\"\" \/><\/a><\/span><br \/>\ne-mail:\u00a0<a href=\"mailto:gdynia.onorario@esteri.it\">gdynia.onorario@esteri.it<\/a>\u00a0(si prega di inserire sempre in copia\u00a0<a href=\"mailto:consolare.varsavia@esteri.it\">consolare.varsavia@esteri.it<\/a>)<\/p>\n<p>Decreto di limitazione di funzioni\u00a0\u00a0(<a href=\"https:\/\/ambvarsavia.esteri.it\/wp-content\/uploads\/2023\/07\/estratto_dlf_chodorowski_co_gdynia_polonia.pdf\">estratto<\/a>)<\/p>\n<p>&nbsp;<\/p>\n<p><a href=\"https:\/\/goo.gl\/maps\/ZWp36tnDbK8VJWGH8\"><strong>Lublino<\/strong><\/a><\/p>\n<p>Vice Console onorario:\u00a0<strong>Anna Grazyna\u00a0Kaczmarczyk<br \/>\n<\/strong>Indirizzo della sede: ul.\u00a0Krakowskie Przedmiescie\u00a058,\u00a020-002, Lublino<br \/>\n(orario di apertura al pubblico: marted\u00ec e gioved\u00ec dalle 11.00 alle 13.00 previo appuntamento)<br \/>\nTel. : +<span class=\"baec5a81-e4d6-4674-97f3-e9220f0136c1\">48 604 661 041\u00a0<\/span><strong><span class=\"baec5a81-e4d6-4674-97f3-e9220f0136c1\"><br \/>\n<\/span><\/strong><span class=\"baec5a81-e4d6-4674-97f3-e9220f0136c1\">e-mail:\u00a0<a href=\"mailto:lublino.onorario@esteri.it\">lublino.onorario@esteri.it<\/a>\u00a0(si prega di inserire sempre in copia\u00a0<a href=\"mailto:consolare.varsavia@esteri.it\">consolare.varsavia@esteri.it<\/a>)<\/span><\/p>\n<p>Decreto di limitazione di funzioni (<a href=\"https:\/\/ambvarsavia.esteri.it\/wp-content\/uploads\/2023\/07\/estratto_dlf_kaczmarczyk_vco_lublino_polonia.pdf\">estratto<\/a>)<\/p>\n<p>&nbsp;<\/p>\n<p><strong><a href=\"https:\/\/goo.gl\/maps\/uMNyTUjmSjGhmhKV7\">Pozna\u0144<\/a><br \/>\n<\/strong>Console onorario:\u00a0<strong>Karolina Wojciechowska Pinna<br \/>\n<\/strong>Indirizzo della sede: ul. Pozna\u0144ska 14A, 62-005 Owi\u0144ska (Pozna\u0144)<br \/>\n(orario di apertura al pubblico: il luned\u00ec e gioved\u00ec dalle 10.00 alle 12.00, altri giorni previo appuntamento telefonico)<br \/>\nTel.: +48 514 09 80 88<br \/>\nFax: +48 61 66 60 259<br \/>\ne-mail:\u00a0<a href=\"mailto:poznan.onorario@esteri.it\">poznan.onorario@esteri.it<\/a>\u00a0(si prega di inserire sempre in copia\u00a0<a href=\"mailto:consolare.varsavia@esteri.it\">consolare.varsavia@esteri.it<\/a>)<\/p>\n<p>Decreto di limitazione di funzioni\u00a0(<a href=\"https:\/\/ambvarsavia.esteri.it\/wp-content\/uploads\/2023\/07\/decreto_mansioni_pinna.pdf\">estratto<\/a>)<\/p>\n<p>&nbsp;<\/p>\n<p><a href=\"https:\/\/goo.gl\/maps\/KSLyXpRyjtvWHVBN8\"><strong>Stettino<\/strong><\/a><br \/>\nConsole onorario:\u00a0<strong>Angelo Rella<\/strong><br \/>\nIndirizzo della sede: Aleja Wojska Polskiego 65, 70-478 Szczecin<br \/>\n(orario di apertura al pubblico: marted\u00ec e gioved\u00ec dalle ore 10 alle ore 12)<br \/>\nTel.: +48 692 061 010<br \/>\nemail:\u00a0<a href=\"mailto:onorario.stettino@esteri.it\">stettino.onorario@esteri.it<\/a>\u00a0(si prega di inserire sempre in copia\u00a0<a href=\"mailto:consolare.varsavia@esteri.it\">consolare.varsavia@esteri.it<\/a>)<\/p>\n<p>Decreto di limitazione di funzioni\u00a0(<a href=\"https:\/\/ambvarsavia.esteri.it\/wp-content\/uploads\/2023\/07\/estratto_dlf_rella_co_stettino_polonia.pdf\">estratto<\/a>)<\/p>\n<p>&nbsp;<\/p>\n<p><strong>Corrispondenti consolari<\/strong><\/p>\n<p><a href=\"https:\/\/goo.gl\/maps\/JYidRvmPdya9Z71S8\"><strong>Bielsko-Biala<\/strong><\/a><br \/>\nCorrispondente consolare:\u00a0<strong>Riccardo Salmeri<\/strong><br \/>\nIndirizzo della sede: ul. Bohaterow Warszawy 26, Bielsko-Biala<br \/>\nTel.: +48 33 816 40 68<\/p>\n<p><strong><a href=\"https:\/\/www.google.pl\/maps\/place\/G%C5%82owackiego+8b\/@51.8037644,15.7132661,17z\/data=!3m1!4b1!4m6!3m5!1s0x470607cc3cee3fdf:0x3fbfde0ea3fa31bd!8m2!3d51.8037644!4d15.715841!16s%2Fg%2F11hzwc5k_j?entry=ttu\">Nowa S\u00f3l<\/a><\/strong><br \/>\nCorrispondente consolare:\u00a0<strong>Giulio Piantini<\/strong><br \/>\nIndirizzo: Ul. Glowaskiego 8B 67-100 Nowa S\u00f3l<br \/>\nTel.: +48 502 551 155<\/p>\n<p>&nbsp;<\/p>\n<p>&nbsp;<\/p>\n","protected":false},"excerpt":{"rendered":"Cancelleria consolare presso l&#8217;Ambasciata d&#8217;Italia a Varsavia","protected":false},"author":1,"featured_media":0,"parent":13,"menu_order":8,"comment_status":"closed","ping_status":"closed","template":"","meta":{"footnotes":""},"class_list":["post-42","page","type-page","status-publish","hentry"],"_links":{"self":[{"href":"https:\/\/ambvarsavia.esteri.it\/it\/wp-json\/wp\/v2\/pages\/42","targetHints":{"allow":["GET"]}}],"collection":[{"href":"https:\/\/ambvarsavia.esteri.it\/it\/wp-json\/wp\/v2\/pages"}],"about":[{"href":"https:\/\/ambvarsavia.esteri.it\/it\/wp-json\/wp\/v2\/types\/page"}],"author":[{"embeddable":true,"href":"https:\/\/ambvarsavia.esteri.it\/it\/wp-json\/wp\/v2\/users\/1"}],"replies":[{"embeddable":true,"href":"https:\/\/ambvarsavia.esteri.it\/it\/wp-json\/wp\/v2\/comments?post=42"}],"version-history":[{"count":6,"href":"https:\/\/ambvarsavia.esteri.it\/it\/wp-json\/wp\/v2\/pages\/42\/revisions"}],"predecessor-version":[{"id":2504,"href":"https:\/\/ambvarsavia.esteri.it\/it\/wp-json\/wp\/v2\/pages\/42\/revisions\/2504"}],"up":[{"embeddable":true,"href":"https:\/\/ambvarsavia.esteri.it\/it\/wp-json\/wp\/v2\/pages\/13"}],"wp:attachment":[{"href":"https:\/\/ambvarsavia.esteri.it\/it\/wp-json\/wp\/v2\/media?parent=42"}],"curies":[{"name":"wp","href":"https:\/\/api.w.org\/{rel}","templated":true}]}}