{"id":41,"date":"2023-04-11T18:07:19","date_gmt":"2023-04-11T16:07:19","guid":{"rendered":"https:\/\/ambasciatapraga.esteri.it\/?page_id=41"},"modified":"2023-08-03T13:32:55","modified_gmt":"2023-08-03T11:32:55","slug":"numeri-di-emergenza","status":"publish","type":"page","link":"https:\/\/ambvarsavia.esteri.it\/it\/chi-siamo\/numeri-di-emergenza\/","title":{"rendered":"Numeri di emergenza"},"content":{"rendered":"<header class=\"entry-header\">\n<h1 class=\"entry-title h3\"><\/h1>\n<\/header>\n<div class=\"entry-content\">\n<p style=\"text-align: justify;\">Per informazioni generali ed operative sulla sicurezza in POLONIA, consulta il sito dell\u2019Unit\u00e0 di crisi della Farnesina \u201c<a href=\"https:\/\/www.viaggiaresicuri.it\/find-country\/country\/POL\" target=\"_blank\" rel=\"noopener\"><strong>Viaggiare Sicuri<\/strong><\/a>\u201d.<\/p>\n<p style=\"text-align: center;\"><a href=\"https:\/\/www.viaggiaresicuri.it\/find-country\/country\/POL\"><img loading=\"lazy\" decoding=\"async\" class=\"img-fluid aligncenter wp-image-402 size-medium\" src=\"https:\/\/ambvarsavia.esteri.it\/wp-content\/uploads\/2023\/07\/a689cbf4-2a63-4137-9956-b24a8bea0881-768x432-1-300x169.jpg\" alt=\"\" width=\"300\" height=\"169\" srcset=\"https:\/\/ambvarsavia.esteri.it\/wp-content\/uploads\/2023\/07\/a689cbf4-2a63-4137-9956-b24a8bea0881-768x432-1-300x169.jpg 300w, https:\/\/ambvarsavia.esteri.it\/wp-content\/uploads\/2023\/07\/a689cbf4-2a63-4137-9956-b24a8bea0881-768x432-1.jpg 768w\" sizes=\"auto, (max-width: 300px) 100vw, 300px\" \/><\/a><\/p>\n<p style=\"text-align: justify;\">Se programmi un viaggio o risiedi in POLONIA, non dimenticare di registrarti al sito \u201c<a href=\"https:\/\/www.dovesiamonelmondo.it\/home.html\" target=\"_blank\" rel=\"noopener\"><strong>Dove siamo nel Mondo<\/strong><\/a>\u201d per essere rintracciato in caso di emergenza.<\/p>\n<p style=\"text-align: center;\"><a href=\"https:\/\/www.dovesiamonelmondo.it\/home.html\"><img loading=\"lazy\" decoding=\"async\" class=\"img-fluid aligncenter wp-image-405 \" src=\"https:\/\/ambvarsavia.esteri.it\/wp-content\/uploads\/2023\/07\/dsnm02_scelta-2-300x117.png\" alt=\"\" width=\"331\" height=\"129\" srcset=\"https:\/\/ambvarsavia.esteri.it\/wp-content\/uploads\/2023\/07\/dsnm02_scelta-2-300x117.png 300w, https:\/\/ambvarsavia.esteri.it\/wp-content\/uploads\/2023\/07\/dsnm02_scelta-2.png 341w\" sizes=\"auto, (max-width: 331px) 100vw, 331px\" \/><\/a><\/p>\n<p><!--more--><\/p>\n<p>&nbsp;<\/p>\n<p style=\"text-align: justify;\">In caso di emergenza si prega di chiamare\u00a0<strong>(lun-ven, ore 9:00 \u2013 16:00)<\/strong>:<\/p>\n<ul style=\"text-align: justify;\">\n<li><strong> +48 22 826 34 71<\/strong><\/li>\n<\/ul>\n<p style=\"text-align: justify;\"><span style=\"color: #ff0000;\"><strong>Solo per circostanziate situazioni di emergenza\u00a0che non possano essere rimandate al normale orario di apertura degli uffici (ad esempio: incidenti, arresti o situazioni potenziali di pericolo\u00a0di vita), sono\u00a0a disposizione dei cittadini italiani i seguenti numeri di reperibilita&#8217;:<\/strong><\/span><\/p>\n<ul>\n<li style=\"text-align: justify;\"><strong>+48 605 322 772<\/strong>\u00a0 \u00a0 \u00a0per la lingua italiana\u00a0 \u00a0<img loading=\"lazy\" decoding=\"async\" class=\" img-fluid alignnone wp-image-337\" src=\"https:\/\/ambvarsavia.esteri.it\/wp-content\/uploads\/2023\/07\/Flag_of_Italy.svg_.png\" alt=\"\" width=\"37\" height=\"25\" \/><\/li>\n<li style=\"text-align: justify;\"><strong>+48 601 316 529<\/strong>\u00a0 \u00a0 \u00a0per la lingua polacca\u00a0 \u00a0<img loading=\"lazy\" decoding=\"async\" class=\" img-fluid alignnone wp-image-336\" src=\"https:\/\/ambvarsavia.esteri.it\/wp-content\/uploads\/2023\/07\/polacca-300x200.jpg\" alt=\"\" width=\"38\" height=\"25\" srcset=\"https:\/\/ambvarsavia.esteri.it\/wp-content\/uploads\/2023\/07\/polacca-300x200.jpg 300w, https:\/\/ambvarsavia.esteri.it\/wp-content\/uploads\/2023\/07\/polacca-768x512.jpg 768w, https:\/\/ambvarsavia.esteri.it\/wp-content\/uploads\/2023\/07\/polacca.jpg 1024w\" sizes=\"auto, (max-width: 38px) 100vw, 38px\" \/><\/li>\n<\/ul>\n<p style=\"text-align: justify;\">I numeri sono attivi al di fuori dagli orari di apertura degli uffici fino alle ore 22 e nel fine-settimana dalle ore 8 alle 22.<\/p>\n<p style=\"text-align: justify;\">Nelle ore notturne:<\/p>\n<ul>\n<li><strong>+39 0636 91 26 66\u00a0<\/strong>(Funzionario di Turno del MAECI)<\/li>\n<\/ul>\n<p style=\"text-align: justify;\"><strong>Si ricorda che numeri indicati sono adibiti esclusivamente alla segnalazione di situazioni di grave e comprovata emergenza che richiedono interventi immediati e non differibili da parte del Ministero degli Esteri a tutela dei cittadini italiani all\u2019estero (quali:\u00a0incidenti,\u00a0arresti,\u00a0gravi problemi medici,\u00a0calamit\u00e0 naturali,\u00a0serie situazioni familiari).<\/strong><\/p>\n<p style=\"text-align: justify;\">I funzionari di turno non possono dare seguito a richieste generiche relative a pratiche amministrative quali, ad esempio: iscrizioni AIRE, stato civile, passaporti o carte d\u2019identit\u00e0, richieste cittadinanza, servizi notarili, ecc.<\/p>\n<p><b>NUMERI DI EMERGENZA IN POLONIA:<\/b><\/p>\n<ul>\n<li>Tel. Emergenze: 112<\/li>\n<li><a href=\"https:\/\/www.google.pl\/maps\/search\/Policji\/@52.2459586,20.9266376,13z\/data=!3m1!4b1?entry=ttu\">Polizia<\/a>: 997<\/li>\n<li><a href=\"https:\/\/www.google.pl\/maps\/search\/pronto+soccorso+warsaw\/@52.2316565,20.9012252,12z\/data=!3m1!4b1?entry=ttu\">Pronto soccorso<\/a>: 999<\/li>\n<li>Vigili del fuoco: 998<\/li>\n<\/ul>\n<p><strong>INFO UTILI:<\/strong><\/p>\n<ul>\n<li style=\"text-align: justify;\">Si invitano altres\u00ec i connazionali che viaggiano con un solo documento di identit\u00e0 di munirsi di copia dello stesso, da utilizzare durante il soggiorno in citt\u00e0. Si suggerisce parimenti di tenere i documenti di identificazione in luoghi diversi dai valori (contanti, carte bancomat e carte di credito, ecc.) e di non tenere questi ultimi tutti insieme.<\/li>\n<li style=\"text-align: justify;\">In caso di furto o di smarrimento di denaro contante e altri valori, si suggerisce di contattare immediatamente parenti o amici in Italia, chiedendo loro di inviare il denaro necessario per l\u2019emergenza tramite le agenzie di trasferimento denaro (<a href=\"https:\/\/www.westernunion.com\/it\/it\/home.html\">Western Union<\/a>, <a href=\"https:\/\/www.moneygram.com\/intl\/en\">Money Gram<\/a>, ecc.).<\/li>\n<\/ul>\n<p><strong>INDIRIZZI UTILI<\/strong><\/p>\n<p style=\"text-align: justify;\"><a href=\"https:\/\/www.esteri.it\/it\/ministero\/struttura\/laretediplomatica\/\" target=\"_blank\" rel=\"noopener\">Qui\u00a0<\/a>trovate l\u2019elenco e i recapiti di\u00a0<strong>tutti gli uffici consolari italiani all\u2019estero<\/strong>.<\/p>\n<\/div>\n<p>&nbsp;<\/p>\n","protected":false},"excerpt":{"rendered":"Per informazioni generali ed operative sulla sicurezza in POLONIA, consulta il sito dell\u2019Unit\u00e0 di crisi della Farnesina \u201cViaggiare Sicuri\u201d. Se programmi un viaggio o risiedi in POLONIA, non dimenticare di registrarti al sito \u201cDove siamo nel Mondo\u201d per essere rintracciato in caso di emergenza.","protected":false},"author":1,"featured_media":0,"parent":13,"menu_order":6,"comment_status":"closed","ping_status":"closed","template":"","meta":{"footnotes":""},"class_list":["post-41","page","type-page","status-publish","hentry"],"_links":{"self":[{"href":"https:\/\/ambvarsavia.esteri.it\/it\/wp-json\/wp\/v2\/pages\/41","targetHints":{"allow":["GET"]}}],"collection":[{"href":"https:\/\/ambvarsavia.esteri.it\/it\/wp-json\/wp\/v2\/pages"}],"about":[{"href":"https:\/\/ambvarsavia.esteri.it\/it\/wp-json\/wp\/v2\/types\/page"}],"author":[{"embeddable":true,"href":"https:\/\/ambvarsavia.esteri.it\/it\/wp-json\/wp\/v2\/users\/1"}],"replies":[{"embeddable":true,"href":"https:\/\/ambvarsavia.esteri.it\/it\/wp-json\/wp\/v2\/comments?post=41"}],"version-history":[{"count":0,"href":"https:\/\/ambvarsavia.esteri.it\/it\/wp-json\/wp\/v2\/pages\/41\/revisions"}],"up":[{"embeddable":true,"href":"https:\/\/ambvarsavia.esteri.it\/it\/wp-json\/wp\/v2\/pages\/13"}],"wp:attachment":[{"href":"https:\/\/ambvarsavia.esteri.it\/it\/wp-json\/wp\/v2\/media?parent=41"}],"curies":[{"name":"wp","href":"https:\/\/api.w.org\/{rel}","templated":true}]}}