{"id":3118,"date":"2024-10-21T14:07:44","date_gmt":"2024-10-21T12:07:44","guid":{"rendered":"https:\/\/ambvarsavia.esteri.it\/?page_id=3118"},"modified":"2024-10-21T14:20:18","modified_gmt":"2024-10-21T12:20:18","slug":"trascrizione-sentenza-di-divorzio","status":"publish","type":"page","link":"https:\/\/ambvarsavia.esteri.it\/it\/servizi-consolari-e-visti\/servizi-per-il-cittadino-italiano\/stato-civile\/trascrizione-sentenza-di-divorzio\/","title":{"rendered":"Trascrizione sentenza di divorzio"},"content":{"rendered":"<p>Ogni divorzio pronunciato da autorit\u00e0 straniere deve essere <strong>tempestivamente trascritto<\/strong> nei registri di stato civile italiani. A tal fine, occorre fare richiesta di trascrizione presso la Cancelleria Consolare di quest\u2019Ambasciata tenendo conto della data in cui il divorzio \u00e8 avvenuto:<\/p>\n<p>&nbsp;<\/p>\n<h5><strong>Sentenze di divorzio pronunciate dalla Polonia in merito ad azioni proposte dopo l\u201901\/08\/2022<\/strong><\/h5>\n<ol>\n<li>modulo di istanza disponibile sotto la voce &#8220;<a href=\"https:\/\/ambvarsavia.esteri.it\/it\/servizi-consolari-e-visti\/servizi-per-il-cittadino-italiano\/modulistica\/\">Modulistica<\/a>&#8220;;<\/li>\n<li>certificato di cui all\u2019art. 36 (Certificato concernente le decisioni in materia matrimoniale) del Regolamento UE n. 1111\/2019 del 25 giugno 2019, rilasciato dallo stesso tribunale che ha pronunciato la sentenza. <em>\u00a0<\/em><em>\/<\/em> <em>Za\u015bwiadczenie dotycz\u0105ce orzecze\u0144 w sprawach ma\u0142\u017ce\u0144skih na podst. art. 36 Rozporz\u0105dzenia UE 1111\/2019 \/.<\/em> Su richiesta dell\u2019interessato tale certificato pu\u00f2 essere rilasciato direttamente in lingua italiana;<\/li>\n<li>copia della sentenza in lingua polacca;<\/li>\n<li>fotocopia di un valido documento di riconoscimento.<\/li>\n<\/ol>\n<p>&nbsp;<\/p>\n<h5><strong>Sentenze di divorzio pronunciate dalla Polonia in merito ad azioni proposte dal 1\/05\/2004 al 31\/07\/2022<\/strong><\/h5>\n<ol>\n<li>modulo di istanza disponibile sotto la voce &#8220;<a href=\"https:\/\/ambvarsavia.esteri.it\/it\/servizi-consolari-e-visti\/servizi-per-il-cittadino-italiano\/modulistica\/\">Modulistica<\/a>&#8220;;<\/li>\n<li>certificato di cui all\u2019Art. 39 (Decisioni in materia matrimoniale) del Regolamento CE n. 2201\/2003 del 27 novembre 2003, rilasciato dallo stesso tribunale che ha pronunciato la sentenza <em>\/Za\u015bwiadczenie dotycz\u0105ce orzecze\u0144 w sprawach ma\u0142\u017ce\u0144skih na podst. art. 39 Rozporz\u0105dzenia WE 2201\/2003\/<\/em>. Su richiesta dell\u2019interessato tale certificato pu\u00f2 essere rilasciato direttamente in lingua italiana;<\/li>\n<li>copia della sentenza in lingua polacca;<\/li>\n<li>fotocopia di un documento valido di riconoscimento.<\/li>\n<\/ol>\n<p><strong>\u00a0<\/strong><\/p>\n<h5><strong>Sentenze di divorzio pronunciate in Polonia prima del 1.05.2004 <\/strong><\/h5>\n<ol>\n<li>modulo di istanza disponibile sotto la voce &#8220;<a href=\"https:\/\/ambvarsavia.esteri.it\/it\/servizi-consolari-e-visti\/servizi-per-il-cittadino-italiano\/modulistica\/\">Modulistica<\/a>&#8220;<\/li>\n<li>sentenza di divorzio con l\u2019attestazione del passaggio in giudicato;<\/li>\n<li>traduzione ufficiale della sentenza in lingua italiana;<\/li>\n<li>fotocopia di un valido documento di riconoscimento.<\/li>\n<\/ol>\n<p>&nbsp;<\/p>\n<h5><strong>COME PRESENTARE LA DOMANDA?<\/strong><\/h5>\n<p>La documentazione, <strong>in originale<\/strong> pu\u00f2 essere presentata:<\/p>\n<ul>\n<li>di persona, previo appuntamento per i servizi di stato civile prenotabile al seguente link <a href=\"https:\/\/prenotami.esteri.it\/\">https:\/\/prenotami.esteri.it\/<\/a><\/li>\n<li>tramite posta ordinaria indirizzata a questa Cancelleria Consolare all\u2019indirizzo <a href=\"https:\/\/www.google.com\/maps\/place\/data=!4m2!3m1!1s0x471ecc8a851a4ccf:0x7cd58d48109ea5e3?sa=X&amp;ved=1t:8290&amp;ictx=111\">Plac Jana Henryka D\u0105browskiego 6, 00-055 Warszawa<\/a><\/li>\n<\/ul>\n<p>&nbsp;<\/p>\n<h5><strong>ALLEGATI<\/strong><\/h5>\n<p>Tutti i moduli di richiesta si trovano sotto la voce \u201c<a href=\"https:\/\/ambvarsavia.esteri.it\/it\/servizi-consolari-e-visti\/servizi-per-il-cittadino-italiano\/modulistica\/\">Modulistica<\/a>\u201c.<\/p>\n","protected":false},"excerpt":{"rendered":"Ogni divorzio pronunciato da autorit\u00e0 straniere deve essere tempestivamente trascritto nei registri di stato civile italiani. A tal fine, occorre fare richiesta di trascrizione presso la Cancelleria Consolare di quest\u2019Ambasciata tenendo conto della data in cui il divorzio \u00e8 avvenuto: &nbsp; Sentenze di divorzio pronunciate dalla Polonia in merito ad azioni proposte dopo l\u201901\/08\/2022 modulo [&hellip;]","protected":false},"author":8,"featured_media":0,"parent":68,"menu_order":0,"comment_status":"closed","ping_status":"closed","template":"","meta":{"footnotes":""},"class_list":["post-3118","page","type-page","status-publish","hentry"],"_links":{"self":[{"href":"https:\/\/ambvarsavia.esteri.it\/it\/wp-json\/wp\/v2\/pages\/3118","targetHints":{"allow":["GET"]}}],"collection":[{"href":"https:\/\/ambvarsavia.esteri.it\/it\/wp-json\/wp\/v2\/pages"}],"about":[{"href":"https:\/\/ambvarsavia.esteri.it\/it\/wp-json\/wp\/v2\/types\/page"}],"author":[{"embeddable":true,"href":"https:\/\/ambvarsavia.esteri.it\/it\/wp-json\/wp\/v2\/users\/8"}],"replies":[{"embeddable":true,"href":"https:\/\/ambvarsavia.esteri.it\/it\/wp-json\/wp\/v2\/comments?post=3118"}],"version-history":[{"count":2,"href":"https:\/\/ambvarsavia.esteri.it\/it\/wp-json\/wp\/v2\/pages\/3118\/revisions"}],"predecessor-version":[{"id":3134,"href":"https:\/\/ambvarsavia.esteri.it\/it\/wp-json\/wp\/v2\/pages\/3118\/revisions\/3134"}],"up":[{"embeddable":true,"href":"https:\/\/ambvarsavia.esteri.it\/it\/wp-json\/wp\/v2\/pages\/68"}],"wp:attachment":[{"href":"https:\/\/ambvarsavia.esteri.it\/it\/wp-json\/wp\/v2\/media?parent=3118"}],"curies":[{"name":"wp","href":"https:\/\/api.w.org\/{rel}","templated":true}]}}