{"id":2200,"date":"2024-01-31T17:43:22","date_gmt":"2024-01-31T16:43:22","guid":{"rendered":"https:\/\/ambvarsavia.esteri.it\/?page_id=2200"},"modified":"2024-01-31T17:43:22","modified_gmt":"2024-01-31T16:43:22","slug":"la-presidenza-italiana-del-g7","status":"publish","type":"page","link":"https:\/\/ambvarsavia.esteri.it\/it\/chi-siamo\/la-sede\/presidenza-italiana-del-g7-2024\/la-presidenza-italiana-del-g7\/","title":{"rendered":"La Presidenza italiana del G7"},"content":{"rendered":"<p>Il 1\u00b0 gennaio 2024 l\u2019Italia ha assunto, per la settima volta, la Presidenza del G7: il gruppo che riunisce Italia, Canada, Francia, Germania, Giappone, Regno Unito, Stati Uniti d\u2019America. Il G7, al quale partecipa anche l\u2019Unione Europea, \u00e8 unito da valori e principi comuni e ricopre un ruolo insostituibile nella difesa della libert\u00e0 e della democrazia e nella gestione delle sfide globali.<\/p>\n<p>La Presidenza italiana durer\u00e0 fino al 31 dicembre 2024 e prevede un fitto programma di riunioni tecniche ed eventi istituzionali che si articoler\u00e0 lungo tutto il territorio nazionale. L\u2019appuntamento principale, il Vertice dei Leader del G7, si svolger\u00e0 dal 13 al 15 giugno in Puglia.<\/p>\n<p>Tra le priorit\u00e0 della Presidenza italiana vi sar\u00e0 la difesa del sistema internazionale basato sulla forza del diritto. La guerra d\u2019aggressione russa all\u2019Ucraina ne ha intaccato i principi e ha scatenato una crescente instabilit\u00e0, visibile nei diversi focolai di crisi. Altrettanto importante il conflitto in Medio Oriente, con le relative conseguenze sull\u2019agenda globale.<\/p>\n<p>Sar\u00e0 centrale il rapporto con le Nazioni in via di sviluppo e le economie emergenti. Prioritaria l\u2019attenzione nei confronti dell\u2019Africa. La sfida \u00e8 costruire un modello di partenariato vantaggioso per tutti, lontano da logiche paternalistiche o predatorie. Particolare riguardo sar\u00e0, inoltre, dedicato alla regione dell\u2019Indo-Pacifico.<\/p>\n<p>L\u2019Italia dedicher\u00e0 grande importanza alle questioni migratorie e porr\u00e0 all\u2019ordine del giorno alcune tra le principali sfide dei nostri tempi, tra cui il nesso clima-energia e la sicurezza alimentare. Il G7 ha la responsabilit\u00e0 e il dovere di individuare, insieme ai suoi partner globali, soluzioni innovative.<\/p>\n<p>Nel programma italiano trover\u00e0, inoltre, spazio l\u2019Intelligenza Artificiale. Tecnologia che pu\u00f2 generare grandi opportunit\u00e0 ma anche enormi rischi, oltre ad incidere sugli equilibri geopolitici. \u00c8 necessario sviluppare meccanismi di governance e fare in modo che l\u2019IA sia incentrata sull\u2019uomo e controllata dall\u2019uomo, dando applicazione concreta al concetto di algoretica.<\/p>\n","protected":false},"excerpt":{"rendered":"Il 1\u00b0 gennaio 2024 l\u2019Italia ha assunto, per la settima volta, la Presidenza del G7: il gruppo che riunisce Italia, Canada, Francia, Germania, Giappone, Regno Unito, Stati Uniti d\u2019America. Il G7, al quale partecipa anche l\u2019Unione Europea, \u00e8 unito da valori e principi comuni e ricopre un ruolo insostituibile nella difesa della libert\u00e0 e della [&hellip;]","protected":false},"author":4,"featured_media":0,"parent":2191,"menu_order":0,"comment_status":"closed","ping_status":"closed","template":"","meta":{"footnotes":""},"class_list":["post-2200","page","type-page","status-publish","hentry"],"_links":{"self":[{"href":"https:\/\/ambvarsavia.esteri.it\/it\/wp-json\/wp\/v2\/pages\/2200","targetHints":{"allow":["GET"]}}],"collection":[{"href":"https:\/\/ambvarsavia.esteri.it\/it\/wp-json\/wp\/v2\/pages"}],"about":[{"href":"https:\/\/ambvarsavia.esteri.it\/it\/wp-json\/wp\/v2\/types\/page"}],"author":[{"embeddable":true,"href":"https:\/\/ambvarsavia.esteri.it\/it\/wp-json\/wp\/v2\/users\/4"}],"replies":[{"embeddable":true,"href":"https:\/\/ambvarsavia.esteri.it\/it\/wp-json\/wp\/v2\/comments?post=2200"}],"version-history":[{"count":1,"href":"https:\/\/ambvarsavia.esteri.it\/it\/wp-json\/wp\/v2\/pages\/2200\/revisions"}],"predecessor-version":[{"id":2202,"href":"https:\/\/ambvarsavia.esteri.it\/it\/wp-json\/wp\/v2\/pages\/2200\/revisions\/2202"}],"up":[{"embeddable":true,"href":"https:\/\/ambvarsavia.esteri.it\/it\/wp-json\/wp\/v2\/pages\/2191"}],"wp:attachment":[{"href":"https:\/\/ambvarsavia.esteri.it\/it\/wp-json\/wp\/v2\/media?parent=2200"}],"curies":[{"name":"wp","href":"https:\/\/api.w.org\/{rel}","templated":true}]}}