{"id":15,"date":"2023-04-11T17:08:57","date_gmt":"2023-04-11T15:08:57","guid":{"rendered":"https:\/\/ambasciatapraga.esteri.it\/?page_id=15"},"modified":"2026-03-16T14:25:44","modified_gmt":"2026-03-16T13:25:44","slug":"servizi-consolari-e-visti","status":"publish","type":"page","link":"https:\/\/ambvarsavia.esteri.it\/it\/servizi-consolari-e-visti\/","title":{"rendered":"Servizi Consolari e Visti"},"content":{"rendered":"<p><!-- WRAPPER --><\/p>\n<div style=\"display: flex; flex-direction: column; gap: 12px; margin: 0; padding: 0; box-sizing: border-box; max-width: 1100px;\" role=\"region\" aria-label=\"Informazioni Consolari\">\n<p><!-- INDICE COMPATTO --><\/p>\n<nav style=\"border: 1px solid #e2e2e2; border-radius: 10px; padding: 10px 12px; background: #fff;\" aria-label=\"Indice\">\n<p style=\"margin: 0 0 6px 0; font-size: .96rem; line-height: 1.3;\"><strong>Si prega di leggere per intero la pagina.<\/strong> In essa troverai:<\/p>\n<ol style=\"margin: 6px 0 0 18px; padding: 0; font-size: .95rem; line-height: 1.35; columns: 2; column-gap: 24px;\">\n<li><a href=\"#apertura\">Orari di apertura al Pubblico<\/a><\/li>\n<li><a href=\"#appuntamento\">Modalit\u00e0 per richiedere appuntamento<\/a><\/li>\n<li><a href=\"#servizi\">Lista dei servizi erogati<\/a><\/li>\n<li><a href=\"#contatti\">Contatti utili (obbligo generalit\u00e0)<\/a><\/li>\n<li><a href=\"#info-importanti\">Informazioni importanti<\/a><\/li>\n<li><a href=\"#privacy\">Informativa dati personali<\/a><\/li>\n<\/ol>\n<\/nav>\n<p><!-- GRID 2 COLONNE --><\/p>\n<div style=\"display: flex; flex-wrap: wrap; gap: 12px; box-sizing: border-box;\">\n<p><!-- 1. Apertura --><\/p>\n<section id=\"apertura\" style=\"flex: 1 1 420px; border: 1px solid #e2e2e2; border-radius: 10px; padding: 12px; background: #fff;\" aria-labelledby=\"h-apertura\">\n<h2 id=\"h-apertura\" style=\"margin: 0 0 6px 0; font-size: 1.02rem; line-height: 1.2;\"><strong>1. Apertura al pubblico<\/strong><\/h2>\n<p style=\"margin: 0; font-size: .95rem; line-height: 1.4;\">luned\u00ec \u2013 venerd\u00ec 9:00\u201312:00 <strong>solo e esclusivamente su appuntamento.<\/strong><\/p>\n<p style=\"margin: 6px 0 0 0; font-size: .86rem; color: #666;\">\u2b91 <a style=\"text-decoration: none;\" href=\"#top\">Torna su<\/a><\/p>\n<\/section>\n<p><!-- 2. Appuntamento --><\/p>\n<section id=\"appuntamento\" style=\"flex: 1 1 420px; border: 1px solid #e2e2e2; border-radius: 10px; padding: 12px; background: #fff;\" aria-labelledby=\"h-appuntamento\">\n<h2 id=\"h-appuntamento\" style=\"margin: 0 0 6px 0; font-size: 1.02rem; line-height: 1.2;\"><strong>2. Appuntamento obbligatorio<\/strong><\/h2>\n<p style=\"margin: 4px 0; font-size: .95rem; line-height: 1.4;\">Prenotazione tramite <a href=\"https:\/\/prenotami.esteri.it\/\">Prenot@mi<\/a>.<\/p>\n<p style=\"margin: 4px 0; font-size: .95rem; line-height: 1.4;\">Iscrizioni AIRE su <a href=\"https:\/\/serviziconsolari.esteri.it\/ScoFE\/index.sco\">Fast It<\/a>.<\/p>\n<p style=\"margin: 6px 0 0 0; font-size: .86rem; color: #666;\">\u2b91 <a style=\"text-decoration: none;\" href=\"#top\">Torna su<\/a><\/p>\n<\/section>\n<p><!-- 3. Servizi --><\/p>\n<section id=\"servizi\" style=\"flex: 1 1 420px; border: 1px solid #e2e2e2; border-radius: 10px; padding: 12px; background: #fff;\" aria-labelledby=\"h-servizi\">\n<h2 id=\"h-servizi\" style=\"margin: 0 0 6px 0; font-size: 1.02rem; line-height: 1.2;\"><strong>3. Servizi erogati<\/strong><\/h2>\n<ul style=\"margin: 6px 0 0 18px; padding: 0; font-size: .95rem; line-height: 1.4;\">\n<li><a href=\"https:\/\/ambvarsavia.esteri.it\/it\/servizi-consolari-e-visti\/servizi-per-il-cittadino-italiano\/\">Servizi per cittadino italiano<\/a><\/li>\n<li><a href=\"https:\/\/ambvarsavia.esteri.it\/it\/servizi-consolari-e-visti\/servizi-per-il-cittadino-straniero\/\">Servizi per cittadino straniero<\/a><\/li>\n<li><a href=\"https:\/\/www.esteri.it\/it\/servizi-consolari-e-visti\/italiani-all-estero\/\">Elenco dettagliato dei servizi<\/a><br \/>\n<span style=\"display: inline-block; padding: .05rem .35rem; border-radius: .35rem; background: #f5f5f5; font-size: .8rem; margin-left: .35rem;\">MAECI<\/span><\/li>\n<\/ul>\n<p style=\"margin: 6px 0 0 0; font-size: .86rem; color: #666;\">\u2b91 <a style=\"text-decoration: none;\" href=\"#top\">Torna su<\/a><\/p>\n<\/section>\n<p><!-- 4. Contatti --><\/p>\n<section id=\"contatti\" style=\"flex: 1 1 420px; border: 1px solid #e2e2e2; border-radius: 10px; padding: 12px; background: #fff;\" aria-labelledby=\"h-contatti\">\n<h2 id=\"h-contatti\" style=\"margin: 0 0 6px 0; font-size: 1.02rem; line-height: 1.2;\"><strong>4. Contatto<\/strong><\/h2>\n<p style=\"margin: 4px 0; color: #666; font-size: .92rem;\">Privilegiare la posta elettronica rispetto al telefono.<\/p>\n<p style=\"margin: 6px 0 4px 0; font-size: .95rem;\"><span style=\"text-decoration: underline;\">Posta elettronica<\/span>:<\/p>\n<p><!-- ELENCO EMAIL IN DUE COLONNE --><\/p>\n<ul style=\"margin: 0; padding: 0 0 0 18px; font-size: .94rem; line-height: 1.35; columns: 2; column-gap: 24px;\">\n<li>Cancelleria \u2013 affari generali: <a href=\"mailto:ambvarsavia.consolare@esteri.it\">ambvarsavia.consolare@esteri.it<\/a><\/li>\n<li>Passaporti e CIE: <a href=\"mailto:ambvarsavia.passaporti@esteri.it\">ambvarsavia.passaporti@esteri.it<\/a><\/li>\n<li>Stato Civile: <a href=\"mailto:ambvarsavia.statocivile@esteri.it\">ambvarsavia.statocivile@esteri.it<\/a><\/li>\n<li>Anagrafe (AIRE): <a href=\"mailto:ambvarsavia.anagrafe@esteri.it\">ambvarsavia.anagrafe@esteri.it<\/a><\/li>\n<li>Codici Fiscali: <a href=\"mailto:varsavia.cfiscale@esteri.it\">varsavia.cfiscale@esteri.it<\/a><\/li>\n<li>Dichiarazioni di valore e studi: <a href=\"mailto:varsavia.ddv@esteri.it\">varsavia.ddv@esteri.it<\/a><\/li>\n<li>Notarile: <a href=\"mailto:ambvarsavia.notarile@esteri.it\">ambvarsavia.notarile@esteri.it<\/a><\/li>\n<li>Visti: <a href=\"mailto:ambvarsavia.visti@esteri.it\">ambvarsavia.visti@esteri.it<\/a><\/li>\n<li>Elettorale: <a href=\"mailto:ambvarsavia.varsavia@esteri.it\">ambvarsavia.varsavia@esteri.it<\/a><\/li>\n<li>Cittadinanze: <a href=\"mailto:varsavia.cittadinanza@esteri.it\">varsavia.cittadinanza@esteri.it<\/a><\/li>\n<\/ul>\n<p style=\"margin: 8px 0 4px 0; color: #666; font-size: .9rem;\">La corrispondenza deve contenere almeno nome e cognome. <strong>I messaggi anonimi non riceveranno risposta.<\/strong><\/p>\n<div style=\"display: flex; flex-wrap: wrap; gap: 8px 16px; font-size: .95rem; line-height: 1.35; margin-top: 6px;\">\n<p style=\"margin: 0;\"><strong>Telefono:<\/strong> +48 22 826 34 71<\/p>\n<p style=\"margin: 0;\"><strong>Orario telefonico:<\/strong> lun, mer, gio 14:00\u201316:00<\/p>\n<\/div>\n<div style=\"margin-top: 6px;\">\n<p style=\"margin: 0 0 4px 0; font-size: .95rem;\"><strong>Emergenze fuori orario<\/strong> (incidenti, ETD, arresti, pericolo di vita):<\/p>\n<ul style=\"margin: 0; padding: 0 0 0 18px; font-size: .94rem; line-height: 1.35;\">\n<li>In italiano: +48 605 322 772<\/li>\n<li>In polacco: +48 601 316 529<\/li>\n<\/ul>\n<\/div>\n<p style=\"margin: 8px 0 0 0; font-size: .86rem; color: #666;\">\u2b91 <a style=\"text-decoration: none;\" href=\"#top\">Torna su<\/a><\/p>\n<\/section>\n<p><!-- 5. Informazioni importanti --><\/p>\n<section id=\"info-importanti\" style=\"flex: 1 1 420px; border: 1px solid #e2e2e2; border-radius: 10px; padding: 12px; background: #fff;\" aria-labelledby=\"h-info\">\n<h2 id=\"h-info\" style=\"margin: 0 0 6px 0; font-size: 1.02rem; line-height: 1.2;\"><strong>5. Informazioni importanti<\/strong><\/h2>\n<ol style=\"margin: 6px 0 0 18px; padding: 0; font-size: .95rem; line-height: 1.4;\">\n<li><a href=\"https:\/\/ambvarsavia.esteri.it\/it\/servizi-consolari-e-visti\/servizi-per-il-cittadino-italiano\/albo-consolare-e-altri-servizi\/modulistica\/\">Modulistica<\/a><\/li>\n<li><a href=\"https:\/\/ambvarsavia.esteri.it\/wp-content\/uploads\/2026\/03\/TABELLA-PERCEZIONI-II-TRIMESTRE-2026.pdf\">TABELLA PERCEZIONI<\/a> (tariffario servizi consolari)<\/li>\n<\/ol>\n<p style=\"margin: 6px 0 0 0; font-size: .86rem; color: #666;\">\u2b91 <a style=\"text-decoration: none;\" href=\"#top\">Torna su<\/a><\/p>\n<\/section>\n<p><!-- 6. Privacy --><\/p>\n<section id=\"privacy\" style=\"flex: 1 1 420px; border: 1px solid #e2e2e2; border-radius: 10px; padding: 12px; background: #fff;\" aria-labelledby=\"h-privacy\">\n<h2 id=\"h-privacy\" style=\"margin: 0 0 6px 0; font-size: 1.02rem; line-height: 1.2;\"><strong>6. Informativa sul trattamento dei dati personali<\/strong><\/h2>\n<p style=\"margin: 4px 0; font-size: .95rem; line-height: 1.4;\"><a href=\"https:\/\/ambvarsavia.esteri.it\/wp-content\/uploads\/2023\/07\/informativa_tdp_per_servizi_consolari_ex_visti_e_cittadinanza__2023.pdf\">Clicca qui<\/a><br \/>\nper scaricare l\u2019Informativa sul trattamento dei dati personali ai fini dell\u2019erogazione dei servizi consolari<br \/>\n(escluso rilascio visti e pratiche di cittadinanza).<\/p>\n<p style=\"margin: 6px 0 0 0; font-size: .86rem; color: #666;\">\u2b91 <a style=\"text-decoration: none;\" href=\"#top\">Torna su<\/a><\/p>\n<\/section>\n<\/div>\n<\/div>\n","protected":false},"excerpt":{"rendered":"Si prega di leggere per intero la pagina. In essa troverai: Orari di apertura al Pubblico Modalit\u00e0 per richiedere appuntamento Lista dei servizi erogati Contatti utili (obbligo generalit\u00e0) Informazioni importanti Informativa dati personali 1. Apertura al pubblico luned\u00ec \u2013 venerd\u00ec 9:00\u201312:00 solo e esclusivamente su appuntamento. \u2b91 Torna su 2. Appuntamento obbligatorio Prenotazione tramite Prenot@mi. [&hellip;]","protected":false},"author":1,"featured_media":0,"parent":0,"menu_order":6,"comment_status":"closed","ping_status":"closed","template":"","meta":{"footnotes":""},"class_list":["post-15","page","type-page","status-publish","hentry"],"_links":{"self":[{"href":"https:\/\/ambvarsavia.esteri.it\/it\/wp-json\/wp\/v2\/pages\/15","targetHints":{"allow":["GET"]}}],"collection":[{"href":"https:\/\/ambvarsavia.esteri.it\/it\/wp-json\/wp\/v2\/pages"}],"about":[{"href":"https:\/\/ambvarsavia.esteri.it\/it\/wp-json\/wp\/v2\/types\/page"}],"author":[{"embeddable":true,"href":"https:\/\/ambvarsavia.esteri.it\/it\/wp-json\/wp\/v2\/users\/1"}],"replies":[{"embeddable":true,"href":"https:\/\/ambvarsavia.esteri.it\/it\/wp-json\/wp\/v2\/comments?post=15"}],"version-history":[{"count":9,"href":"https:\/\/ambvarsavia.esteri.it\/it\/wp-json\/wp\/v2\/pages\/15\/revisions"}],"predecessor-version":[{"id":4648,"href":"https:\/\/ambvarsavia.esteri.it\/it\/wp-json\/wp\/v2\/pages\/15\/revisions\/4648"}],"wp:attachment":[{"href":"https:\/\/ambvarsavia.esteri.it\/it\/wp-json\/wp\/v2\/media?parent=15"}],"curies":[{"name":"wp","href":"https:\/\/api.w.org\/{rel}","templated":true}]}}