{"id":1445,"date":"2023-08-03T16:58:33","date_gmt":"2023-08-03T14:58:33","guid":{"rendered":"https:\/\/ambvarsavia.esteri.it\/?page_id=1445"},"modified":"2023-08-03T17:06:50","modified_gmt":"2023-08-03T15:06:50","slug":"emergenza-coronavirus-covid-19","status":"publish","type":"page","link":"https:\/\/ambvarsavia.esteri.it\/it\/servizi-consolari-e-visti\/servizi-per-il-cittadino-italiano\/assistenza-ai-cittadini-allestero\/emergenza-coronavirus-covid-19\/","title":{"rendered":"Emergenza Coronavirus \u2013 COVID 19"},"content":{"rendered":"<p style=\"text-align: justify;\">Agg.to 07\/06\/2022<\/p>\n<p style=\"text-align: justify;\">Si prega di cliccare sui seguenti punti per maggiori informazioni relative alle singole questioni di interesse:<\/p>\n<p style=\"text-align: justify;\">1)\u00a0<a href=\"http:\/\/ambvarsavia.esteri.it\/ambasciata_varsavia\/it\/ambasciata\/sala-stampa\/avvisi-e-informazioni\/misure-relative-all-ingresso-in.html\"><strong>Ingresso in Polonia, quarantena e transiti<\/strong><\/a>\u00a0(aggiornato con le disposizioni entrate in vigore il 28 marzo e che aboliscono le restrizioni all&#8217;ingresso)<\/p>\n<p style=\"text-align: justify;\">2)\u00a0<a href=\"http:\/\/ambvarsavia.esteri.it\/ambasciata_varsavia\/it\/ambasciata\/sala-stampa\/avvisi-e-informazioni\/informazioni-relative-alle-possibilita.html\"><strong>Rientro in Italia<\/strong><\/a>\u00a0(a partire dal 1 giugno 2022 non \u00e8 pi\u00f9 richiesto il &#8220;Green Pass&#8221; o certificazione equivalente per fare ingresso in Italia)<\/p>\n<p style=\"text-align: justify;\">3)\u00a0<a href=\"http:\/\/ambvarsavia.esteri.it\/ambasciata_varsavia\/it\/ambasciata\/sala-stampa\/avvisi-e-informazioni\/misure-adottate-sul-territorio.html\"><strong>Misure in risposta all&#8217;emergenza COVID 19 adottate dalle Autorit\u00e0 polacche<\/strong><\/a>\u00a0 (aggiornato con novit\u00e0 in vigore dal\u00a028 marzo)<\/p>\n<p style=\"text-align: justify;\">4)\u00a0<a href=\"https:\/\/ambvarsavia.esteri.it\/ambasciata_varsavia\/it\/ambasciata\/sala-stampa\/avvisi-e-informazioni\/2021\/01\/programma-di-vaccinazione-contro.html\"><strong>Piano di vaccinazione contro il COVID 19 ed informazioni utili per gli italiani residenti in Polonia<\/strong><\/a>\u00a0, anche relativamente all&#8217;ottenimento della terza dose sul territorio polacco<\/p>\n<p style=\"text-align: justify;\">5)\u00a0<a href=\"http:\/\/ambvarsavia.esteri.it\/ambasciata_varsavia\/it\/ambasciata\/sala-stampa\/avvisi-e-informazioni\/emergenza-covid-19-ed-informazioni.html\"><strong>Altre informazioni utili sul territorio polacco<\/strong><\/a><\/p>\n<p style=\"text-align: justify;\">6)\u00a0<a href=\"http:\/\/ambvarsavia.esteri.it\/ambasciata_varsavia\/it\/ambasciata\/sala-stampa\/avvisi-e-informazioni\/erogazione-dei-servizi-consolari.html\"><strong>Servizi consolari erogati dall&#8217;Ambasciata d&#8217;Italia durante l&#8217;emergenza COVID 19<\/strong><\/a><\/p>\n<table border=\"0\">\n<tbody>\n<tr>\n<td style=\"text-align: justify;\"><strong><span style=\"color: #000000;\">Nota bene:\u00a0<span style=\"color: #ff0000;\">Sebbene la nuova normativa vada verso una semplificazione e un progressivo ripristino dei viaggi da\/per l\u2019estero, l\u2019emergenza sanitaria causata da COVID-19 nel mondo non \u00e8 conclusa.<\/span><\/span><\/strong><br \/>\n<span style=\"color: #ff0000;\"><strong>Tutti coloro che intendano recarsi all\u2019estero, indipendentemente dalla destinazione e dalle motivazioni del viaggio, devono ancora considerare che qualsiasi spostamento, in questo periodo, pu\u00f2 comportare un rischio di carattere sanitario, o comunque un rischio connesso all\u2019emergenza sanitaria causata da Covid-19 (ad esempio, cancellazione di voli).<\/strong><\/span><br \/>\n<span style=\"color: #ff0000;\"><strong>In particolare, nel caso in cui sia necessario sottoporsi a test molecolare o antigenico per l\u2019ingresso\/rientro in Italia, si rammenta che i viaggiatori devono prendere in considerazione la possibilit\u00e0 che il test dia un risultato positivo. In questo caso, non \u00e8 possibile viaggiare con mezzi commerciali e si \u00e8 soggetti alle procedure di quarantena e contenimento previste dal Paese in cui ci si trova.<\/strong><\/span><br \/>\n<span style=\"color: #ff0000;\"><strong>Tali procedure interessano, secondo la normativa locale, anche i cosiddetti \u201ccontatti\u201d con il soggetto positivo, che sono ugualmente sottoposti a quarantena\/isolamento dalle autorit\u00e0 locali e a cui non \u00e8 consentito spostarsi. Si raccomanda, pertanto, di pianificare con massima attenzione ogni aspetto del viaggio, contemplando anche la possibilit\u00e0 di dover trascorrere un periodo aggiuntivo all\u2019estero, nonch\u00e9 di dotarsi di un\u2019assicurazione sanitaria che copra anche i rischi connessi a COVID-19.<\/strong><\/span><\/td>\n<\/tr>\n<\/tbody>\n<\/table>\n<p style=\"text-align: justify;\">Si continua inoltre a raccomandare vivamente di attenersi alle raccomandazioni delle Autorit\u00e0 polacche e del nostro Ministero della Salute, adottando le seguenti misure di protezione personale finalizzare a contenere il diffondersi del virus:<\/p>\n<p style=\"text-align: justify;\">1) lavarsi spesso le mani con acqua e sapone o con soluzioni a base di alcol per eliminare il virus dalle mani;<\/p>\n<p style=\"text-align: justify;\">2) evitare contatti ravvicinati \u2013 almeno un metro \u2013 dalle altre persone e mantenere una certa distanza \u2013 almeno due metri \u2013 dalle persone quando tossiscono o starnutiscono o se hanno la febbre, perch\u00e9 il virus \u00e8 contenuto nelle goccioline di saliva e pu\u00f2 essere trasmesso col respiro a distanza ravvicinata;<\/p>\n<p style=\"text-align: justify;\">3) evitare di toccarsi occhi, naso e bocca con le mani;<\/p>\n<p style=\"text-align: justify;\">4) evitare luoghi affollati;<\/p>\n<p style=\"text-align: justify;\">5) evitare le strette di mano e gli abbracci fino a quando l\u2019emergenza non sar\u00e0 finita;<\/p>\n<p style=\"text-align: justify;\">6) coprire bocca e naso con fazzoletti monouso quando si starnutisce o tossisce. Altrimenti usare la piega del gomito;<\/p>\n<p style=\"text-align: justify;\">7) se si hanno sintomi simili all\u2019influenza restare a casa, non recarsi al pronto soccorso o presso gli studi medici, ma contattare l\u2019infolinea dedicata messa a disposizione dalle Autorit\u00e0 sanitarie polacche, raggiungibile al numero<strong>\u00a0800 190 590<\/strong>.<\/p>\n<p style=\"text-align: justify;\">Si ricorda infine che tutti gli aggiornamenti sull&#8217;evoluzione della situazione in Italia sono riportati sul sito web del <a href=\"https:\/\/www.salute.gov.it\/portale\/nuovocoronavirus\/dettaglioContenutiNuovoCoronavirus.jsp?lingua=italiano&amp;id=5411&amp;area=nuovoCoronavirus&amp;menu=vuoto\">Ministero della Salute<\/a>, che si invita a consultare costantemente, unitamente allo specifico focus per i viaggiatori pubblicato dall&#8217;<a href=\"https:\/\/www.viaggiaresicuri.it\/find-country\/country\/POL\">Unit\u00e0 di Crisi del Ministero degli Affari Esteri e della Cooperazione internazionale<\/a>.<\/p>\n","protected":false},"excerpt":{"rendered":"Agg.to 07\/06\/2022 Si prega di cliccare sui seguenti punti per maggiori informazioni relative alle singole questioni di interesse: 1)\u00a0Ingresso in Polonia, quarantena e transiti\u00a0(aggiornato con le disposizioni entrate in vigore il 28 marzo e che aboliscono le restrizioni all&#8217;ingresso) 2)\u00a0Rientro in Italia\u00a0(a partire dal 1 giugno 2022 non \u00e8 pi\u00f9 richiesto il &#8220;Green Pass&#8221; o [&hellip;]","protected":false},"author":4,"featured_media":0,"parent":69,"menu_order":0,"comment_status":"closed","ping_status":"closed","template":"","meta":{"footnotes":""},"class_list":["post-1445","page","type-page","status-publish","hentry"],"_links":{"self":[{"href":"https:\/\/ambvarsavia.esteri.it\/it\/wp-json\/wp\/v2\/pages\/1445","targetHints":{"allow":["GET"]}}],"collection":[{"href":"https:\/\/ambvarsavia.esteri.it\/it\/wp-json\/wp\/v2\/pages"}],"about":[{"href":"https:\/\/ambvarsavia.esteri.it\/it\/wp-json\/wp\/v2\/types\/page"}],"author":[{"embeddable":true,"href":"https:\/\/ambvarsavia.esteri.it\/it\/wp-json\/wp\/v2\/users\/4"}],"replies":[{"embeddable":true,"href":"https:\/\/ambvarsavia.esteri.it\/it\/wp-json\/wp\/v2\/comments?post=1445"}],"version-history":[{"count":0,"href":"https:\/\/ambvarsavia.esteri.it\/it\/wp-json\/wp\/v2\/pages\/1445\/revisions"}],"up":[{"embeddable":true,"href":"https:\/\/ambvarsavia.esteri.it\/it\/wp-json\/wp\/v2\/pages\/69"}],"wp:attachment":[{"href":"https:\/\/ambvarsavia.esteri.it\/it\/wp-json\/wp\/v2\/media?parent=1445"}],"curies":[{"name":"wp","href":"https:\/\/api.w.org\/{rel}","templated":true}]}}