{"id":1109,"date":"2023-07-25T16:53:42","date_gmt":"2023-07-25T14:53:42","guid":{"rendered":"https:\/\/ambvarsavia.esteri.it\/?page_id=1109"},"modified":"2025-07-14T10:24:16","modified_gmt":"2025-07-14T08:24:16","slug":"studi-e-dichiarazioni-di-valore","status":"publish","type":"page","link":"https:\/\/ambvarsavia.esteri.it\/it\/servizi-consolari-e-visti\/servizi-per-il-cittadino-italiano\/studi-e-dichiarazioni-di-valore\/","title":{"rendered":"Dichiarazioni di valore e studi"},"content":{"rendered":"<h5><strong>DICHIARAZIONE DI VALORE<\/strong> <strong>DEI CERTIFICATI SCOLASTICI, DIPLOMI DI MATURIT\u00c0 O TITOLI DI STUDIO UNIVERSITARI<\/strong><\/h5>\n<p style=\"text-align: justify;\">Coloro i quali hanno conseguito un titolo di studio all&#8217;estero hanno necessit\u00e0, al fine di accedere alle Universit\u00e0 italiane, di presentare la documentazione prescritta al fine di consentire alle competenti Autorit\u00e0 di valutare i titoli di studio ottenuti. In quest&#8217;ambito l\u2019Ufficio studenti di questa Ambasciata rilascia, ove necessario, la cosiddetta &#8220;Dichiarazione di valore in loco&#8221;.<\/p>\n<p>&nbsp;<\/p>\n<h5><strong><u>DOCUMENTAZIONE NECESSARIA<\/u><\/strong><\/h5>\n<h6><\/h6>\n<h6><strong style=\"font-size: 16px;\">Certificati\/diplomi<\/strong> <strong style=\"font-size: 16px;\">di scuola elementare, ginnasio, scuola media superiore o scuola postliceale<\/strong><\/h6>\n<p>Per il rilascio di una <em>dichiarazione di valore <\/em>di un certificato\/diploma di scuola elementare, ginnasio, scuola media superiore o scuola postliceale, emesso da un istituto polacco, occorre presentare:<\/p>\n<ol>\n<li>La traduzione del diploma effettuata presso un traduttore giurato di lingua italiana e legalizzata presso il Ministero degli Affari Esteri polacco tramite Apostille.<\/li>\n<li>Il diploma legalizzato tramite Apostille presso il Provveditorato agli Studi competente per il luogo di rilascio del diploma (<em>Kuratorium O\u015bwiaty<\/em>). <strong>Attenzione!<\/strong> I nuovi diplomi di maturit\u00e0 (<em>matura testowa<\/em>) e i certificati rilasciati a seguito di esami da privatista vengono legalizzati dal Presidente della Commissione Esaminatrice Distrettuale (<em>Okr\u0119gowa Komisja Egzaminacyjna<\/em>).<\/li>\n<li>Due fotocopie dei documenti di cui al punto 1 e al punto 2.<\/li>\n<li>Domanda di rilascio della <em>dichiarazione di valore <\/em>(disponibile nella sezione modulistica e scaricabile al seguente link <a href=\"https:\/\/ambvarsavia.esteri.it\/it\/servizi-consolari-e-visti\/servizi-per-il-cittadino-italiano\/albo-consolare-e-altri-servizi\/modulistica\/\">Modulistica \u2013 Ambasciata d&#8217;Italia Varsavia (esteri.it)<\/a> )<\/li>\n<li>Fotocopia di un documento di identit\u00e0 in corso di validit\u00e0.<\/li>\n<\/ol>\n<p>&nbsp;<\/p>\n<p><strong>Titoli di studio universitari<\/strong><\/p>\n<p>Per il rilascio di una <em>dichiarazione di valore<\/em> di un <strong>titolo universitario <\/strong>occorre presentare:<\/p>\n<ol>\n<li>La traduzione del titolo di studio effettuata presso un traduttore giurato di lingua italiana e legalizzata presso il Ministero degli Affari Esteri polacco tramite Apostille;<\/li>\n<li>Il titolo di studio legalizzato tramite Apostille:<\/li>\n<\/ol>\n<ul>\n<li style=\"list-style-type: none;\">\n<ul>\n<li>presso l\u2019Agenzia Nazionale per gli scambi Accademici (<em>Narodowa Agencja Wymiany Akademickiej)<\/em><\/li>\n<li>presso il Ministero della Cultura e del Patrimonio Nazionale (<em>Ministerstwo Kultury i Dziedzictwa Narodowego)<\/em> <u>per i soli titoli rilasciati da scuole artistiche.<\/u><\/li>\n<\/ul>\n<\/li>\n<\/ul>\n<ol start=\"3\">\n<li>Il \u201csupplemento\u201d al diploma o un attestato dell\u2019Universit\u00e0 relativo a:<\/li>\n<\/ol>\n<ul>\n<li style=\"list-style-type: none;\">\n<ul>\n<li>durata del corso di studi (numero di semestri\/anni)<\/li>\n<li>scala dei voti applicata dall\u2019Universit\u00e0 all\u2019epoca del conseguimento del diploma.<\/li>\n<li><strong>Attenzione!<\/strong> Se l\u2019interessato desidera che il supplemento venga allegato alla dichiarazione di valore occorrer\u00e0 tradurlo e legalizzarlo\u2019 cos\u00ec come fatto il titolo di studio.<\/li>\n<\/ul>\n<\/li>\n<\/ul>\n<ol start=\"4\">\n<li>Due fotocopie dei documenti di cui ai punti 1, 2 e 3<\/li>\n<li>Domanda di rilascio della dichiarazione di valore (disponibile nella sezione modulistica e scaricabile al seguente link <a href=\"https:\/\/ambvarsavia.esteri.it\/it\/servizi-consolari-e-visti\/servizi-per-il-cittadino-italiano\/albo-consolare-e-altri-servizi\/modulistica\/\">Modulistica \u2013 Ambasciata d&#8217;Italia Varsavia (esteri.it)<\/a> )<\/li>\n<li>Fotocopia di un documento di identit\u00e0 in corso di validit\u00e0.<\/li>\n<\/ol>\n<p>&nbsp;<\/p>\n<p><strong>Importante! <\/strong>In caso di <strong>traduzioni effettuate in Italia<\/strong>, queste ultime <span style=\"text-decoration: underline;\">non<\/span> necessitano di Apostille, in quanto vengono asseverate presso Tribunali italiani. L\u2019<strong>Apostille<\/strong> \u00e8 sempre e comunque necessaria sui titoli di studio originali redatti in lingua polacca.<\/p>\n<p>&nbsp;<\/p>\n<h5><strong><u>MODALITA\u2019 DI PRESENTAZIONE DELLA DOCUMENTAZIONE<\/u><\/strong><\/h5>\n<p>I titoli di studio tradotti e legalizzati come indicato sopra possono essere presentati:<\/p>\n<ul>\n<li>di persona presso la Cancelleria Consolare dell\u2019Ambasciata d\u2019Italia a Varsavia (Plac D\u0105browskiego 6, 00-055 Varsavia); prima di recarsi in Ambasciata \u00e8 necessario effettuare una prenotazione tramite l\u2019apposito applicativo <strong><a href=\"https:\/\/prenotami.esteri.it\/\">Prenot@mi<\/a><\/strong>,<\/li>\n<li>tramite posta o corriere all\u2019Ambasciata all\u2019indirizzo: Ambasciata d\u2019Italia Varsavia, Cancelleria Consolare, Plac D\u0105browskiego 6, 00-055 Varsavia.<\/li>\n<\/ul>\n<p><strong>\u00a0<\/strong>Il termine del procedimento per il rilascio della <em>dichiarazione di valore<\/em> \u00e8 fissato dalla legge in 30 giorni dalla data di presentazione della domanda.<\/p>\n<p>&nbsp;<\/p>\n<h5><strong><u>RITIRO DELLA DICHIARAZIONE DI VALORE<\/u><\/strong><strong>\u00a0<\/strong><\/h5>\n<p>La Dichiarazione di valore pu\u00f2 essere ritirata solo di persona allo sportello della Cancelleria Consolare, dal <strong>diretto interessato <\/strong>o da un<strong> terzo munito di delega dell\u2019interessato<\/strong>, a seguito della comunicazione di avvenuto rilascio da parte dell\u2019Ufficio competente.<\/p>\n<p>&nbsp;<\/p>\n<h5><strong><u>COSTI DELLA DICHIARAZIONE DI VALORE<\/u><\/strong><\/h5>\n<ul>\n<li>Per proseguire gli studi in Italia il servizio \u00e8 <strong>gratuito<\/strong> ai sensi dell\u2019art. 66, lettera C, del D. Lgs. 71 del 03.02.2011, a fronte della contestuale presentazione nella richiesta di dichiarazione di valore della<strong> conferma di iscrizione ad un corso di studi in Italia.<\/strong><\/li>\n<li>A fini pensionistici (INPS) il servizio \u00e8 <strong>gratuito<\/strong>.<\/li>\n<li><strong>A fini professionali il rilascio della DDV \u00e8 a pagamento.<\/strong> I costi del servizio sono indicati nella Tabella dei diritti consolari reperibile al seguente link: <a href=\"https:\/\/ambvarsavia.esteri.it\/it\/servizi-consolari-e-visti\/\">https:\/\/ambvarsavia.esteri.it\/it\/servizi-consolari-e-visti\/<\/a><\/li>\n<\/ul>\n<p>&nbsp;<\/p>\n<article id=\"articolo_centro\" class=\"col-md-15 col-sm-15 padding_articolo item-page\" role=\"main\" aria-label=\"articolo\">Per ulteriori dettagli si prega di scrivere a:<strong>\u00a0\u00a0<a href=\"mailto:varsavia.ddv@esteri.it\">varsavia.ddv@esteri.it<\/a><\/strong><\/article>\n<article role=\"main\" aria-label=\"articolo\"><\/article>\n<article role=\"main\" aria-label=\"articolo\"><\/article>\n<article role=\"main\" aria-label=\"articolo\"><\/article>\n<article role=\"main\" aria-label=\"articolo\"><\/article>\n","protected":false},"excerpt":{"rendered":"DICHIARAZIONE DI VALORE DEI CERTIFICATI SCOLASTICI, DIPLOMI DI MATURIT\u00c0 O TITOLI DI STUDIO UNIVERSITARI Coloro i quali hanno conseguito un titolo di studio all&#8217;estero hanno necessit\u00e0, al fine di accedere alle Universit\u00e0 italiane, di presentare la documentazione prescritta al fine di consentire alle competenti Autorit\u00e0 di valutare i titoli di studio ottenuti. In quest&#8217;ambito l\u2019Ufficio [&hellip;]","protected":false},"author":4,"featured_media":0,"parent":47,"menu_order":10,"comment_status":"closed","ping_status":"closed","template":"","meta":{"footnotes":""},"class_list":["post-1109","page","type-page","status-publish","hentry"],"_links":{"self":[{"href":"https:\/\/ambvarsavia.esteri.it\/it\/wp-json\/wp\/v2\/pages\/1109","targetHints":{"allow":["GET"]}}],"collection":[{"href":"https:\/\/ambvarsavia.esteri.it\/it\/wp-json\/wp\/v2\/pages"}],"about":[{"href":"https:\/\/ambvarsavia.esteri.it\/it\/wp-json\/wp\/v2\/types\/page"}],"author":[{"embeddable":true,"href":"https:\/\/ambvarsavia.esteri.it\/it\/wp-json\/wp\/v2\/users\/4"}],"replies":[{"embeddable":true,"href":"https:\/\/ambvarsavia.esteri.it\/it\/wp-json\/wp\/v2\/comments?post=1109"}],"version-history":[{"count":6,"href":"https:\/\/ambvarsavia.esteri.it\/it\/wp-json\/wp\/v2\/pages\/1109\/revisions"}],"predecessor-version":[{"id":3896,"href":"https:\/\/ambvarsavia.esteri.it\/it\/wp-json\/wp\/v2\/pages\/1109\/revisions\/3896"}],"up":[{"embeddable":true,"href":"https:\/\/ambvarsavia.esteri.it\/it\/wp-json\/wp\/v2\/pages\/47"}],"wp:attachment":[{"href":"https:\/\/ambvarsavia.esteri.it\/it\/wp-json\/wp\/v2\/media?parent=1109"}],"curies":[{"name":"wp","href":"https:\/\/api.w.org\/{rel}","templated":true}]}}